{"id":4936,"date":"2025-07-03T08:32:55","date_gmt":"2025-07-03T06:32:55","guid":{"rendered":"https:\/\/www.eshop.thermalpark.sk\/product\/3-oras-belepojegy-a-thermalparkba-felnott"},"modified":"2026-03-06T17:58:47","modified_gmt":"2026-03-06T15:58:47","slug":"3-oras-belepojegy-a-thermalparkba-felnott","status":"publish","type":"product","link":"https:\/\/www.eshop.thermalpark.sk\/hu\/termek\/3-oras-belepojegy-a-thermalparkba-felnott","title":{"rendered":"3 \u00f3r\u00e1s bel\u00e9p\u0151jegy a Thermalparkba &#8211; feln\u0151tt"},"content":{"rendered":"<p data-start=\"734\" data-end=\"950\">Ez a bel\u00e9p\u0151jegy <strong data-start=\"755\" data-end=\"815\">3 \u00f3r\u00e1s hozz\u00e1f\u00e9r\u00e9st biztos\u00edt a Thermalpark Dunajsk\u00e1 Streda f\u00fcrd\u0151ter\u00fclet\u00e9re<\/strong>.<br data-start=\"816\" data-end=\"819\" \/>A jegy <strong data-start=\"842\" data-end=\"863\">egy alkalommal t\u00f6rt\u00e9n\u0151 bel\u00e9p\u00e9sre<\/strong> jogos\u00edt, kiz\u00e1r\u00f3lag a f\u00fcrd\u0151 r\u00e9szen \u2013 <strong data-start=\"912\" data-end=\"949\">a szaunavil\u00e1g haszn\u00e1lat\u00e1t nem tartalmazza<\/strong>.<\/p>\n<p data-start=\"952\" data-end=\"1248\">A bel\u00e9p\u0151jegyek a <strong>v\u00e1s\u00e1rl\u00e1s napj\u00e1t\u00f3l sz\u00e1m\u00edtott 7 napon bel\u00fcl<\/strong> haszn\u00e1lhat\u00f3k fel. A bel\u00e9p\u0151jegyeket <strong>aktiv\u00e1lni kell<\/strong>\u00a0a Thermalpark f\u0151p\u00e9nzt\u00e1r\u00e1n\u00e1l tal\u00e1lhat\u00f3 \u00f6nkiszolg\u00e1l\u00f3 kioszkn\u00e1l.<br data-start=\"1083\" data-end=\"1086\" \/>A QR-k\u00f3d beolvas\u00e1sa ut\u00e1n a vend\u00e9g <strong data-start=\"1127\" data-end=\"1138\">kark\u00f6t\u0151t <\/strong>kap, amellyel bel\u00e9phet a kijel\u00f6lt turniketen, \u00e9s a bel\u00e9p\u00e9st\u0151l sz\u00e1m\u00edtott 3 \u00f3r\u00e1n kereszt\u00fcl haszn\u00e1lhatja a f\u00fcrd\u0151t.<\/p>\n<p data-start=\"354\" data-end=\"584\"><strong>STANDARD \u00c1R<\/strong> \u2013 H\u00e9tk\u00f6znapokon \u00e9rv\u00e9nyes a f\u0151 szezonon k\u00edv\u00fcl<\/p>\n<p data-start=\"354\" data-end=\"584\"><strong>TOP \u00c1R<\/strong> \u2013 H\u00e9tv\u00e9g\u00e9ken, \u00fcnnepnapokon \u00e9s a f\u0151 ny\u00e1ri szezonban \u00e9rv\u00e9nyes (06.16.\u201309.15.)<\/p>\n","protected":false},"excerpt":{"rendered":"<p>3 \u00f3r\u00e1s bel\u00e9p\u0151 a Dunajsk\u00e1 Streda Thermalparkba<\/p>\n","protected":false},"featured_media":4506,"template":"","meta":{"_uag_custom_page_level_css":"","site-sidebar-layout":"default","site-content-layout":"","ast-site-content-layout":"default","site-content-style":"default","site-sidebar-style":"default","ast-global-header-display":"","ast-banner-title-visibility":"","ast-main-header-display":"","ast-hfb-above-header-display":"","ast-hfb-below-header-display":"","ast-hfb-mobile-header-display":"","site-post-title":"","ast-breadcrumbs-content":"","ast-featured-img":"","footer-sml-layout":"","ast-disable-related-posts":"","theme-transparent-header-meta":"default","adv-header-id-meta":"","stick-header-meta":"default","header-above-stick-meta":"","header-main-stick-meta":"","header-below-stick-meta":"","astra-migrate-meta-layouts":"set","ast-page-background-enabled":"default","ast-page-background-meta":{"desktop":{"background-color":"var(--ast-global-color-5)","background-image":"","background-repeat":"repeat","background-position":"center center","background-size":"auto","background-attachment":"scroll","background-type":"","background-media":"","overlay-type":"","overlay-color":"","overlay-opacity":"","overlay-gradient":""},"tablet":{"background-color":"","background-image":"","background-repeat":"repeat","background-position":"center center","background-size":"auto","background-attachment":"scroll","background-type":"","background-media":"","overlay-type":"","overlay-color":"","overlay-opacity":"","overlay-gradient":""},"mobile":{"background-color":"","background-image":"","background-repeat":"repeat","background-position":"center center","background-size":"auto","background-attachment":"scroll","background-type":"","background-media":"","overlay-type":"","overlay-color":"","overlay-opacity":"","overlay-gradient":""}},"ast-content-background-meta":{"desktop":{"background-color":"var(--ast-global-color-4)","background-image":"","background-repeat":"repeat","background-position":"center center","background-size":"auto","background-attachment":"scroll","background-type":"","background-media":"","overlay-type":"","overlay-color":"","overlay-opacity":"","overlay-gradient":""},"tablet":{"background-color":"var(--ast-global-color-4)","background-image":"","background-repeat":"repeat","background-position":"center center","background-size":"auto","background-attachment":"scroll","background-type":"","background-media":"","overlay-type":"","overlay-color":"","overlay-opacity":"","overlay-gradient":""},"mobile":{"background-color":"var(--ast-global-color-4)","background-image":"","background-repeat":"repeat","background-position":"center center","background-size":"auto","background-attachment":"scroll","background-type":"","background-media":"","overlay-type":"","overlay-color":"","overlay-opacity":"","overlay-gradient":""}}},"product_brand":[],"product_cat":[44],"product_tag":[],"class_list":{"0":"post-4936","1":"product","2":"type-product","3":"status-publish","4":"has-post-thumbnail","6":"product_cat-belepok","7":"desktop-align-left","8":"tablet-align-left","9":"mobile-align-left","10":"ast-product-gallery-layout-horizontal-slider","11":"ast-product-gallery-with-no-image","12":"ast-product-single-variable","13":"ast-product-tabs-layout-horizontal","15":"first","16":"instock","17":"taxable","18":"shipping-taxable","19":"purchasable","20":"product-type-variable","21":"has-default-attributes"},"yoast_head":"<!-- This site is optimized with the Yoast SEO plugin v27.4 - https:\/\/yoast.com\/product\/yoast-seo-wordpress\/ -->\n<title>3 \u00f3r\u00e1s bel\u00e9p\u0151jegy a Thermalparkba - feln\u0151tt - THERMALPARK E-SHOP<\/title>\n<meta name=\"robots\" content=\"index, follow, max-snippet:-1, max-image-preview:large, max-video-preview:-1\" \/>\n<link rel=\"canonical\" href=\"https:\/\/www.eshop.thermalpark.sk\/hu\/termek\/3-oras-belepojegy-a-thermalparkba-felnott\" \/>\n<meta property=\"og:locale\" content=\"hu_HU\" \/>\n<meta property=\"og:type\" content=\"article\" \/>\n<meta property=\"og:title\" content=\"3 \u00f3r\u00e1s bel\u00e9p\u0151jegy a Thermalparkba - feln\u0151tt - THERMALPARK E-SHOP\" \/>\n<meta property=\"og:description\" content=\"3 \u00f3r\u00e1s bel\u00e9p\u0151 a Dunajsk\u00e1 Streda Thermalparkba\" \/>\n<meta property=\"og:url\" content=\"https:\/\/www.eshop.thermalpark.sk\/hu\/termek\/3-oras-belepojegy-a-thermalparkba-felnott\" \/>\n<meta property=\"og:site_name\" content=\"THERMALPARK E-SHOP\" \/>\n<meta property=\"article:publisher\" content=\"https:\/\/www.facebook.com\/ThermalparkDS\" \/>\n<meta property=\"article:modified_time\" content=\"2026-03-06T15:58:47+00:00\" \/>\n<meta property=\"og:image\" content=\"https:\/\/www.eshop.thermalpark.sk\/wp-content\/uploads\/2025\/07\/3oras_belepo.jpg\" \/>\n\t<meta property=\"og:image:width\" content=\"1920\" \/>\n\t<meta property=\"og:image:height\" content=\"1080\" \/>\n\t<meta property=\"og:image:type\" content=\"image\/jpeg\" \/>\n<meta name=\"twitter:card\" content=\"summary_large_image\" \/>\n<meta name=\"twitter:label1\" content=\"Becs\u00fclt olvas\u00e1si id\u0151\" \/>\n\t<meta name=\"twitter:data1\" content=\"1 perc\" \/>\n<script type=\"application\/ld+json\" class=\"yoast-schema-graph\">{\"@context\":\"https:\\\/\\\/schema.org\",\"@graph\":[{\"@type\":\"WebPage\",\"@id\":\"https:\\\/\\\/www.eshop.thermalpark.sk\\\/hu\\\/termek\\\/3-oras-belepojegy-a-thermalparkba-felnott\",\"url\":\"https:\\\/\\\/www.eshop.thermalpark.sk\\\/hu\\\/termek\\\/3-oras-belepojegy-a-thermalparkba-felnott\",\"name\":\"3 \u00f3r\u00e1s bel\u00e9p\u0151jegy a Thermalparkba - feln\u0151tt - THERMALPARK E-SHOP\",\"isPartOf\":{\"@id\":\"https:\\\/\\\/www.eshop.thermalpark.sk\\\/#website\"},\"primaryImageOfPage\":{\"@id\":\"https:\\\/\\\/www.eshop.thermalpark.sk\\\/hu\\\/termek\\\/3-oras-belepojegy-a-thermalparkba-felnott#primaryimage\"},\"image\":{\"@id\":\"https:\\\/\\\/www.eshop.thermalpark.sk\\\/hu\\\/termek\\\/3-oras-belepojegy-a-thermalparkba-felnott#primaryimage\"},\"thumbnailUrl\":\"https:\\\/\\\/www.eshop.thermalpark.sk\\\/wp-content\\\/uploads\\\/2025\\\/07\\\/3oras_belepo.jpg\",\"datePublished\":\"2025-07-03T06:32:55+00:00\",\"dateModified\":\"2026-03-06T15:58:47+00:00\",\"breadcrumb\":{\"@id\":\"https:\\\/\\\/www.eshop.thermalpark.sk\\\/hu\\\/termek\\\/3-oras-belepojegy-a-thermalparkba-felnott#breadcrumb\"},\"inLanguage\":\"hu\",\"potentialAction\":[{\"@type\":\"ReadAction\",\"target\":[\"https:\\\/\\\/www.eshop.thermalpark.sk\\\/hu\\\/termek\\\/3-oras-belepojegy-a-thermalparkba-felnott\"]}]},{\"@type\":\"ImageObject\",\"inLanguage\":\"hu\",\"@id\":\"https:\\\/\\\/www.eshop.thermalpark.sk\\\/hu\\\/termek\\\/3-oras-belepojegy-a-thermalparkba-felnott#primaryimage\",\"url\":\"https:\\\/\\\/www.eshop.thermalpark.sk\\\/wp-content\\\/uploads\\\/2025\\\/07\\\/3oras_belepo.jpg\",\"contentUrl\":\"https:\\\/\\\/www.eshop.thermalpark.sk\\\/wp-content\\\/uploads\\\/2025\\\/07\\\/3oras_belepo.jpg\",\"width\":1920,\"height\":1080},{\"@type\":\"BreadcrumbList\",\"@id\":\"https:\\\/\\\/www.eshop.thermalpark.sk\\\/hu\\\/termek\\\/3-oras-belepojegy-a-thermalparkba-felnott#breadcrumb\",\"itemListElement\":[{\"@type\":\"ListItem\",\"position\":1,\"name\":\"Domovsk\u00e1 str\u00e1nka\",\"item\":\"https:\\\/\\\/www.eshop.thermalpark.sk\\\/hu\"},{\"@type\":\"ListItem\",\"position\":2,\"name\":\"Bolt\",\"item\":\"https:\\\/\\\/www.eshop.thermalpark.sk\\\/hu\\\/shop\"},{\"@type\":\"ListItem\",\"position\":3,\"name\":\"3 \u00f3r\u00e1s bel\u00e9p\u0151jegy a Thermalparkba &#8211; feln\u0151tt\"}]},{\"@type\":\"WebSite\",\"@id\":\"https:\\\/\\\/www.eshop.thermalpark.sk\\\/#website\",\"url\":\"https:\\\/\\\/www.eshop.thermalpark.sk\\\/\",\"name\":\"THERMALPARK E-SHOP\",\"description\":\"\",\"publisher\":{\"@id\":\"https:\\\/\\\/www.eshop.thermalpark.sk\\\/#organization\"},\"potentialAction\":[{\"@type\":\"SearchAction\",\"target\":{\"@type\":\"EntryPoint\",\"urlTemplate\":\"https:\\\/\\\/www.eshop.thermalpark.sk\\\/?s={search_term_string}\"},\"query-input\":{\"@type\":\"PropertyValueSpecification\",\"valueRequired\":true,\"valueName\":\"search_term_string\"}}],\"inLanguage\":\"hu\"},{\"@type\":\"Organization\",\"@id\":\"https:\\\/\\\/www.eshop.thermalpark.sk\\\/#organization\",\"name\":\"THERMALPARK DS, a.s.\",\"url\":\"https:\\\/\\\/www.eshop.thermalpark.sk\\\/\",\"logo\":{\"@type\":\"ImageObject\",\"inLanguage\":\"hu\",\"@id\":\"https:\\\/\\\/www.eshop.thermalpark.sk\\\/#\\\/schema\\\/logo\\\/image\\\/\",\"url\":\"https:\\\/\\\/www.eshop.thermalpark.sk\\\/wp-content\\\/uploads\\\/2025\\\/03\\\/cropped-thermalpark-logo3.png\",\"contentUrl\":\"https:\\\/\\\/www.eshop.thermalpark.sk\\\/wp-content\\\/uploads\\\/2025\\\/03\\\/cropped-thermalpark-logo3.png\",\"width\":1567,\"height\":411,\"caption\":\"THERMALPARK DS, a.s.\"},\"image\":{\"@id\":\"https:\\\/\\\/www.eshop.thermalpark.sk\\\/#\\\/schema\\\/logo\\\/image\\\/\"},\"sameAs\":[\"https:\\\/\\\/www.facebook.com\\\/ThermalparkDS\"]}]}<\/script>\n<!-- \/ Yoast SEO plugin. -->","yoast_head_json":{"title":"3 \u00f3r\u00e1s bel\u00e9p\u0151jegy a Thermalparkba - feln\u0151tt - THERMALPARK E-SHOP","robots":{"index":"index","follow":"follow","max-snippet":"max-snippet:-1","max-image-preview":"max-image-preview:large","max-video-preview":"max-video-preview:-1"},"canonical":"https:\/\/www.eshop.thermalpark.sk\/hu\/termek\/3-oras-belepojegy-a-thermalparkba-felnott","og_locale":"hu_HU","og_type":"article","og_title":"3 \u00f3r\u00e1s bel\u00e9p\u0151jegy a Thermalparkba - feln\u0151tt - THERMALPARK E-SHOP","og_description":"3 \u00f3r\u00e1s bel\u00e9p\u0151 a Dunajsk\u00e1 Streda Thermalparkba","og_url":"https:\/\/www.eshop.thermalpark.sk\/hu\/termek\/3-oras-belepojegy-a-thermalparkba-felnott","og_site_name":"THERMALPARK E-SHOP","article_publisher":"https:\/\/www.facebook.com\/ThermalparkDS","article_modified_time":"2026-03-06T15:58:47+00:00","og_image":[{"width":1920,"height":1080,"url":"https:\/\/www.eshop.thermalpark.sk\/wp-content\/uploads\/2025\/07\/3oras_belepo.jpg","type":"image\/jpeg"}],"twitter_card":"summary_large_image","twitter_misc":{"Becs\u00fclt olvas\u00e1si id\u0151":"1 perc"},"schema":{"@context":"https:\/\/schema.org","@graph":[{"@type":"WebPage","@id":"https:\/\/www.eshop.thermalpark.sk\/hu\/termek\/3-oras-belepojegy-a-thermalparkba-felnott","url":"https:\/\/www.eshop.thermalpark.sk\/hu\/termek\/3-oras-belepojegy-a-thermalparkba-felnott","name":"3 \u00f3r\u00e1s bel\u00e9p\u0151jegy a Thermalparkba - feln\u0151tt - THERMALPARK E-SHOP","isPartOf":{"@id":"https:\/\/www.eshop.thermalpark.sk\/#website"},"primaryImageOfPage":{"@id":"https:\/\/www.eshop.thermalpark.sk\/hu\/termek\/3-oras-belepojegy-a-thermalparkba-felnott#primaryimage"},"image":{"@id":"https:\/\/www.eshop.thermalpark.sk\/hu\/termek\/3-oras-belepojegy-a-thermalparkba-felnott#primaryimage"},"thumbnailUrl":"https:\/\/www.eshop.thermalpark.sk\/wp-content\/uploads\/2025\/07\/3oras_belepo.jpg","datePublished":"2025-07-03T06:32:55+00:00","dateModified":"2026-03-06T15:58:47+00:00","breadcrumb":{"@id":"https:\/\/www.eshop.thermalpark.sk\/hu\/termek\/3-oras-belepojegy-a-thermalparkba-felnott#breadcrumb"},"inLanguage":"hu","potentialAction":[{"@type":"ReadAction","target":["https:\/\/www.eshop.thermalpark.sk\/hu\/termek\/3-oras-belepojegy-a-thermalparkba-felnott"]}]},{"@type":"ImageObject","inLanguage":"hu","@id":"https:\/\/www.eshop.thermalpark.sk\/hu\/termek\/3-oras-belepojegy-a-thermalparkba-felnott#primaryimage","url":"https:\/\/www.eshop.thermalpark.sk\/wp-content\/uploads\/2025\/07\/3oras_belepo.jpg","contentUrl":"https:\/\/www.eshop.thermalpark.sk\/wp-content\/uploads\/2025\/07\/3oras_belepo.jpg","width":1920,"height":1080},{"@type":"BreadcrumbList","@id":"https:\/\/www.eshop.thermalpark.sk\/hu\/termek\/3-oras-belepojegy-a-thermalparkba-felnott#breadcrumb","itemListElement":[{"@type":"ListItem","position":1,"name":"Domovsk\u00e1 str\u00e1nka","item":"https:\/\/www.eshop.thermalpark.sk\/hu"},{"@type":"ListItem","position":2,"name":"Bolt","item":"https:\/\/www.eshop.thermalpark.sk\/hu\/shop"},{"@type":"ListItem","position":3,"name":"3 \u00f3r\u00e1s bel\u00e9p\u0151jegy a Thermalparkba &#8211; feln\u0151tt"}]},{"@type":"WebSite","@id":"https:\/\/www.eshop.thermalpark.sk\/#website","url":"https:\/\/www.eshop.thermalpark.sk\/","name":"THERMALPARK E-SHOP","description":"","publisher":{"@id":"https:\/\/www.eshop.thermalpark.sk\/#organization"},"potentialAction":[{"@type":"SearchAction","target":{"@type":"EntryPoint","urlTemplate":"https:\/\/www.eshop.thermalpark.sk\/?s={search_term_string}"},"query-input":{"@type":"PropertyValueSpecification","valueRequired":true,"valueName":"search_term_string"}}],"inLanguage":"hu"},{"@type":"Organization","@id":"https:\/\/www.eshop.thermalpark.sk\/#organization","name":"THERMALPARK DS, a.s.","url":"https:\/\/www.eshop.thermalpark.sk\/","logo":{"@type":"ImageObject","inLanguage":"hu","@id":"https:\/\/www.eshop.thermalpark.sk\/#\/schema\/logo\/image\/","url":"https:\/\/www.eshop.thermalpark.sk\/wp-content\/uploads\/2025\/03\/cropped-thermalpark-logo3.png","contentUrl":"https:\/\/www.eshop.thermalpark.sk\/wp-content\/uploads\/2025\/03\/cropped-thermalpark-logo3.png","width":1567,"height":411,"caption":"THERMALPARK DS, a.s."},"image":{"@id":"https:\/\/www.eshop.thermalpark.sk\/#\/schema\/logo\/image\/"},"sameAs":["https:\/\/www.facebook.com\/ThermalparkDS"]}]}},"spectra_custom_meta":{"_backorders":["no"],"_download_limit":["-1"],"_download_expiry":["-1"],"_downloadable":["no"],"_manage_stock":["no"],"_sku":["80211"],"_stock_status":["instock"],"_sold_individually":["no"],"_tax_class":[""],"_tax_status":["taxable"],"_virtual":["no"],"total_sales":["1054"],"_price":["12","14"],"_wpml_media_duplicate":["1"],"_wpml_media_featured":["1"],"stick-header-meta":["default"],"site-sidebar-layout":["default"],"theme-transparent-header-meta":["default"],"ast-site-content-layout":["default"],"site-content-style":["default"],"site-sidebar-style":["default"],"_yoast_wpseo_primary_product_cat":[""],"_top_nav_excluded":[""],"_cms_nav_minihome":[""],"_thumbnail_id":["4506"],"_product_image_gallery":[""],"_last_translation_edit_mode":["native-editor"],"_wpml_word_count":["151"],"_edit_lock":["1772812661:2"],"_edit_last":["1"],"_wcml_average_rating":[null],"_wcml_review_count":[null],"_wcml_rating_count":[null],"_stock":[null],"_wc_average_rating":[0],"_wc_review_count":["0"],"_product_version":["10.5.2"],"_product_attributes":["a:1:{s:19:\"pa_obdobie_vyuzitia\";a:6:{s:4:\"name\";s:19:\"pa_obdobie_vyuzitia\";s:5:\"value\";s:0:\"\";s:8:\"position\";i:0;s:10:\"is_visible\";i:0;s:12:\"is_variation\";i:1;s:11:\"is_taxonomy\";i:1;}}"],"_yoast_wpseo_primary_product_brand":[""],"_yoast_wpseo_content_score":["60"],"_yoast_wpseo_estimated-reading-time-minutes":["1"],"_default_attributes":["a:1:{s:19:\"pa_obdobie_vyuzitia\";s:3:\"top\";}"],"astra-migrate-meta-layouts":["set"],"_uag_page_assets":["a:9:{s:3:\"css\";s:0:\"\";s:2:\"js\";s:0:\"\";s:18:\"current_block_list\";a:8:{i:0;s:11:\"core\/search\";i:1;s:10:\"core\/group\";i:2;s:12:\"core\/heading\";i:3;s:17:\"core\/latest-posts\";i:4;s:20:\"core\/latest-comments\";i:5;s:13:\"core\/archives\";i:6;s:15:\"core\/categories\";i:7;s:14:\"core\/paragraph\";}s:8:\"uag_flag\";b:0;s:11:\"uag_version\";s:10:\"1778240784\";s:6:\"gfonts\";a:0:{}s:10:\"gfonts_url\";s:0:\"\";s:12:\"gfonts_files\";a:0:{}s:14:\"uag_faq_layout\";b:0;}"],"_wc_rating_count":[""]},"uagb_featured_image_src":{"full":["https:\/\/www.eshop.thermalpark.sk\/wp-content\/uploads\/2025\/07\/3oras_belepo.jpg",1920,1080,false],"thumbnail":["https:\/\/www.eshop.thermalpark.sk\/wp-content\/uploads\/2025\/07\/3oras_belepo-150x150.jpg",150,150,true],"medium":["https:\/\/www.eshop.thermalpark.sk\/wp-content\/uploads\/2025\/07\/3oras_belepo-300x169.jpg",300,169,true],"medium_large":["https:\/\/www.eshop.thermalpark.sk\/wp-content\/uploads\/2025\/07\/3oras_belepo-768x432.jpg",768,432,true],"large":["https:\/\/www.eshop.thermalpark.sk\/wp-content\/uploads\/2025\/07\/3oras_belepo-1024x576.jpg",1024,576,true],"1536x1536":["https:\/\/www.eshop.thermalpark.sk\/wp-content\/uploads\/2025\/07\/3oras_belepo-1536x864.jpg",1536,864,true],"2048x2048":["https:\/\/www.eshop.thermalpark.sk\/wp-content\/uploads\/2025\/07\/3oras_belepo.jpg",1920,1080,false],"woocommerce_thumbnail":["https:\/\/www.eshop.thermalpark.sk\/wp-content\/uploads\/2025\/07\/3oras_belepo-1080x608.jpg",1080,608,true],"woocommerce_single":["https:\/\/www.eshop.thermalpark.sk\/wp-content\/uploads\/2025\/07\/3oras_belepo-1080x608.jpg",1080,608,true],"woocommerce_gallery_thumbnail":["https:\/\/www.eshop.thermalpark.sk\/wp-content\/uploads\/2025\/07\/3oras_belepo-100x100.jpg",100,100,true]},"uagb_author_info":{"display_name":"blaho.andras","author_link":"https:\/\/www.eshop.thermalpark.sk\/hu\/archives\/author"},"uagb_comment_info":0,"uagb_excerpt":"3 \u00f3r\u00e1s bel\u00e9p\u0151 a Dunajsk\u00e1 Streda Thermalparkba","_links":{"self":[{"href":"https:\/\/www.eshop.thermalpark.sk\/hu\/wp-json\/wp\/v2\/product\/4936","targetHints":{"allow":["GET"]}}],"collection":[{"href":"https:\/\/www.eshop.thermalpark.sk\/hu\/wp-json\/wp\/v2\/product"}],"about":[{"href":"https:\/\/www.eshop.thermalpark.sk\/hu\/wp-json\/wp\/v2\/types\/product"}],"wp:featuredmedia":[{"embeddable":true,"href":"https:\/\/www.eshop.thermalpark.sk\/hu\/wp-json\/wp\/v2\/media\/4506"}],"wp:attachment":[{"href":"https:\/\/www.eshop.thermalpark.sk\/hu\/wp-json\/wp\/v2\/media?parent=4936"}],"wp:term":[{"taxonomy":"product_brand","embeddable":true,"href":"https:\/\/www.eshop.thermalpark.sk\/hu\/wp-json\/wp\/v2\/product_brand?post=4936"},{"taxonomy":"product_cat","embeddable":true,"href":"https:\/\/www.eshop.thermalpark.sk\/hu\/wp-json\/wp\/v2\/product_cat?post=4936"},{"taxonomy":"product_tag","embeddable":true,"href":"https:\/\/www.eshop.thermalpark.sk\/hu\/wp-json\/wp\/v2\/product_tag?post=4936"}],"curies":[{"name":"wp","href":"https:\/\/api.w.org\/{rel}","templated":true}]}}