{"id":4804,"date":"2025-11-25T16:12:36","date_gmt":"2025-11-25T14:12:36","guid":{"rendered":"https:\/\/www.eshop.thermalpark.sk\/?post_type=product&#038;p=4804"},"modified":"2025-11-25T16:21:11","modified_gmt":"2025-11-25T14:21:11","slug":"noi-szaunakilt","status":"publish","type":"product","link":"https:\/\/www.eshop.thermalpark.sk\/hu\/termek\/noi-szaunakilt","title":{"rendered":"N\u0151i szaunakilt"},"content":{"rendered":"<p data-start=\"371\" data-end=\"590\">A n\u0151i szaunakilt kellemes tapint\u00e1s\u00fa, 100% pamut anyagb\u00f3l k\u00e9sz\u00fclt, amely maxim\u00e1lis k\u00e9nyelmet ny\u00fajt a szaun\u00e1z\u00e1s sor\u00e1n. A puha, j\u00f3l nedvsz\u00edv\u00f3 anyag finoman k\u00f6rbefogja a testet, \u00edgy minden haszn\u00e1latkor komfortos \u00e9rzetet biztos\u00edt.<\/p>\n<p data-start=\"592\" data-end=\"726\">A kilt eleg\u00e1ns barack sz\u00ednben kaphat\u00f3, \u00e9s az eredeti Sauna World Thermalpark log\u00f3 teszi k\u00fcl\u00f6nlegess\u00e9 \u00e9s egyediv\u00e9.<\/p>\n<p data-start=\"728\" data-end=\"920\">A praktikus t\u00e9p\u0151z\u00e1ras r\u00f6gz\u00edt\u00e9s gyors \u00e9s egyszer\u0171 felv\u00e9telt tesz lehet\u0151v\u00e9, \u00e9s k\u00f6nnyen igaz\u00edthat\u00f3 b\u00e1rmilyen testalkatra. T\u00f6k\u00e9letes v\u00e1laszt\u00e1s mindazoknak, akik a k\u00e9nyelmet, a min\u0151s\u00e9gi anyagot \u00e9s az eszt\u00e9tikus megjelen\u00e9st egyar\u00e1nt fontosnak tartj\u00e1k.<\/p>\n","protected":false},"excerpt":{"rendered":"<p data-start=\"371\" data-end=\"590\">N\u0151i szaunakilt puha, 100% pamutb\u00f3l, barack sz\u00ednben. A Sauna World Thermalpark eredeti log\u00f3j\u00e1val \u00e9s k\u00e9nyelmes t\u00e9p\u0151z\u00e1ras r\u00f6gz\u00edt\u00e9ssel, amely t\u00f6k\u00e9letes illeszked\u00e9st biztos\u00edt. A k\u00e9nyelmes t\u00e9p\u0151z\u00e1ras r\u00f6gz\u00edt\u00e9s kiv\u00e1l\u00f3 illeszked\u00e9st biztos\u00edt.<\/p>\n","protected":false},"featured_media":4803,"template":"","meta":{"_uag_custom_page_level_css":"","site-sidebar-layout":"default","site-content-layout":"","ast-site-content-layout":"default","site-content-style":"default","site-sidebar-style":"default","ast-global-header-display":"","ast-banner-title-visibility":"","ast-main-header-display":"","ast-hfb-above-header-display":"","ast-hfb-below-header-display":"","ast-hfb-mobile-header-display":"","site-post-title":"","ast-breadcrumbs-content":"","ast-featured-img":"","footer-sml-layout":"","ast-disable-related-posts":"","theme-transparent-header-meta":"default","adv-header-id-meta":"","stick-header-meta":"default","header-above-stick-meta":"","header-main-stick-meta":"","header-below-stick-meta":"","astra-migrate-meta-layouts":"set","ast-page-background-enabled":"default","ast-page-background-meta":{"desktop":{"background-color":"var(--ast-global-color-5)","background-image":"","background-repeat":"repeat","background-position":"center center","background-size":"auto","background-attachment":"scroll","background-type":"","background-media":"","overlay-type":"","overlay-color":"","overlay-opacity":"","overlay-gradient":""},"tablet":{"background-color":"","background-image":"","background-repeat":"repeat","background-position":"center center","background-size":"auto","background-attachment":"scroll","background-type":"","background-media":"","overlay-type":"","overlay-color":"","overlay-opacity":"","overlay-gradient":""},"mobile":{"background-color":"","background-image":"","background-repeat":"repeat","background-position":"center center","background-size":"auto","background-attachment":"scroll","background-type":"","background-media":"","overlay-type":"","overlay-color":"","overlay-opacity":"","overlay-gradient":""}},"ast-content-background-meta":{"desktop":{"background-color":"var(--ast-global-color-4)","background-image":"","background-repeat":"repeat","background-position":"center center","background-size":"auto","background-attachment":"scroll","background-type":"","background-media":"","overlay-type":"","overlay-color":"","overlay-opacity":"","overlay-gradient":""},"tablet":{"background-color":"var(--ast-global-color-4)","background-image":"","background-repeat":"repeat","background-position":"center center","background-size":"auto","background-attachment":"scroll","background-type":"","background-media":"","overlay-type":"","overlay-color":"","overlay-opacity":"","overlay-gradient":""},"mobile":{"background-color":"var(--ast-global-color-4)","background-image":"","background-repeat":"repeat","background-position":"center center","background-size":"auto","background-attachment":"scroll","background-type":"","background-media":"","overlay-type":"","overlay-color":"","overlay-opacity":"","overlay-gradient":""}}},"product_brand":[],"product_cat":[41],"product_tag":[],"class_list":{"0":"post-4804","1":"product","2":"type-product","3":"status-publish","4":"has-post-thumbnail","6":"product_cat-ajandektargyak","7":"desktop-align-left","8":"tablet-align-left","9":"mobile-align-left","10":"ast-product-gallery-layout-horizontal-slider","11":"ast-product-gallery-with-no-image","12":"ast-product-tabs-layout-horizontal","14":"first","15":"instock","16":"taxable","17":"shipping-taxable","18":"purchasable","19":"product-type-simple"},"yoast_head":"<!-- This site is optimized with the Yoast SEO plugin v27.4 - https:\/\/yoast.com\/product\/yoast-seo-wordpress\/ -->\n<title>N\u0151i szaunakilt - THERMALPARK E-SHOP<\/title>\n<meta name=\"robots\" content=\"index, follow, max-snippet:-1, max-image-preview:large, max-video-preview:-1\" \/>\n<link rel=\"canonical\" href=\"https:\/\/www.eshop.thermalpark.sk\/hu\/termek\/noi-szaunakilt\" \/>\n<meta property=\"og:locale\" content=\"hu_HU\" \/>\n<meta property=\"og:type\" content=\"article\" \/>\n<meta property=\"og:title\" content=\"N\u0151i szaunakilt - THERMALPARK E-SHOP\" \/>\n<meta property=\"og:description\" content=\"N\u0151i szaunakilt puha, 100% pamutb\u00f3l, barack sz\u00ednben. A Sauna World Thermalpark eredeti log\u00f3j\u00e1val \u00e9s k\u00e9nyelmes t\u00e9p\u0151z\u00e1ras r\u00f6gz\u00edt\u00e9ssel, amely t\u00f6k\u00e9letes illeszked\u00e9st biztos\u00edt. A k\u00e9nyelmes t\u00e9p\u0151z\u00e1ras r\u00f6gz\u00edt\u00e9s kiv\u00e1l\u00f3 illeszked\u00e9st biztos\u00edt.\" \/>\n<meta property=\"og:url\" content=\"https:\/\/www.eshop.thermalpark.sk\/hu\/termek\/noi-szaunakilt\" \/>\n<meta property=\"og:site_name\" content=\"THERMALPARK E-SHOP\" \/>\n<meta property=\"article:publisher\" content=\"https:\/\/www.facebook.com\/ThermalparkDS\" \/>\n<meta property=\"article:modified_time\" content=\"2025-11-25T14:21:11+00:00\" \/>\n<meta property=\"og:image\" content=\"https:\/\/www.eshop.thermalpark.sk\/wp-content\/uploads\/2025\/11\/Kilt-damsky.jpg\" \/>\n\t<meta property=\"og:image:width\" content=\"1920\" \/>\n\t<meta property=\"og:image:height\" content=\"1080\" \/>\n\t<meta property=\"og:image:type\" content=\"image\/jpeg\" \/>\n<meta name=\"twitter:card\" content=\"summary_large_image\" \/>\n<meta name=\"twitter:label1\" content=\"Becs\u00fclt olvas\u00e1si id\u0151\" \/>\n\t<meta name=\"twitter:data1\" content=\"1 perc\" \/>\n<script type=\"application\/ld+json\" class=\"yoast-schema-graph\">{\"@context\":\"https:\\\/\\\/schema.org\",\"@graph\":[{\"@type\":\"WebPage\",\"@id\":\"https:\\\/\\\/www.eshop.thermalpark.sk\\\/hu\\\/termek\\\/noi-szaunakilt\",\"url\":\"https:\\\/\\\/www.eshop.thermalpark.sk\\\/hu\\\/termek\\\/noi-szaunakilt\",\"name\":\"N\u0151i szaunakilt - THERMALPARK E-SHOP\",\"isPartOf\":{\"@id\":\"https:\\\/\\\/www.eshop.thermalpark.sk\\\/#website\"},\"primaryImageOfPage\":{\"@id\":\"https:\\\/\\\/www.eshop.thermalpark.sk\\\/hu\\\/termek\\\/noi-szaunakilt#primaryimage\"},\"image\":{\"@id\":\"https:\\\/\\\/www.eshop.thermalpark.sk\\\/hu\\\/termek\\\/noi-szaunakilt#primaryimage\"},\"thumbnailUrl\":\"https:\\\/\\\/www.eshop.thermalpark.sk\\\/wp-content\\\/uploads\\\/2025\\\/11\\\/Kilt-damsky.jpg\",\"datePublished\":\"2025-11-25T14:12:36+00:00\",\"dateModified\":\"2025-11-25T14:21:11+00:00\",\"breadcrumb\":{\"@id\":\"https:\\\/\\\/www.eshop.thermalpark.sk\\\/hu\\\/termek\\\/noi-szaunakilt#breadcrumb\"},\"inLanguage\":\"hu\",\"potentialAction\":[{\"@type\":\"ReadAction\",\"target\":[\"https:\\\/\\\/www.eshop.thermalpark.sk\\\/hu\\\/termek\\\/noi-szaunakilt\"]}]},{\"@type\":\"ImageObject\",\"inLanguage\":\"hu\",\"@id\":\"https:\\\/\\\/www.eshop.thermalpark.sk\\\/hu\\\/termek\\\/noi-szaunakilt#primaryimage\",\"url\":\"https:\\\/\\\/www.eshop.thermalpark.sk\\\/wp-content\\\/uploads\\\/2025\\\/11\\\/Kilt-damsky.jpg\",\"contentUrl\":\"https:\\\/\\\/www.eshop.thermalpark.sk\\\/wp-content\\\/uploads\\\/2025\\\/11\\\/Kilt-damsky.jpg\",\"width\":1920,\"height\":1080},{\"@type\":\"BreadcrumbList\",\"@id\":\"https:\\\/\\\/www.eshop.thermalpark.sk\\\/hu\\\/termek\\\/noi-szaunakilt#breadcrumb\",\"itemListElement\":[{\"@type\":\"ListItem\",\"position\":1,\"name\":\"Domovsk\u00e1 str\u00e1nka\",\"item\":\"https:\\\/\\\/www.eshop.thermalpark.sk\\\/hu\"},{\"@type\":\"ListItem\",\"position\":2,\"name\":\"Bolt\",\"item\":\"https:\\\/\\\/www.eshop.thermalpark.sk\\\/hu\\\/shop\"},{\"@type\":\"ListItem\",\"position\":3,\"name\":\"N\u0151i szaunakilt\"}]},{\"@type\":\"WebSite\",\"@id\":\"https:\\\/\\\/www.eshop.thermalpark.sk\\\/#website\",\"url\":\"https:\\\/\\\/www.eshop.thermalpark.sk\\\/\",\"name\":\"THERMALPARK E-SHOP\",\"description\":\"\",\"publisher\":{\"@id\":\"https:\\\/\\\/www.eshop.thermalpark.sk\\\/#organization\"},\"potentialAction\":[{\"@type\":\"SearchAction\",\"target\":{\"@type\":\"EntryPoint\",\"urlTemplate\":\"https:\\\/\\\/www.eshop.thermalpark.sk\\\/?s={search_term_string}\"},\"query-input\":{\"@type\":\"PropertyValueSpecification\",\"valueRequired\":true,\"valueName\":\"search_term_string\"}}],\"inLanguage\":\"hu\"},{\"@type\":\"Organization\",\"@id\":\"https:\\\/\\\/www.eshop.thermalpark.sk\\\/#organization\",\"name\":\"THERMALPARK DS, a.s.\",\"url\":\"https:\\\/\\\/www.eshop.thermalpark.sk\\\/\",\"logo\":{\"@type\":\"ImageObject\",\"inLanguage\":\"hu\",\"@id\":\"https:\\\/\\\/www.eshop.thermalpark.sk\\\/#\\\/schema\\\/logo\\\/image\\\/\",\"url\":\"https:\\\/\\\/www.eshop.thermalpark.sk\\\/wp-content\\\/uploads\\\/2025\\\/03\\\/cropped-thermalpark-logo3.png\",\"contentUrl\":\"https:\\\/\\\/www.eshop.thermalpark.sk\\\/wp-content\\\/uploads\\\/2025\\\/03\\\/cropped-thermalpark-logo3.png\",\"width\":1567,\"height\":411,\"caption\":\"THERMALPARK DS, a.s.\"},\"image\":{\"@id\":\"https:\\\/\\\/www.eshop.thermalpark.sk\\\/#\\\/schema\\\/logo\\\/image\\\/\"},\"sameAs\":[\"https:\\\/\\\/www.facebook.com\\\/ThermalparkDS\"]}]}<\/script>\n<!-- \/ Yoast SEO plugin. -->","yoast_head_json":{"title":"N\u0151i szaunakilt - THERMALPARK E-SHOP","robots":{"index":"index","follow":"follow","max-snippet":"max-snippet:-1","max-image-preview":"max-image-preview:large","max-video-preview":"max-video-preview:-1"},"canonical":"https:\/\/www.eshop.thermalpark.sk\/hu\/termek\/noi-szaunakilt","og_locale":"hu_HU","og_type":"article","og_title":"N\u0151i szaunakilt - THERMALPARK E-SHOP","og_description":"N\u0151i szaunakilt puha, 100% pamutb\u00f3l, barack sz\u00ednben. A Sauna World Thermalpark eredeti log\u00f3j\u00e1val \u00e9s k\u00e9nyelmes t\u00e9p\u0151z\u00e1ras r\u00f6gz\u00edt\u00e9ssel, amely t\u00f6k\u00e9letes illeszked\u00e9st biztos\u00edt. A k\u00e9nyelmes t\u00e9p\u0151z\u00e1ras r\u00f6gz\u00edt\u00e9s kiv\u00e1l\u00f3 illeszked\u00e9st biztos\u00edt.","og_url":"https:\/\/www.eshop.thermalpark.sk\/hu\/termek\/noi-szaunakilt","og_site_name":"THERMALPARK E-SHOP","article_publisher":"https:\/\/www.facebook.com\/ThermalparkDS","article_modified_time":"2025-11-25T14:21:11+00:00","og_image":[{"width":1920,"height":1080,"url":"https:\/\/www.eshop.thermalpark.sk\/wp-content\/uploads\/2025\/11\/Kilt-damsky.jpg","type":"image\/jpeg"}],"twitter_card":"summary_large_image","twitter_misc":{"Becs\u00fclt olvas\u00e1si id\u0151":"1 perc"},"schema":{"@context":"https:\/\/schema.org","@graph":[{"@type":"WebPage","@id":"https:\/\/www.eshop.thermalpark.sk\/hu\/termek\/noi-szaunakilt","url":"https:\/\/www.eshop.thermalpark.sk\/hu\/termek\/noi-szaunakilt","name":"N\u0151i szaunakilt - THERMALPARK E-SHOP","isPartOf":{"@id":"https:\/\/www.eshop.thermalpark.sk\/#website"},"primaryImageOfPage":{"@id":"https:\/\/www.eshop.thermalpark.sk\/hu\/termek\/noi-szaunakilt#primaryimage"},"image":{"@id":"https:\/\/www.eshop.thermalpark.sk\/hu\/termek\/noi-szaunakilt#primaryimage"},"thumbnailUrl":"https:\/\/www.eshop.thermalpark.sk\/wp-content\/uploads\/2025\/11\/Kilt-damsky.jpg","datePublished":"2025-11-25T14:12:36+00:00","dateModified":"2025-11-25T14:21:11+00:00","breadcrumb":{"@id":"https:\/\/www.eshop.thermalpark.sk\/hu\/termek\/noi-szaunakilt#breadcrumb"},"inLanguage":"hu","potentialAction":[{"@type":"ReadAction","target":["https:\/\/www.eshop.thermalpark.sk\/hu\/termek\/noi-szaunakilt"]}]},{"@type":"ImageObject","inLanguage":"hu","@id":"https:\/\/www.eshop.thermalpark.sk\/hu\/termek\/noi-szaunakilt#primaryimage","url":"https:\/\/www.eshop.thermalpark.sk\/wp-content\/uploads\/2025\/11\/Kilt-damsky.jpg","contentUrl":"https:\/\/www.eshop.thermalpark.sk\/wp-content\/uploads\/2025\/11\/Kilt-damsky.jpg","width":1920,"height":1080},{"@type":"BreadcrumbList","@id":"https:\/\/www.eshop.thermalpark.sk\/hu\/termek\/noi-szaunakilt#breadcrumb","itemListElement":[{"@type":"ListItem","position":1,"name":"Domovsk\u00e1 str\u00e1nka","item":"https:\/\/www.eshop.thermalpark.sk\/hu"},{"@type":"ListItem","position":2,"name":"Bolt","item":"https:\/\/www.eshop.thermalpark.sk\/hu\/shop"},{"@type":"ListItem","position":3,"name":"N\u0151i szaunakilt"}]},{"@type":"WebSite","@id":"https:\/\/www.eshop.thermalpark.sk\/#website","url":"https:\/\/www.eshop.thermalpark.sk\/","name":"THERMALPARK E-SHOP","description":"","publisher":{"@id":"https:\/\/www.eshop.thermalpark.sk\/#organization"},"potentialAction":[{"@type":"SearchAction","target":{"@type":"EntryPoint","urlTemplate":"https:\/\/www.eshop.thermalpark.sk\/?s={search_term_string}"},"query-input":{"@type":"PropertyValueSpecification","valueRequired":true,"valueName":"search_term_string"}}],"inLanguage":"hu"},{"@type":"Organization","@id":"https:\/\/www.eshop.thermalpark.sk\/#organization","name":"THERMALPARK DS, a.s.","url":"https:\/\/www.eshop.thermalpark.sk\/","logo":{"@type":"ImageObject","inLanguage":"hu","@id":"https:\/\/www.eshop.thermalpark.sk\/#\/schema\/logo\/image\/","url":"https:\/\/www.eshop.thermalpark.sk\/wp-content\/uploads\/2025\/03\/cropped-thermalpark-logo3.png","contentUrl":"https:\/\/www.eshop.thermalpark.sk\/wp-content\/uploads\/2025\/03\/cropped-thermalpark-logo3.png","width":1567,"height":411,"caption":"THERMALPARK DS, a.s."},"image":{"@id":"https:\/\/www.eshop.thermalpark.sk\/#\/schema\/logo\/image\/"},"sameAs":["https:\/\/www.facebook.com\/ThermalparkDS"]}]}},"spectra_custom_meta":{"_edit_lock":["1764080474:2"],"_edit_last":["2"],"_backorders":["no"],"_download_limit":["-1"],"_download_expiry":["-1"],"_downloadable":["no"],"_manage_stock":["no"],"_sku":["81041"],"_stock_status":["instock"],"_sold_individually":["no"],"_tax_class":[""],"_tax_status":["taxable"],"_virtual":["no"],"total_sales":["0"],"_regular_price":["27"],"_price":["27"],"stick-header-meta":["default"],"site-sidebar-layout":["default"],"theme-transparent-header-meta":["default"],"ast-site-content-layout":["default"],"site-content-style":["default"],"site-sidebar-style":["default"],"_yoast_wpseo_primary_product_cat":[""],"_thumbnail_id":["4803"],"_wpml_word_count":["161"],"_top_nav_excluded":[""],"_cms_nav_minihome":[""],"_last_translation_edit_mode":["native-editor"],"_kas_generate_ticket":["no"],"_kas_ticket_items":[""],"_kas_ticket_validity_days":["0"],"_wcml_average_rating":[null],"_wcml_review_count":[null],"_wcml_rating_count":[null],"_stock":[null],"_wc_average_rating":[0],"_wc_review_count":["0"],"_product_version":["10.3.5"],"_wpml_media_has_media":["1"],"astra-migrate-meta-layouts":["set"],"_yoast_wpseo_primary_product_brand":[""],"_yoast_wpseo_content_score":["60"],"_yoast_wpseo_estimated-reading-time-minutes":["1"],"_uag_page_assets":["a:9:{s:3:\"css\";s:0:\"\";s:2:\"js\";s:0:\"\";s:18:\"current_block_list\";a:8:{i:0;s:11:\"core\/search\";i:1;s:10:\"core\/group\";i:2;s:12:\"core\/heading\";i:3;s:17:\"core\/latest-posts\";i:4;s:20:\"core\/latest-comments\";i:5;s:13:\"core\/archives\";i:6;s:15:\"core\/categories\";i:7;s:14:\"core\/paragraph\";}s:8:\"uag_flag\";b:0;s:11:\"uag_version\";s:10:\"1777775417\";s:6:\"gfonts\";a:0:{}s:10:\"gfonts_url\";s:0:\"\";s:12:\"gfonts_files\";a:0:{}s:14:\"uag_faq_layout\";b:0;}"],"_wc_rating_count":[""]},"uagb_featured_image_src":{"full":["https:\/\/www.eshop.thermalpark.sk\/wp-content\/uploads\/2025\/11\/Kilt-damsky.jpg",1920,1080,false],"thumbnail":["https:\/\/www.eshop.thermalpark.sk\/wp-content\/uploads\/2025\/11\/Kilt-damsky-150x150.jpg",150,150,true],"medium":["https:\/\/www.eshop.thermalpark.sk\/wp-content\/uploads\/2025\/11\/Kilt-damsky-300x169.jpg",300,169,true],"medium_large":["https:\/\/www.eshop.thermalpark.sk\/wp-content\/uploads\/2025\/11\/Kilt-damsky-768x432.jpg",768,432,true],"large":["https:\/\/www.eshop.thermalpark.sk\/wp-content\/uploads\/2025\/11\/Kilt-damsky-1024x576.jpg",1024,576,true],"1536x1536":["https:\/\/www.eshop.thermalpark.sk\/wp-content\/uploads\/2025\/11\/Kilt-damsky-1536x864.jpg",1536,864,true],"2048x2048":["https:\/\/www.eshop.thermalpark.sk\/wp-content\/uploads\/2025\/11\/Kilt-damsky.jpg",1920,1080,false],"woocommerce_thumbnail":["https:\/\/www.eshop.thermalpark.sk\/wp-content\/uploads\/2025\/11\/Kilt-damsky-1080x608.jpg",1080,608,true],"woocommerce_single":["https:\/\/www.eshop.thermalpark.sk\/wp-content\/uploads\/2025\/11\/Kilt-damsky-1080x608.jpg",1080,608,true],"woocommerce_gallery_thumbnail":["https:\/\/www.eshop.thermalpark.sk\/wp-content\/uploads\/2025\/11\/Kilt-damsky-100x100.jpg",100,100,true]},"uagb_author_info":{"display_name":"Krist\u00f3f P\u00e1lfy","author_link":"https:\/\/www.eshop.thermalpark.sk\/hu\/archives\/author"},"uagb_comment_info":0,"uagb_excerpt":"N\u0151i szaunakilt puha, 100% pamutb\u00f3l, barack sz\u00ednben. A Sauna World Thermalpark eredeti log\u00f3j\u00e1val \u00e9s k\u00e9nyelmes t\u00e9p\u0151z\u00e1ras r\u00f6gz\u00edt\u00e9ssel, amely t\u00f6k\u00e9letes illeszked\u00e9st biztos\u00edt. A k\u00e9nyelmes t\u00e9p\u0151z\u00e1ras r\u00f6gz\u00edt\u00e9s kiv\u00e1l\u00f3 illeszked\u00e9st biztos\u00edt.","_links":{"self":[{"href":"https:\/\/www.eshop.thermalpark.sk\/hu\/wp-json\/wp\/v2\/product\/4804","targetHints":{"allow":["GET"]}}],"collection":[{"href":"https:\/\/www.eshop.thermalpark.sk\/hu\/wp-json\/wp\/v2\/product"}],"about":[{"href":"https:\/\/www.eshop.thermalpark.sk\/hu\/wp-json\/wp\/v2\/types\/product"}],"wp:featuredmedia":[{"embeddable":true,"href":"https:\/\/www.eshop.thermalpark.sk\/hu\/wp-json\/wp\/v2\/media\/4803"}],"wp:attachment":[{"href":"https:\/\/www.eshop.thermalpark.sk\/hu\/wp-json\/wp\/v2\/media?parent=4804"}],"wp:term":[{"taxonomy":"product_brand","embeddable":true,"href":"https:\/\/www.eshop.thermalpark.sk\/hu\/wp-json\/wp\/v2\/product_brand?post=4804"},{"taxonomy":"product_cat","embeddable":true,"href":"https:\/\/www.eshop.thermalpark.sk\/hu\/wp-json\/wp\/v2\/product_cat?post=4804"},{"taxonomy":"product_tag","embeddable":true,"href":"https:\/\/www.eshop.thermalpark.sk\/hu\/wp-json\/wp\/v2\/product_tag?post=4804"}],"curies":[{"name":"wp","href":"https:\/\/api.w.org\/{rel}","templated":true}]}}