{"id":4189,"date":"2025-10-20T09:43:06","date_gmt":"2025-10-20T07:43:06","guid":{"rendered":"https:\/\/www.eshop.thermalpark.sk\/?post_type=product&#038;p=4189"},"modified":"2025-10-20T09:49:24","modified_gmt":"2025-10-20T07:49:24","slug":"ajandekcsomagolas-vsetko-najlepsie-kopia","status":"publish","type":"product","link":"https:\/\/www.eshop.thermalpark.sk\/hu\/termek\/ajandekcsomagolas-vsetko-najlepsie-kopia","title":{"rendered":"Aj\u00e1nd\u00e9kcsomagol\u00e1s (S l\u00e1skou)"},"content":{"rendered":"<p>A \u201eS l\u00e1skou\u201d d\u00edszcsomagol\u00e1s egy gyeng\u00e9d \u00e9s sz\u00edvb\u0151l j\u00f6v\u0151 m\u00f3dja annak, hogy kifejezd a szereteted \u00e9s \u00f6r\u00f6met szerezz szeretteidnek. A Thermalpark Dunaszerdahely aj\u00e1nd\u00e9kutalv\u00e1nyaival vagy aj\u00e1nd\u00e9kk\u00e1rty\u00e1ival kombin\u00e1lva \u0151szinte t\u00f6r\u0151d\u00e9st \u00e9s figyelmess\u00e9get k\u00f6zvet\u00edt. Ez az eleg\u00e1ns csomagol\u00e1s t\u00f6k\u00e9letes v\u00e1laszt\u00e1s p\u00e1rnak, sz\u00fcl\u0151knek vagy bar\u00e1toknak \u2013 egy aj\u00e1nd\u00e9k, amely meghitt pillanatokat, pihen\u00e9st \u00e9s k\u00f6z\u00f6s felt\u00f6lt\u0151d\u00e9st ny\u00fajt a term\u00e1lf\u00fcrd\u0151ben.<\/p>\n","protected":false},"excerpt":{"rendered":"<p>A \u201eS l\u00e1skou\u201d d\u00edszcsomagol\u00e1s egy gyeng\u00e9d \u00e9s sz\u00edvb\u0151l j\u00f6v\u0151 m\u00f3dja annak, hogy kifejezd a szereteted \u00e9s \u00f6r\u00f6met szerezz szeretteidnek. A Thermalpark Dunaszerdahely aj\u00e1nd\u00e9kutalv\u00e1nyaival vagy aj\u00e1nd\u00e9kk\u00e1rty\u00e1ival kombin\u00e1lva \u0151szinte t\u00f6r\u0151d\u00e9st \u00e9s figyelmess\u00e9get k\u00f6zvet\u00edt. Ez az eleg\u00e1ns csomagol\u00e1s t\u00f6k\u00e9letes v\u00e1laszt\u00e1s p\u00e1rnak, sz\u00fcl\u0151knek vagy bar\u00e1toknak \u2013 egy aj\u00e1nd\u00e9k, amely meghitt pillanatokat, pihen\u00e9st \u00e9s k\u00f6z\u00f6s felt\u00f6lt\u0151d\u00e9st ny\u00fajt a term\u00e1lf\u00fcrd\u0151ben.<\/p>\n","protected":false},"featured_media":4192,"template":"","meta":{"_uag_custom_page_level_css":"","site-sidebar-layout":"default","site-content-layout":"","ast-site-content-layout":"default","site-content-style":"default","site-sidebar-style":"default","ast-global-header-display":"","ast-banner-title-visibility":"","ast-main-header-display":"","ast-hfb-above-header-display":"","ast-hfb-below-header-display":"","ast-hfb-mobile-header-display":"","site-post-title":"","ast-breadcrumbs-content":"","ast-featured-img":"","footer-sml-layout":"","ast-disable-related-posts":"","theme-transparent-header-meta":"default","adv-header-id-meta":"","stick-header-meta":"default","header-above-stick-meta":"","header-main-stick-meta":"","header-below-stick-meta":"","astra-migrate-meta-layouts":"set","ast-page-background-enabled":"default","ast-page-background-meta":{"desktop":{"background-color":"var(--ast-global-color-5)","background-image":"","background-repeat":"repeat","background-position":"center center","background-size":"auto","background-attachment":"scroll","background-type":"","background-media":"","overlay-type":"","overlay-color":"","overlay-opacity":"","overlay-gradient":""},"tablet":{"background-color":"","background-image":"","background-repeat":"repeat","background-position":"center center","background-size":"auto","background-attachment":"scroll","background-type":"","background-media":"","overlay-type":"","overlay-color":"","overlay-opacity":"","overlay-gradient":""},"mobile":{"background-color":"","background-image":"","background-repeat":"repeat","background-position":"center center","background-size":"auto","background-attachment":"scroll","background-type":"","background-media":"","overlay-type":"","overlay-color":"","overlay-opacity":"","overlay-gradient":""}},"ast-content-background-meta":{"desktop":{"background-color":"var(--ast-global-color-4)","background-image":"","background-repeat":"repeat","background-position":"center center","background-size":"auto","background-attachment":"scroll","background-type":"","background-media":"","overlay-type":"","overlay-color":"","overlay-opacity":"","overlay-gradient":""},"tablet":{"background-color":"var(--ast-global-color-4)","background-image":"","background-repeat":"repeat","background-position":"center center","background-size":"auto","background-attachment":"scroll","background-type":"","background-media":"","overlay-type":"","overlay-color":"","overlay-opacity":"","overlay-gradient":""},"mobile":{"background-color":"var(--ast-global-color-4)","background-image":"","background-repeat":"repeat","background-position":"center center","background-size":"auto","background-attachment":"scroll","background-type":"","background-media":"","overlay-type":"","overlay-color":"","overlay-opacity":"","overlay-gradient":""}}},"product_brand":[],"product_cat":[38],"product_tag":[],"class_list":{"0":"post-4189","1":"product","2":"type-product","3":"status-publish","4":"has-post-thumbnail","6":"product_cat-ajandekcsomagolas","7":"desktop-align-left","8":"tablet-align-left","9":"mobile-align-left","10":"ast-product-gallery-layout-horizontal-slider","11":"ast-product-gallery-with-no-image","12":"ast-product-tabs-layout-horizontal","14":"first","15":"instock","16":"taxable","17":"shipping-taxable","18":"purchasable","19":"product-type-simple"},"yoast_head":"<!-- This site is optimized with the Yoast SEO plugin v27.4 - https:\/\/yoast.com\/product\/yoast-seo-wordpress\/ -->\n<title>Aj\u00e1nd\u00e9kcsomagol\u00e1s (S l\u00e1skou) - THERMALPARK E-SHOP<\/title>\n<meta name=\"robots\" content=\"index, follow, max-snippet:-1, max-image-preview:large, max-video-preview:-1\" \/>\n<link rel=\"canonical\" href=\"https:\/\/www.eshop.thermalpark.sk\/hu\/termek\/ajandekcsomagolas-vsetko-najlepsie-kopia\" \/>\n<meta property=\"og:locale\" content=\"hu_HU\" \/>\n<meta property=\"og:type\" content=\"article\" \/>\n<meta property=\"og:title\" content=\"Aj\u00e1nd\u00e9kcsomagol\u00e1s (S l\u00e1skou) - THERMALPARK E-SHOP\" \/>\n<meta property=\"og:description\" content=\"A \u201eS l\u00e1skou\u201d d\u00edszcsomagol\u00e1s egy gyeng\u00e9d \u00e9s sz\u00edvb\u0151l j\u00f6v\u0151 m\u00f3dja annak, hogy kifejezd a szereteted \u00e9s \u00f6r\u00f6met szerezz szeretteidnek. A Thermalpark Dunaszerdahely aj\u00e1nd\u00e9kutalv\u00e1nyaival vagy aj\u00e1nd\u00e9kk\u00e1rty\u00e1ival kombin\u00e1lva \u0151szinte t\u00f6r\u0151d\u00e9st \u00e9s figyelmess\u00e9get k\u00f6zvet\u00edt. Ez az eleg\u00e1ns csomagol\u00e1s t\u00f6k\u00e9letes v\u00e1laszt\u00e1s p\u00e1rnak, sz\u00fcl\u0151knek vagy bar\u00e1toknak \u2013 egy aj\u00e1nd\u00e9k, amely meghitt pillanatokat, pihen\u00e9st \u00e9s k\u00f6z\u00f6s felt\u00f6lt\u0151d\u00e9st ny\u00fajt a term\u00e1lf\u00fcrd\u0151ben.\" \/>\n<meta property=\"og:url\" content=\"https:\/\/www.eshop.thermalpark.sk\/hu\/termek\/ajandekcsomagolas-vsetko-najlepsie-kopia\" \/>\n<meta property=\"og:site_name\" content=\"THERMALPARK E-SHOP\" \/>\n<meta property=\"article:publisher\" content=\"https:\/\/www.facebook.com\/ThermalparkDS\" \/>\n<meta property=\"article:modified_time\" content=\"2025-10-20T07:49:24+00:00\" \/>\n<meta property=\"og:image\" content=\"https:\/\/www.eshop.thermalpark.sk\/wp-content\/uploads\/2025\/10\/S-laskou.jpg\" \/>\n\t<meta property=\"og:image:width\" content=\"869\" \/>\n\t<meta property=\"og:image:height\" content=\"900\" \/>\n\t<meta property=\"og:image:type\" content=\"image\/jpeg\" \/>\n<meta name=\"twitter:card\" content=\"summary_large_image\" \/>\n<meta name=\"twitter:label1\" content=\"Becs\u00fclt olvas\u00e1si id\u0151\" \/>\n\t<meta name=\"twitter:data1\" content=\"1 perc\" \/>\n<script type=\"application\/ld+json\" class=\"yoast-schema-graph\">{\"@context\":\"https:\\\/\\\/schema.org\",\"@graph\":[{\"@type\":\"WebPage\",\"@id\":\"https:\\\/\\\/www.eshop.thermalpark.sk\\\/hu\\\/termek\\\/ajandekcsomagolas-vsetko-najlepsie-kopia\",\"url\":\"https:\\\/\\\/www.eshop.thermalpark.sk\\\/hu\\\/termek\\\/ajandekcsomagolas-vsetko-najlepsie-kopia\",\"name\":\"Aj\u00e1nd\u00e9kcsomagol\u00e1s (S l\u00e1skou) - THERMALPARK E-SHOP\",\"isPartOf\":{\"@id\":\"https:\\\/\\\/www.eshop.thermalpark.sk\\\/#website\"},\"primaryImageOfPage\":{\"@id\":\"https:\\\/\\\/www.eshop.thermalpark.sk\\\/hu\\\/termek\\\/ajandekcsomagolas-vsetko-najlepsie-kopia#primaryimage\"},\"image\":{\"@id\":\"https:\\\/\\\/www.eshop.thermalpark.sk\\\/hu\\\/termek\\\/ajandekcsomagolas-vsetko-najlepsie-kopia#primaryimage\"},\"thumbnailUrl\":\"https:\\\/\\\/www.eshop.thermalpark.sk\\\/wp-content\\\/uploads\\\/2025\\\/10\\\/S-laskou.jpg\",\"datePublished\":\"2025-10-20T07:43:06+00:00\",\"dateModified\":\"2025-10-20T07:49:24+00:00\",\"breadcrumb\":{\"@id\":\"https:\\\/\\\/www.eshop.thermalpark.sk\\\/hu\\\/termek\\\/ajandekcsomagolas-vsetko-najlepsie-kopia#breadcrumb\"},\"inLanguage\":\"hu\",\"potentialAction\":[{\"@type\":\"ReadAction\",\"target\":[\"https:\\\/\\\/www.eshop.thermalpark.sk\\\/hu\\\/termek\\\/ajandekcsomagolas-vsetko-najlepsie-kopia\"]}]},{\"@type\":\"ImageObject\",\"inLanguage\":\"hu\",\"@id\":\"https:\\\/\\\/www.eshop.thermalpark.sk\\\/hu\\\/termek\\\/ajandekcsomagolas-vsetko-najlepsie-kopia#primaryimage\",\"url\":\"https:\\\/\\\/www.eshop.thermalpark.sk\\\/wp-content\\\/uploads\\\/2025\\\/10\\\/S-laskou.jpg\",\"contentUrl\":\"https:\\\/\\\/www.eshop.thermalpark.sk\\\/wp-content\\\/uploads\\\/2025\\\/10\\\/S-laskou.jpg\",\"width\":869,\"height\":900},{\"@type\":\"BreadcrumbList\",\"@id\":\"https:\\\/\\\/www.eshop.thermalpark.sk\\\/hu\\\/termek\\\/ajandekcsomagolas-vsetko-najlepsie-kopia#breadcrumb\",\"itemListElement\":[{\"@type\":\"ListItem\",\"position\":1,\"name\":\"Domovsk\u00e1 str\u00e1nka\",\"item\":\"https:\\\/\\\/www.eshop.thermalpark.sk\\\/hu\"},{\"@type\":\"ListItem\",\"position\":2,\"name\":\"Bolt\",\"item\":\"https:\\\/\\\/www.eshop.thermalpark.sk\\\/hu\\\/shop\"},{\"@type\":\"ListItem\",\"position\":3,\"name\":\"Aj\u00e1nd\u00e9kcsomagol\u00e1s (S l\u00e1skou)\"}]},{\"@type\":\"WebSite\",\"@id\":\"https:\\\/\\\/www.eshop.thermalpark.sk\\\/#website\",\"url\":\"https:\\\/\\\/www.eshop.thermalpark.sk\\\/\",\"name\":\"THERMALPARK E-SHOP\",\"description\":\"\",\"publisher\":{\"@id\":\"https:\\\/\\\/www.eshop.thermalpark.sk\\\/#organization\"},\"potentialAction\":[{\"@type\":\"SearchAction\",\"target\":{\"@type\":\"EntryPoint\",\"urlTemplate\":\"https:\\\/\\\/www.eshop.thermalpark.sk\\\/?s={search_term_string}\"},\"query-input\":{\"@type\":\"PropertyValueSpecification\",\"valueRequired\":true,\"valueName\":\"search_term_string\"}}],\"inLanguage\":\"hu\"},{\"@type\":\"Organization\",\"@id\":\"https:\\\/\\\/www.eshop.thermalpark.sk\\\/#organization\",\"name\":\"THERMALPARK DS, a.s.\",\"url\":\"https:\\\/\\\/www.eshop.thermalpark.sk\\\/\",\"logo\":{\"@type\":\"ImageObject\",\"inLanguage\":\"hu\",\"@id\":\"https:\\\/\\\/www.eshop.thermalpark.sk\\\/#\\\/schema\\\/logo\\\/image\\\/\",\"url\":\"https:\\\/\\\/www.eshop.thermalpark.sk\\\/wp-content\\\/uploads\\\/2025\\\/03\\\/cropped-thermalpark-logo3.png\",\"contentUrl\":\"https:\\\/\\\/www.eshop.thermalpark.sk\\\/wp-content\\\/uploads\\\/2025\\\/03\\\/cropped-thermalpark-logo3.png\",\"width\":1567,\"height\":411,\"caption\":\"THERMALPARK DS, a.s.\"},\"image\":{\"@id\":\"https:\\\/\\\/www.eshop.thermalpark.sk\\\/#\\\/schema\\\/logo\\\/image\\\/\"},\"sameAs\":[\"https:\\\/\\\/www.facebook.com\\\/ThermalparkDS\"]}]}<\/script>\n<!-- \/ Yoast SEO plugin. -->","yoast_head_json":{"title":"Aj\u00e1nd\u00e9kcsomagol\u00e1s (S l\u00e1skou) - THERMALPARK E-SHOP","robots":{"index":"index","follow":"follow","max-snippet":"max-snippet:-1","max-image-preview":"max-image-preview:large","max-video-preview":"max-video-preview:-1"},"canonical":"https:\/\/www.eshop.thermalpark.sk\/hu\/termek\/ajandekcsomagolas-vsetko-najlepsie-kopia","og_locale":"hu_HU","og_type":"article","og_title":"Aj\u00e1nd\u00e9kcsomagol\u00e1s (S l\u00e1skou) - THERMALPARK E-SHOP","og_description":"A \u201eS l\u00e1skou\u201d d\u00edszcsomagol\u00e1s egy gyeng\u00e9d \u00e9s sz\u00edvb\u0151l j\u00f6v\u0151 m\u00f3dja annak, hogy kifejezd a szereteted \u00e9s \u00f6r\u00f6met szerezz szeretteidnek. A Thermalpark Dunaszerdahely aj\u00e1nd\u00e9kutalv\u00e1nyaival vagy aj\u00e1nd\u00e9kk\u00e1rty\u00e1ival kombin\u00e1lva \u0151szinte t\u00f6r\u0151d\u00e9st \u00e9s figyelmess\u00e9get k\u00f6zvet\u00edt. Ez az eleg\u00e1ns csomagol\u00e1s t\u00f6k\u00e9letes v\u00e1laszt\u00e1s p\u00e1rnak, sz\u00fcl\u0151knek vagy bar\u00e1toknak \u2013 egy aj\u00e1nd\u00e9k, amely meghitt pillanatokat, pihen\u00e9st \u00e9s k\u00f6z\u00f6s felt\u00f6lt\u0151d\u00e9st ny\u00fajt a term\u00e1lf\u00fcrd\u0151ben.","og_url":"https:\/\/www.eshop.thermalpark.sk\/hu\/termek\/ajandekcsomagolas-vsetko-najlepsie-kopia","og_site_name":"THERMALPARK E-SHOP","article_publisher":"https:\/\/www.facebook.com\/ThermalparkDS","article_modified_time":"2025-10-20T07:49:24+00:00","og_image":[{"width":869,"height":900,"url":"https:\/\/www.eshop.thermalpark.sk\/wp-content\/uploads\/2025\/10\/S-laskou.jpg","type":"image\/jpeg"}],"twitter_card":"summary_large_image","twitter_misc":{"Becs\u00fclt olvas\u00e1si id\u0151":"1 perc"},"schema":{"@context":"https:\/\/schema.org","@graph":[{"@type":"WebPage","@id":"https:\/\/www.eshop.thermalpark.sk\/hu\/termek\/ajandekcsomagolas-vsetko-najlepsie-kopia","url":"https:\/\/www.eshop.thermalpark.sk\/hu\/termek\/ajandekcsomagolas-vsetko-najlepsie-kopia","name":"Aj\u00e1nd\u00e9kcsomagol\u00e1s (S l\u00e1skou) - THERMALPARK E-SHOP","isPartOf":{"@id":"https:\/\/www.eshop.thermalpark.sk\/#website"},"primaryImageOfPage":{"@id":"https:\/\/www.eshop.thermalpark.sk\/hu\/termek\/ajandekcsomagolas-vsetko-najlepsie-kopia#primaryimage"},"image":{"@id":"https:\/\/www.eshop.thermalpark.sk\/hu\/termek\/ajandekcsomagolas-vsetko-najlepsie-kopia#primaryimage"},"thumbnailUrl":"https:\/\/www.eshop.thermalpark.sk\/wp-content\/uploads\/2025\/10\/S-laskou.jpg","datePublished":"2025-10-20T07:43:06+00:00","dateModified":"2025-10-20T07:49:24+00:00","breadcrumb":{"@id":"https:\/\/www.eshop.thermalpark.sk\/hu\/termek\/ajandekcsomagolas-vsetko-najlepsie-kopia#breadcrumb"},"inLanguage":"hu","potentialAction":[{"@type":"ReadAction","target":["https:\/\/www.eshop.thermalpark.sk\/hu\/termek\/ajandekcsomagolas-vsetko-najlepsie-kopia"]}]},{"@type":"ImageObject","inLanguage":"hu","@id":"https:\/\/www.eshop.thermalpark.sk\/hu\/termek\/ajandekcsomagolas-vsetko-najlepsie-kopia#primaryimage","url":"https:\/\/www.eshop.thermalpark.sk\/wp-content\/uploads\/2025\/10\/S-laskou.jpg","contentUrl":"https:\/\/www.eshop.thermalpark.sk\/wp-content\/uploads\/2025\/10\/S-laskou.jpg","width":869,"height":900},{"@type":"BreadcrumbList","@id":"https:\/\/www.eshop.thermalpark.sk\/hu\/termek\/ajandekcsomagolas-vsetko-najlepsie-kopia#breadcrumb","itemListElement":[{"@type":"ListItem","position":1,"name":"Domovsk\u00e1 str\u00e1nka","item":"https:\/\/www.eshop.thermalpark.sk\/hu"},{"@type":"ListItem","position":2,"name":"Bolt","item":"https:\/\/www.eshop.thermalpark.sk\/hu\/shop"},{"@type":"ListItem","position":3,"name":"Aj\u00e1nd\u00e9kcsomagol\u00e1s (S l\u00e1skou)"}]},{"@type":"WebSite","@id":"https:\/\/www.eshop.thermalpark.sk\/#website","url":"https:\/\/www.eshop.thermalpark.sk\/","name":"THERMALPARK E-SHOP","description":"","publisher":{"@id":"https:\/\/www.eshop.thermalpark.sk\/#organization"},"potentialAction":[{"@type":"SearchAction","target":{"@type":"EntryPoint","urlTemplate":"https:\/\/www.eshop.thermalpark.sk\/?s={search_term_string}"},"query-input":{"@type":"PropertyValueSpecification","valueRequired":true,"valueName":"search_term_string"}}],"inLanguage":"hu"},{"@type":"Organization","@id":"https:\/\/www.eshop.thermalpark.sk\/#organization","name":"THERMALPARK DS, a.s.","url":"https:\/\/www.eshop.thermalpark.sk\/","logo":{"@type":"ImageObject","inLanguage":"hu","@id":"https:\/\/www.eshop.thermalpark.sk\/#\/schema\/logo\/image\/","url":"https:\/\/www.eshop.thermalpark.sk\/wp-content\/uploads\/2025\/03\/cropped-thermalpark-logo3.png","contentUrl":"https:\/\/www.eshop.thermalpark.sk\/wp-content\/uploads\/2025\/03\/cropped-thermalpark-logo3.png","width":1567,"height":411,"caption":"THERMALPARK DS, a.s."},"image":{"@id":"https:\/\/www.eshop.thermalpark.sk\/#\/schema\/logo\/image\/"},"sameAs":["https:\/\/www.facebook.com\/ThermalparkDS"]}]}},"spectra_custom_meta":{"_regular_price":["2"],"total_sales":["5"],"_tax_status":["taxable"],"_tax_class":[""],"_manage_stock":["no"],"_backorders":["no"],"_sold_individually":["no"],"_virtual":["no"],"_downloadable":["no"],"_download_limit":["-1"],"_download_expiry":["-1"],"_thumbnail_id":["4192"],"_stock":[null],"_stock_status":["instock"],"_wc_average_rating":[0],"_wc_review_count":["0"],"_product_version":["10.2.2"],"_price":["2"],"site-sidebar-layout":["default"],"ast-site-content-layout":["default"],"site-content-style":["default"],"site-sidebar-style":["default"],"theme-transparent-header-meta":["default"],"stick-header-meta":["default"],"_wpml_media_duplicate":["1"],"_wpml_media_featured":["1"],"_wpml_word_count":["182"],"_last_translation_edit_mode":["native-editor"],"_top_nav_excluded":[""],"_cms_nav_minihome":[""],"_product_image_gallery":[""],"_yoast_wpseo_primary_product_brand":[""],"_yoast_wpseo_primary_product_cat":[""],"_edit_lock":["1760946455:2"],"_edit_last":["2"],"_kas_generate_ticket":["no"],"_kas_ticket_items":[""],"_kas_ticket_validity_days":["0"],"_wcml_average_rating":[null],"_wcml_review_count":[null],"_wcml_rating_count":[null],"_wpml_media_has_media":["1"],"astra-migrate-meta-layouts":["set"],"_yoast_wpseo_content_score":["60"],"_yoast_wpseo_estimated-reading-time-minutes":["1"],"_wpml_location_migration_done":["1"],"_sku":["S0000006"],"_uag_css_file_name":["uag-css-4189.css"],"_uag_page_assets":["a:9:{s:3:\"css\";s:0:\"\";s:2:\"js\";s:0:\"\";s:18:\"current_block_list\";a:8:{i:0;s:11:\"core\/search\";i:1;s:10:\"core\/group\";i:2;s:12:\"core\/heading\";i:3;s:17:\"core\/latest-posts\";i:4;s:20:\"core\/latest-comments\";i:5;s:13:\"core\/archives\";i:6;s:15:\"core\/categories\";i:7;s:14:\"core\/paragraph\";}s:8:\"uag_flag\";b:0;s:11:\"uag_version\";s:10:\"1777790592\";s:6:\"gfonts\";a:0:{}s:10:\"gfonts_url\";s:0:\"\";s:12:\"gfonts_files\";a:0:{}s:14:\"uag_faq_layout\";b:0;}"],"_wc_rating_count":[""]},"uagb_featured_image_src":{"full":["https:\/\/www.eshop.thermalpark.sk\/wp-content\/uploads\/2025\/10\/S-laskou.jpg",869,900,false],"thumbnail":["https:\/\/www.eshop.thermalpark.sk\/wp-content\/uploads\/2025\/10\/S-laskou-150x150.jpg",150,150,true],"medium":["https:\/\/www.eshop.thermalpark.sk\/wp-content\/uploads\/2025\/10\/S-laskou-290x300.jpg",290,300,true],"medium_large":["https:\/\/www.eshop.thermalpark.sk\/wp-content\/uploads\/2025\/10\/S-laskou-768x795.jpg",768,795,true],"large":["https:\/\/www.eshop.thermalpark.sk\/wp-content\/uploads\/2025\/10\/S-laskou.jpg",869,900,false],"1536x1536":["https:\/\/www.eshop.thermalpark.sk\/wp-content\/uploads\/2025\/10\/S-laskou.jpg",869,900,false],"2048x2048":["https:\/\/www.eshop.thermalpark.sk\/wp-content\/uploads\/2025\/10\/S-laskou.jpg",869,900,false],"woocommerce_thumbnail":["https:\/\/www.eshop.thermalpark.sk\/wp-content\/uploads\/2025\/10\/S-laskou.jpg",869,900,false],"woocommerce_single":["https:\/\/www.eshop.thermalpark.sk\/wp-content\/uploads\/2025\/10\/S-laskou.jpg",869,900,false],"woocommerce_gallery_thumbnail":["https:\/\/www.eshop.thermalpark.sk\/wp-content\/uploads\/2025\/10\/S-laskou-100x100.jpg",100,100,true]},"uagb_author_info":{"display_name":"Attila Simon","author_link":"https:\/\/www.eshop.thermalpark.sk\/hu\/archives\/author"},"uagb_comment_info":0,"uagb_excerpt":"A \u201eS l\u00e1skou\u201d d\u00edszcsomagol\u00e1s egy gyeng\u00e9d \u00e9s sz\u00edvb\u0151l j\u00f6v\u0151 m\u00f3dja annak, hogy kifejezd a szereteted \u00e9s \u00f6r\u00f6met szerezz szeretteidnek. A Thermalpark Dunaszerdahely aj\u00e1nd\u00e9kutalv\u00e1nyaival vagy aj\u00e1nd\u00e9kk\u00e1rty\u00e1ival kombin\u00e1lva \u0151szinte t\u00f6r\u0151d\u00e9st \u00e9s figyelmess\u00e9get k\u00f6zvet\u00edt. Ez az eleg\u00e1ns csomagol\u00e1s t\u00f6k\u00e9letes v\u00e1laszt\u00e1s p\u00e1rnak, sz\u00fcl\u0151knek vagy bar\u00e1toknak \u2013 egy aj\u00e1nd\u00e9k, amely meghitt pillanatokat, pihen\u00e9st \u00e9s k\u00f6z\u00f6s felt\u00f6lt\u0151d\u00e9st ny\u00fajt a term\u00e1lf\u00fcrd\u0151ben.","_links":{"self":[{"href":"https:\/\/www.eshop.thermalpark.sk\/hu\/wp-json\/wp\/v2\/product\/4189","targetHints":{"allow":["GET"]}}],"collection":[{"href":"https:\/\/www.eshop.thermalpark.sk\/hu\/wp-json\/wp\/v2\/product"}],"about":[{"href":"https:\/\/www.eshop.thermalpark.sk\/hu\/wp-json\/wp\/v2\/types\/product"}],"wp:featuredmedia":[{"embeddable":true,"href":"https:\/\/www.eshop.thermalpark.sk\/hu\/wp-json\/wp\/v2\/media\/4192"}],"wp:attachment":[{"href":"https:\/\/www.eshop.thermalpark.sk\/hu\/wp-json\/wp\/v2\/media?parent=4189"}],"wp:term":[{"taxonomy":"product_brand","embeddable":true,"href":"https:\/\/www.eshop.thermalpark.sk\/hu\/wp-json\/wp\/v2\/product_brand?post=4189"},{"taxonomy":"product_cat","embeddable":true,"href":"https:\/\/www.eshop.thermalpark.sk\/hu\/wp-json\/wp\/v2\/product_cat?post=4189"},{"taxonomy":"product_tag","embeddable":true,"href":"https:\/\/www.eshop.thermalpark.sk\/hu\/wp-json\/wp\/v2\/product_tag?post=4189"}],"curies":[{"name":"wp","href":"https:\/\/api.w.org\/{rel}","templated":true}]}}