{"id":1370,"date":"2025-07-09T13:08:06","date_gmt":"2025-07-09T11:08:06","guid":{"rendered":"https:\/\/www.eshop.thermalpark.sk\/product\/fa-hutomagnes"},"modified":"2025-07-14T13:53:42","modified_gmt":"2025-07-14T11:53:42","slug":"fa-hutomagnes","status":"publish","type":"product","link":"https:\/\/www.eshop.thermalpark.sk\/hu\/termek\/fa-hutomagnes","title":{"rendered":"Fa h\u0171t\u0151m\u00e1gnes"},"content":{"rendered":"<p>Az eleg\u00e1ns, f\u00e1b\u00f3l k\u00e9sz\u00fclt m\u00e1gnes ide\u00e1lis eml\u00e9k a l\u00e1togat\u00e1sr\u00f3l, amely a term\u00e1lf\u00fcrd\u0151ben val\u00f3 pihen\u00e9s \u00e9s k\u00e9nyelem eml\u00e9keit id\u00e9zi fel.<\/p>\n","protected":false},"excerpt":{"rendered":"<p>Az eleg\u00e1ns, f\u00e1b\u00f3l k\u00e9sz\u00fclt m\u00e1gnes ide\u00e1lis eml\u00e9k a l\u00e1togat\u00e1sr\u00f3l, amely a term\u00e1lf\u00fcrd\u0151ben val\u00f3 pihen\u00e9s \u00e9s k\u00e9nyelem eml\u00e9keit id\u00e9zi fel.<\/p>\n","protected":false},"featured_media":790,"template":"","meta":{"_uag_custom_page_level_css":"","site-sidebar-layout":"default","site-content-layout":"","ast-site-content-layout":"default","site-content-style":"default","site-sidebar-style":"default","ast-global-header-display":"","ast-banner-title-visibility":"","ast-main-header-display":"","ast-hfb-above-header-display":"","ast-hfb-below-header-display":"","ast-hfb-mobile-header-display":"","site-post-title":"","ast-breadcrumbs-content":"","ast-featured-img":"","footer-sml-layout":"","ast-disable-related-posts":"","theme-transparent-header-meta":"default","adv-header-id-meta":"","stick-header-meta":"default","header-above-stick-meta":"","header-main-stick-meta":"","header-below-stick-meta":"","astra-migrate-meta-layouts":"default","ast-page-background-enabled":"default","ast-page-background-meta":{"desktop":{"background-color":"var(--ast-global-color-5)","background-image":"","background-repeat":"repeat","background-position":"center center","background-size":"auto","background-attachment":"scroll","background-type":"","background-media":"","overlay-type":"","overlay-color":"","overlay-opacity":"","overlay-gradient":""},"tablet":{"background-color":"","background-image":"","background-repeat":"repeat","background-position":"center center","background-size":"auto","background-attachment":"scroll","background-type":"","background-media":"","overlay-type":"","overlay-color":"","overlay-opacity":"","overlay-gradient":""},"mobile":{"background-color":"","background-image":"","background-repeat":"repeat","background-position":"center center","background-size":"auto","background-attachment":"scroll","background-type":"","background-media":"","overlay-type":"","overlay-color":"","overlay-opacity":"","overlay-gradient":""}},"ast-content-background-meta":{"desktop":{"background-color":"var(--ast-global-color-4)","background-image":"","background-repeat":"repeat","background-position":"center center","background-size":"auto","background-attachment":"scroll","background-type":"","background-media":"","overlay-type":"","overlay-color":"","overlay-opacity":"","overlay-gradient":""},"tablet":{"background-color":"var(--ast-global-color-4)","background-image":"","background-repeat":"repeat","background-position":"center center","background-size":"auto","background-attachment":"scroll","background-type":"","background-media":"","overlay-type":"","overlay-color":"","overlay-opacity":"","overlay-gradient":""},"mobile":{"background-color":"var(--ast-global-color-4)","background-image":"","background-repeat":"repeat","background-position":"center center","background-size":"auto","background-attachment":"scroll","background-type":"","background-media":"","overlay-type":"","overlay-color":"","overlay-opacity":"","overlay-gradient":""}}},"product_brand":[],"product_cat":[41],"product_tag":[],"class_list":{"0":"post-1370","1":"product","2":"type-product","3":"status-publish","4":"has-post-thumbnail","6":"product_cat-ajandektargyak","7":"desktop-align-left","8":"tablet-align-left","9":"mobile-align-left","10":"ast-product-gallery-layout-horizontal-slider","11":"ast-product-gallery-with-no-image","12":"ast-product-single-variable","13":"ast-product-tabs-layout-horizontal","15":"first","16":"instock","17":"taxable","18":"shipping-taxable","19":"purchasable","20":"product-type-variable"},"yoast_head":"<!-- This site is optimized with the Yoast SEO plugin v27.4 - https:\/\/yoast.com\/product\/yoast-seo-wordpress\/ -->\n<title>Fa h\u0171t\u0151m\u00e1gnes - THERMALPARK E-SHOP<\/title>\n<meta name=\"robots\" content=\"index, follow, max-snippet:-1, max-image-preview:large, max-video-preview:-1\" \/>\n<link rel=\"canonical\" href=\"https:\/\/www.eshop.thermalpark.sk\/hu\/termek\/fa-hutomagnes\" \/>\n<meta property=\"og:locale\" content=\"hu_HU\" \/>\n<meta property=\"og:type\" content=\"article\" \/>\n<meta property=\"og:title\" content=\"Fa h\u0171t\u0151m\u00e1gnes - THERMALPARK E-SHOP\" \/>\n<meta property=\"og:description\" content=\"Az eleg\u00e1ns, f\u00e1b\u00f3l k\u00e9sz\u00fclt m\u00e1gnes ide\u00e1lis eml\u00e9k a l\u00e1togat\u00e1sr\u00f3l, amely a term\u00e1lf\u00fcrd\u0151ben val\u00f3 pihen\u00e9s \u00e9s k\u00e9nyelem eml\u00e9keit id\u00e9zi fel.\" \/>\n<meta property=\"og:url\" content=\"https:\/\/www.eshop.thermalpark.sk\/hu\/termek\/fa-hutomagnes\" \/>\n<meta property=\"og:site_name\" content=\"THERMALPARK E-SHOP\" \/>\n<meta property=\"article:publisher\" content=\"https:\/\/www.facebook.com\/ThermalparkDS\" \/>\n<meta property=\"article:modified_time\" content=\"2025-07-14T11:53:42+00:00\" \/>\n<meta property=\"og:image\" content=\"https:\/\/www.eshop.thermalpark.sk\/wp-content\/uploads\/2025\/07\/Magnetka-kora-c.1.jpg\" \/>\n\t<meta property=\"og:image:width\" content=\"2560\" \/>\n\t<meta property=\"og:image:height\" content=\"2560\" \/>\n\t<meta property=\"og:image:type\" content=\"image\/jpeg\" \/>\n<meta name=\"twitter:card\" content=\"summary_large_image\" \/>\n<script type=\"application\/ld+json\" class=\"yoast-schema-graph\">{\"@context\":\"https:\\\/\\\/schema.org\",\"@graph\":[{\"@type\":\"WebPage\",\"@id\":\"https:\\\/\\\/www.eshop.thermalpark.sk\\\/hu\\\/termek\\\/fa-hutomagnes\",\"url\":\"https:\\\/\\\/www.eshop.thermalpark.sk\\\/hu\\\/termek\\\/fa-hutomagnes\",\"name\":\"Fa h\u0171t\u0151m\u00e1gnes - THERMALPARK E-SHOP\",\"isPartOf\":{\"@id\":\"https:\\\/\\\/www.eshop.thermalpark.sk\\\/#website\"},\"primaryImageOfPage\":{\"@id\":\"https:\\\/\\\/www.eshop.thermalpark.sk\\\/hu\\\/termek\\\/fa-hutomagnes#primaryimage\"},\"image\":{\"@id\":\"https:\\\/\\\/www.eshop.thermalpark.sk\\\/hu\\\/termek\\\/fa-hutomagnes#primaryimage\"},\"thumbnailUrl\":\"https:\\\/\\\/www.eshop.thermalpark.sk\\\/wp-content\\\/uploads\\\/2025\\\/07\\\/Magnetka-kora-c.1.jpg\",\"datePublished\":\"2025-07-09T11:08:06+00:00\",\"dateModified\":\"2025-07-14T11:53:42+00:00\",\"breadcrumb\":{\"@id\":\"https:\\\/\\\/www.eshop.thermalpark.sk\\\/hu\\\/termek\\\/fa-hutomagnes#breadcrumb\"},\"inLanguage\":\"hu\",\"potentialAction\":[{\"@type\":\"ReadAction\",\"target\":[\"https:\\\/\\\/www.eshop.thermalpark.sk\\\/hu\\\/termek\\\/fa-hutomagnes\"]}]},{\"@type\":\"ImageObject\",\"inLanguage\":\"hu\",\"@id\":\"https:\\\/\\\/www.eshop.thermalpark.sk\\\/hu\\\/termek\\\/fa-hutomagnes#primaryimage\",\"url\":\"https:\\\/\\\/www.eshop.thermalpark.sk\\\/wp-content\\\/uploads\\\/2025\\\/07\\\/Magnetka-kora-c.1.jpg\",\"contentUrl\":\"https:\\\/\\\/www.eshop.thermalpark.sk\\\/wp-content\\\/uploads\\\/2025\\\/07\\\/Magnetka-kora-c.1.jpg\",\"width\":2560,\"height\":2560},{\"@type\":\"BreadcrumbList\",\"@id\":\"https:\\\/\\\/www.eshop.thermalpark.sk\\\/hu\\\/termek\\\/fa-hutomagnes#breadcrumb\",\"itemListElement\":[{\"@type\":\"ListItem\",\"position\":1,\"name\":\"Domovsk\u00e1 str\u00e1nka\",\"item\":\"https:\\\/\\\/www.eshop.thermalpark.sk\\\/hu\"},{\"@type\":\"ListItem\",\"position\":2,\"name\":\"Bolt\",\"item\":\"https:\\\/\\\/www.eshop.thermalpark.sk\\\/hu\\\/shop\"},{\"@type\":\"ListItem\",\"position\":3,\"name\":\"Fa h\u0171t\u0151m\u00e1gnes\"}]},{\"@type\":\"WebSite\",\"@id\":\"https:\\\/\\\/www.eshop.thermalpark.sk\\\/#website\",\"url\":\"https:\\\/\\\/www.eshop.thermalpark.sk\\\/\",\"name\":\"THERMALPARK E-SHOP\",\"description\":\"\",\"publisher\":{\"@id\":\"https:\\\/\\\/www.eshop.thermalpark.sk\\\/#organization\"},\"potentialAction\":[{\"@type\":\"SearchAction\",\"target\":{\"@type\":\"EntryPoint\",\"urlTemplate\":\"https:\\\/\\\/www.eshop.thermalpark.sk\\\/?s={search_term_string}\"},\"query-input\":{\"@type\":\"PropertyValueSpecification\",\"valueRequired\":true,\"valueName\":\"search_term_string\"}}],\"inLanguage\":\"hu\"},{\"@type\":\"Organization\",\"@id\":\"https:\\\/\\\/www.eshop.thermalpark.sk\\\/#organization\",\"name\":\"THERMALPARK DS, a.s.\",\"url\":\"https:\\\/\\\/www.eshop.thermalpark.sk\\\/\",\"logo\":{\"@type\":\"ImageObject\",\"inLanguage\":\"hu\",\"@id\":\"https:\\\/\\\/www.eshop.thermalpark.sk\\\/#\\\/schema\\\/logo\\\/image\\\/\",\"url\":\"https:\\\/\\\/www.eshop.thermalpark.sk\\\/wp-content\\\/uploads\\\/2025\\\/03\\\/cropped-thermalpark-logo3.png\",\"contentUrl\":\"https:\\\/\\\/www.eshop.thermalpark.sk\\\/wp-content\\\/uploads\\\/2025\\\/03\\\/cropped-thermalpark-logo3.png\",\"width\":1567,\"height\":411,\"caption\":\"THERMALPARK DS, a.s.\"},\"image\":{\"@id\":\"https:\\\/\\\/www.eshop.thermalpark.sk\\\/#\\\/schema\\\/logo\\\/image\\\/\"},\"sameAs\":[\"https:\\\/\\\/www.facebook.com\\\/ThermalparkDS\"]}]}<\/script>\n<!-- \/ Yoast SEO plugin. -->","yoast_head_json":{"title":"Fa h\u0171t\u0151m\u00e1gnes - THERMALPARK E-SHOP","robots":{"index":"index","follow":"follow","max-snippet":"max-snippet:-1","max-image-preview":"max-image-preview:large","max-video-preview":"max-video-preview:-1"},"canonical":"https:\/\/www.eshop.thermalpark.sk\/hu\/termek\/fa-hutomagnes","og_locale":"hu_HU","og_type":"article","og_title":"Fa h\u0171t\u0151m\u00e1gnes - THERMALPARK E-SHOP","og_description":"Az eleg\u00e1ns, f\u00e1b\u00f3l k\u00e9sz\u00fclt m\u00e1gnes ide\u00e1lis eml\u00e9k a l\u00e1togat\u00e1sr\u00f3l, amely a term\u00e1lf\u00fcrd\u0151ben val\u00f3 pihen\u00e9s \u00e9s k\u00e9nyelem eml\u00e9keit id\u00e9zi fel.","og_url":"https:\/\/www.eshop.thermalpark.sk\/hu\/termek\/fa-hutomagnes","og_site_name":"THERMALPARK E-SHOP","article_publisher":"https:\/\/www.facebook.com\/ThermalparkDS","article_modified_time":"2025-07-14T11:53:42+00:00","og_image":[{"width":2560,"height":2560,"url":"https:\/\/www.eshop.thermalpark.sk\/wp-content\/uploads\/2025\/07\/Magnetka-kora-c.1.jpg","type":"image\/jpeg"}],"twitter_card":"summary_large_image","schema":{"@context":"https:\/\/schema.org","@graph":[{"@type":"WebPage","@id":"https:\/\/www.eshop.thermalpark.sk\/hu\/termek\/fa-hutomagnes","url":"https:\/\/www.eshop.thermalpark.sk\/hu\/termek\/fa-hutomagnes","name":"Fa h\u0171t\u0151m\u00e1gnes - THERMALPARK E-SHOP","isPartOf":{"@id":"https:\/\/www.eshop.thermalpark.sk\/#website"},"primaryImageOfPage":{"@id":"https:\/\/www.eshop.thermalpark.sk\/hu\/termek\/fa-hutomagnes#primaryimage"},"image":{"@id":"https:\/\/www.eshop.thermalpark.sk\/hu\/termek\/fa-hutomagnes#primaryimage"},"thumbnailUrl":"https:\/\/www.eshop.thermalpark.sk\/wp-content\/uploads\/2025\/07\/Magnetka-kora-c.1.jpg","datePublished":"2025-07-09T11:08:06+00:00","dateModified":"2025-07-14T11:53:42+00:00","breadcrumb":{"@id":"https:\/\/www.eshop.thermalpark.sk\/hu\/termek\/fa-hutomagnes#breadcrumb"},"inLanguage":"hu","potentialAction":[{"@type":"ReadAction","target":["https:\/\/www.eshop.thermalpark.sk\/hu\/termek\/fa-hutomagnes"]}]},{"@type":"ImageObject","inLanguage":"hu","@id":"https:\/\/www.eshop.thermalpark.sk\/hu\/termek\/fa-hutomagnes#primaryimage","url":"https:\/\/www.eshop.thermalpark.sk\/wp-content\/uploads\/2025\/07\/Magnetka-kora-c.1.jpg","contentUrl":"https:\/\/www.eshop.thermalpark.sk\/wp-content\/uploads\/2025\/07\/Magnetka-kora-c.1.jpg","width":2560,"height":2560},{"@type":"BreadcrumbList","@id":"https:\/\/www.eshop.thermalpark.sk\/hu\/termek\/fa-hutomagnes#breadcrumb","itemListElement":[{"@type":"ListItem","position":1,"name":"Domovsk\u00e1 str\u00e1nka","item":"https:\/\/www.eshop.thermalpark.sk\/hu"},{"@type":"ListItem","position":2,"name":"Bolt","item":"https:\/\/www.eshop.thermalpark.sk\/hu\/shop"},{"@type":"ListItem","position":3,"name":"Fa h\u0171t\u0151m\u00e1gnes"}]},{"@type":"WebSite","@id":"https:\/\/www.eshop.thermalpark.sk\/#website","url":"https:\/\/www.eshop.thermalpark.sk\/","name":"THERMALPARK E-SHOP","description":"","publisher":{"@id":"https:\/\/www.eshop.thermalpark.sk\/#organization"},"potentialAction":[{"@type":"SearchAction","target":{"@type":"EntryPoint","urlTemplate":"https:\/\/www.eshop.thermalpark.sk\/?s={search_term_string}"},"query-input":{"@type":"PropertyValueSpecification","valueRequired":true,"valueName":"search_term_string"}}],"inLanguage":"hu"},{"@type":"Organization","@id":"https:\/\/www.eshop.thermalpark.sk\/#organization","name":"THERMALPARK DS, a.s.","url":"https:\/\/www.eshop.thermalpark.sk\/","logo":{"@type":"ImageObject","inLanguage":"hu","@id":"https:\/\/www.eshop.thermalpark.sk\/#\/schema\/logo\/image\/","url":"https:\/\/www.eshop.thermalpark.sk\/wp-content\/uploads\/2025\/03\/cropped-thermalpark-logo3.png","contentUrl":"https:\/\/www.eshop.thermalpark.sk\/wp-content\/uploads\/2025\/03\/cropped-thermalpark-logo3.png","width":1567,"height":411,"caption":"THERMALPARK DS, a.s."},"image":{"@id":"https:\/\/www.eshop.thermalpark.sk\/#\/schema\/logo\/image\/"},"sameAs":["https:\/\/www.facebook.com\/ThermalparkDS"]}]}},"spectra_custom_meta":{"_product_attributes":["a:1:{s:7:\"variant\";a:6:{s:4:\"name\";s:7:\"VARIANT\";s:5:\"value\";s:52:\"M\u00e1gnes 1. | M\u00e1gnes 22. | M\u00e1gnes 23. | M\u00e1gnes 24.\";s:8:\"position\";i:0;s:10:\"is_visible\";i:1;s:12:\"is_variation\";i:1;s:11:\"is_taxonomy\";i:0;}}"],"attr_label_translations":["a:1:{s:2:\"hu\";a:1:{s:7:\"variant\";s:6:\"T\u00cdPUS\";}}"],"_wcml_average_rating":[null],"_wcml_review_count":[null],"_wcml_rating_count":[null],"_backorders":["no"],"_download_limit":["-1"],"_download_expiry":["-1"],"_downloadable":["no"],"_manage_stock":["no"],"_stock_status":["instock"],"_sold_individually":["no"],"_tax_class":[""],"_tax_status":["taxable"],"_virtual":["no"],"total_sales":["0"],"_price":["2.50"],"_wpml_media_duplicate":["1"],"_wpml_media_featured":["1"],"stick-header-meta":["default"],"site-sidebar-layout":["default"],"theme-transparent-header-meta":["default"],"ast-site-content-layout":["default"],"site-content-style":["default"],"site-sidebar-style":["default"],"_top_nav_excluded":[""],"_cms_nav_minihome":[""],"_downloadable_files":[""],"_thumbnail_id":["790"],"_product_image_gallery":[""],"_crosssell_ids":["a:0:{}"],"_wpml_word_count":["56"],"_edit_lock":["1752493593:3"],"_last_translation_edit_mode":["translation-editor"],"_uag_css_file_name":["uag-css-1370.css"],"_uag_page_assets":["a:9:{s:3:\"css\";s:0:\"\";s:2:\"js\";s:0:\"\";s:18:\"current_block_list\";a:8:{i:0;s:11:\"core\/search\";i:1;s:10:\"core\/group\";i:2;s:12:\"core\/heading\";i:3;s:17:\"core\/latest-posts\";i:4;s:20:\"core\/latest-comments\";i:5;s:13:\"core\/archives\";i:6;s:15:\"core\/categories\";i:7;s:14:\"core\/paragraph\";}s:8:\"uag_flag\";b:0;s:11:\"uag_version\";s:10:\"1778237124\";s:6:\"gfonts\";a:0:{}s:10:\"gfonts_url\";s:0:\"\";s:12:\"gfonts_files\";a:0:{}s:14:\"uag_faq_layout\";b:0;}"],"_wc_rating_count":[""],"_wc_review_count":[""],"_wc_average_rating":[0]},"uagb_featured_image_src":{"full":["https:\/\/www.eshop.thermalpark.sk\/wp-content\/uploads\/2025\/07\/Magnetka-kora-c.1.jpg",2560,2560,false],"thumbnail":["https:\/\/www.eshop.thermalpark.sk\/wp-content\/uploads\/2025\/07\/Magnetka-kora-c.1-150x150.jpg",150,150,true],"medium":["https:\/\/www.eshop.thermalpark.sk\/wp-content\/uploads\/2025\/07\/Magnetka-kora-c.1-300x300.jpg",300,300,true],"medium_large":["https:\/\/www.eshop.thermalpark.sk\/wp-content\/uploads\/2025\/07\/Magnetka-kora-c.1-768x768.jpg",768,768,true],"large":["https:\/\/www.eshop.thermalpark.sk\/wp-content\/uploads\/2025\/07\/Magnetka-kora-c.1-1024x1024.jpg",1024,1024,true],"1536x1536":["https:\/\/www.eshop.thermalpark.sk\/wp-content\/uploads\/2025\/07\/Magnetka-kora-c.1-1536x1536.jpg",1536,1536,true],"2048x2048":["https:\/\/www.eshop.thermalpark.sk\/wp-content\/uploads\/2025\/07\/Magnetka-kora-c.1-2048x2048.jpg",2048,2048,true],"woocommerce_thumbnail":["https:\/\/www.eshop.thermalpark.sk\/wp-content\/uploads\/2025\/07\/Magnetka-kora-c.1-1080x1080.jpg",1080,1080,true],"woocommerce_single":["https:\/\/www.eshop.thermalpark.sk\/wp-content\/uploads\/2025\/07\/Magnetka-kora-c.1-1080x1080.jpg",1080,1080,true],"woocommerce_gallery_thumbnail":["https:\/\/www.eshop.thermalpark.sk\/wp-content\/uploads\/2025\/07\/Magnetka-kora-c.1-100x100.jpg",100,100,true]},"uagb_author_info":{"display_name":"Attila Simon","author_link":"https:\/\/www.eshop.thermalpark.sk\/hu\/archives\/author"},"uagb_comment_info":0,"uagb_excerpt":"Az eleg\u00e1ns, f\u00e1b\u00f3l k\u00e9sz\u00fclt m\u00e1gnes ide\u00e1lis eml\u00e9k a l\u00e1togat\u00e1sr\u00f3l, amely a term\u00e1lf\u00fcrd\u0151ben val\u00f3 pihen\u00e9s \u00e9s k\u00e9nyelem eml\u00e9keit id\u00e9zi fel.","_links":{"self":[{"href":"https:\/\/www.eshop.thermalpark.sk\/hu\/wp-json\/wp\/v2\/product\/1370","targetHints":{"allow":["GET"]}}],"collection":[{"href":"https:\/\/www.eshop.thermalpark.sk\/hu\/wp-json\/wp\/v2\/product"}],"about":[{"href":"https:\/\/www.eshop.thermalpark.sk\/hu\/wp-json\/wp\/v2\/types\/product"}],"wp:featuredmedia":[{"embeddable":true,"href":"https:\/\/www.eshop.thermalpark.sk\/hu\/wp-json\/wp\/v2\/media\/790"}],"wp:attachment":[{"href":"https:\/\/www.eshop.thermalpark.sk\/hu\/wp-json\/wp\/v2\/media?parent=1370"}],"wp:term":[{"taxonomy":"product_brand","embeddable":true,"href":"https:\/\/www.eshop.thermalpark.sk\/hu\/wp-json\/wp\/v2\/product_brand?post=1370"},{"taxonomy":"product_cat","embeddable":true,"href":"https:\/\/www.eshop.thermalpark.sk\/hu\/wp-json\/wp\/v2\/product_cat?post=1370"},{"taxonomy":"product_tag","embeddable":true,"href":"https:\/\/www.eshop.thermalpark.sk\/hu\/wp-json\/wp\/v2\/product_tag?post=1370"}],"curies":[{"name":"wp","href":"https:\/\/api.w.org\/{rel}","templated":true}]}}