{"id":1247,"date":"2025-07-09T10:22:19","date_gmt":"2025-07-09T08:22:19","guid":{"rendered":"https:\/\/www.eshop.thermalpark.sk\/product\/plysak-csaba"},"modified":"2025-07-11T12:19:11","modified_gmt":"2025-07-11T10:19:11","slug":"plysak-csaba","status":"publish","type":"product","link":"https:\/\/www.eshop.thermalpark.sk\/hu\/termek\/plysak-csaba","title":{"rendered":"Csaba pl\u00fcssfigura"},"content":{"rendered":"<p>Csaba, a Thermalpark egyik kabalafigur\u00e1ja. Ez a pl\u00fcss\u00e1llat ide\u00e1lis aj\u00e1nd\u00e9k a gyerekeknek \u00e9s az eml\u00e9kt\u00e1rgyak gy\u0171jt\u0151inek, eml\u00e9keztetve \u0151ket a Thermalparkban szerzett felejthetetlen \u00e9lm\u00e9nyekre. <\/p>\n","protected":false},"excerpt":{"rendered":"<p>Csaba, a Thermalpark egyik kabalafigur\u00e1ja. Ez a pl\u00fcss\u00e1llat ide\u00e1lis aj\u00e1nd\u00e9k a gyerekeknek \u00e9s az eml\u00e9kt\u00e1rgyak gy\u0171jt\u0151inek, eml\u00e9keztetve \u0151ket a Thermalparkban szerzett felejthetetlen \u00e9lm\u00e9nyekre. <\/p>\n","protected":false},"featured_media":599,"template":"","meta":{"_uag_custom_page_level_css":"","site-sidebar-layout":"default","site-content-layout":"","ast-site-content-layout":"default","site-content-style":"default","site-sidebar-style":"default","ast-global-header-display":"","ast-banner-title-visibility":"","ast-main-header-display":"","ast-hfb-above-header-display":"","ast-hfb-below-header-display":"","ast-hfb-mobile-header-display":"","site-post-title":"","ast-breadcrumbs-content":"","ast-featured-img":"","footer-sml-layout":"","ast-disable-related-posts":"","theme-transparent-header-meta":"default","adv-header-id-meta":"","stick-header-meta":"default","header-above-stick-meta":"","header-main-stick-meta":"","header-below-stick-meta":"","astra-migrate-meta-layouts":"default","ast-page-background-enabled":"default","ast-page-background-meta":{"desktop":{"background-color":"var(--ast-global-color-5)","background-image":"","background-repeat":"repeat","background-position":"center center","background-size":"auto","background-attachment":"scroll","background-type":"","background-media":"","overlay-type":"","overlay-color":"","overlay-opacity":"","overlay-gradient":""},"tablet":{"background-color":"","background-image":"","background-repeat":"repeat","background-position":"center center","background-size":"auto","background-attachment":"scroll","background-type":"","background-media":"","overlay-type":"","overlay-color":"","overlay-opacity":"","overlay-gradient":""},"mobile":{"background-color":"","background-image":"","background-repeat":"repeat","background-position":"center center","background-size":"auto","background-attachment":"scroll","background-type":"","background-media":"","overlay-type":"","overlay-color":"","overlay-opacity":"","overlay-gradient":""}},"ast-content-background-meta":{"desktop":{"background-color":"var(--ast-global-color-4)","background-image":"","background-repeat":"repeat","background-position":"center center","background-size":"auto","background-attachment":"scroll","background-type":"","background-media":"","overlay-type":"","overlay-color":"","overlay-opacity":"","overlay-gradient":""},"tablet":{"background-color":"var(--ast-global-color-4)","background-image":"","background-repeat":"repeat","background-position":"center center","background-size":"auto","background-attachment":"scroll","background-type":"","background-media":"","overlay-type":"","overlay-color":"","overlay-opacity":"","overlay-gradient":""},"mobile":{"background-color":"var(--ast-global-color-4)","background-image":"","background-repeat":"repeat","background-position":"center center","background-size":"auto","background-attachment":"scroll","background-type":"","background-media":"","overlay-type":"","overlay-color":"","overlay-opacity":"","overlay-gradient":""}}},"product_brand":[],"product_cat":[41],"product_tag":[],"class_list":{"0":"post-1247","1":"product","2":"type-product","3":"status-publish","4":"has-post-thumbnail","6":"product_cat-ajandektargyak","7":"desktop-align-left","8":"tablet-align-left","9":"mobile-align-left","10":"ast-product-gallery-layout-horizontal-slider","11":"ast-product-tabs-layout-horizontal","13":"first","14":"instock","15":"taxable","16":"shipping-taxable","17":"purchasable","18":"product-type-simple"},"yoast_head":"<!-- This site is optimized with the Yoast SEO plugin v27.4 - https:\/\/yoast.com\/product\/yoast-seo-wordpress\/ -->\n<title>Csaba pl\u00fcssfigura - THERMALPARK E-SHOP<\/title>\n<meta name=\"robots\" content=\"index, follow, max-snippet:-1, max-image-preview:large, max-video-preview:-1\" \/>\n<link rel=\"canonical\" href=\"https:\/\/www.eshop.thermalpark.sk\/hu\/termek\/plysak-csaba\" \/>\n<meta property=\"og:locale\" content=\"hu_HU\" \/>\n<meta property=\"og:type\" content=\"article\" \/>\n<meta property=\"og:title\" content=\"Csaba pl\u00fcssfigura - THERMALPARK E-SHOP\" \/>\n<meta property=\"og:description\" content=\"Csaba, a Thermalpark egyik kabalafigur\u00e1ja. Ez a pl\u00fcss\u00e1llat ide\u00e1lis aj\u00e1nd\u00e9k a gyerekeknek \u00e9s az eml\u00e9kt\u00e1rgyak gy\u0171jt\u0151inek, eml\u00e9keztetve \u0151ket a Thermalparkban szerzett felejthetetlen \u00e9lm\u00e9nyekre.\" \/>\n<meta property=\"og:url\" content=\"https:\/\/www.eshop.thermalpark.sk\/hu\/termek\/plysak-csaba\" \/>\n<meta property=\"og:site_name\" content=\"THERMALPARK E-SHOP\" \/>\n<meta property=\"article:publisher\" content=\"https:\/\/www.facebook.com\/ThermalparkDS\" \/>\n<meta property=\"article:modified_time\" content=\"2025-07-11T10:19:11+00:00\" \/>\n<meta property=\"og:image\" content=\"https:\/\/www.eshop.thermalpark.sk\/wp-content\/uploads\/2025\/07\/csaba-1024x1024.png\" \/>\n\t<meta property=\"og:image:width\" content=\"1024\" \/>\n\t<meta property=\"og:image:height\" content=\"1024\" \/>\n\t<meta property=\"og:image:type\" content=\"image\/png\" \/>\n<meta name=\"twitter:card\" content=\"summary_large_image\" \/>\n<script type=\"application\/ld+json\" class=\"yoast-schema-graph\">{\"@context\":\"https:\\\/\\\/schema.org\",\"@graph\":[{\"@type\":\"WebPage\",\"@id\":\"https:\\\/\\\/www.eshop.thermalpark.sk\\\/hu\\\/termek\\\/plysak-csaba\",\"url\":\"https:\\\/\\\/www.eshop.thermalpark.sk\\\/hu\\\/termek\\\/plysak-csaba\",\"name\":\"Csaba pl\u00fcssfigura - THERMALPARK E-SHOP\",\"isPartOf\":{\"@id\":\"https:\\\/\\\/www.eshop.thermalpark.sk\\\/#website\"},\"primaryImageOfPage\":{\"@id\":\"https:\\\/\\\/www.eshop.thermalpark.sk\\\/hu\\\/termek\\\/plysak-csaba#primaryimage\"},\"image\":{\"@id\":\"https:\\\/\\\/www.eshop.thermalpark.sk\\\/hu\\\/termek\\\/plysak-csaba#primaryimage\"},\"thumbnailUrl\":\"https:\\\/\\\/www.eshop.thermalpark.sk\\\/wp-content\\\/uploads\\\/2025\\\/07\\\/csaba.png\",\"datePublished\":\"2025-07-09T08:22:19+00:00\",\"dateModified\":\"2025-07-11T10:19:11+00:00\",\"breadcrumb\":{\"@id\":\"https:\\\/\\\/www.eshop.thermalpark.sk\\\/hu\\\/termek\\\/plysak-csaba#breadcrumb\"},\"inLanguage\":\"hu\",\"potentialAction\":[{\"@type\":\"ReadAction\",\"target\":[\"https:\\\/\\\/www.eshop.thermalpark.sk\\\/hu\\\/termek\\\/plysak-csaba\"]}]},{\"@type\":\"ImageObject\",\"inLanguage\":\"hu\",\"@id\":\"https:\\\/\\\/www.eshop.thermalpark.sk\\\/hu\\\/termek\\\/plysak-csaba#primaryimage\",\"url\":\"https:\\\/\\\/www.eshop.thermalpark.sk\\\/wp-content\\\/uploads\\\/2025\\\/07\\\/csaba.png\",\"contentUrl\":\"https:\\\/\\\/www.eshop.thermalpark.sk\\\/wp-content\\\/uploads\\\/2025\\\/07\\\/csaba.png\",\"width\":2560,\"height\":2560},{\"@type\":\"BreadcrumbList\",\"@id\":\"https:\\\/\\\/www.eshop.thermalpark.sk\\\/hu\\\/termek\\\/plysak-csaba#breadcrumb\",\"itemListElement\":[{\"@type\":\"ListItem\",\"position\":1,\"name\":\"Domovsk\u00e1 str\u00e1nka\",\"item\":\"https:\\\/\\\/www.eshop.thermalpark.sk\\\/hu\"},{\"@type\":\"ListItem\",\"position\":2,\"name\":\"Bolt\",\"item\":\"https:\\\/\\\/www.eshop.thermalpark.sk\\\/hu\\\/shop\"},{\"@type\":\"ListItem\",\"position\":3,\"name\":\"Csaba pl\u00fcssfigura\"}]},{\"@type\":\"WebSite\",\"@id\":\"https:\\\/\\\/www.eshop.thermalpark.sk\\\/#website\",\"url\":\"https:\\\/\\\/www.eshop.thermalpark.sk\\\/\",\"name\":\"THERMALPARK E-SHOP\",\"description\":\"\",\"publisher\":{\"@id\":\"https:\\\/\\\/www.eshop.thermalpark.sk\\\/#organization\"},\"potentialAction\":[{\"@type\":\"SearchAction\",\"target\":{\"@type\":\"EntryPoint\",\"urlTemplate\":\"https:\\\/\\\/www.eshop.thermalpark.sk\\\/?s={search_term_string}\"},\"query-input\":{\"@type\":\"PropertyValueSpecification\",\"valueRequired\":true,\"valueName\":\"search_term_string\"}}],\"inLanguage\":\"hu\"},{\"@type\":\"Organization\",\"@id\":\"https:\\\/\\\/www.eshop.thermalpark.sk\\\/#organization\",\"name\":\"THERMALPARK DS, a.s.\",\"url\":\"https:\\\/\\\/www.eshop.thermalpark.sk\\\/\",\"logo\":{\"@type\":\"ImageObject\",\"inLanguage\":\"hu\",\"@id\":\"https:\\\/\\\/www.eshop.thermalpark.sk\\\/#\\\/schema\\\/logo\\\/image\\\/\",\"url\":\"https:\\\/\\\/www.eshop.thermalpark.sk\\\/wp-content\\\/uploads\\\/2025\\\/03\\\/cropped-thermalpark-logo3.png\",\"contentUrl\":\"https:\\\/\\\/www.eshop.thermalpark.sk\\\/wp-content\\\/uploads\\\/2025\\\/03\\\/cropped-thermalpark-logo3.png\",\"width\":1567,\"height\":411,\"caption\":\"THERMALPARK DS, a.s.\"},\"image\":{\"@id\":\"https:\\\/\\\/www.eshop.thermalpark.sk\\\/#\\\/schema\\\/logo\\\/image\\\/\"},\"sameAs\":[\"https:\\\/\\\/www.facebook.com\\\/ThermalparkDS\"]}]}<\/script>\n<!-- \/ Yoast SEO plugin. -->","yoast_head_json":{"title":"Csaba pl\u00fcssfigura - THERMALPARK E-SHOP","robots":{"index":"index","follow":"follow","max-snippet":"max-snippet:-1","max-image-preview":"max-image-preview:large","max-video-preview":"max-video-preview:-1"},"canonical":"https:\/\/www.eshop.thermalpark.sk\/hu\/termek\/plysak-csaba","og_locale":"hu_HU","og_type":"article","og_title":"Csaba pl\u00fcssfigura - THERMALPARK E-SHOP","og_description":"Csaba, a Thermalpark egyik kabalafigur\u00e1ja. Ez a pl\u00fcss\u00e1llat ide\u00e1lis aj\u00e1nd\u00e9k a gyerekeknek \u00e9s az eml\u00e9kt\u00e1rgyak gy\u0171jt\u0151inek, eml\u00e9keztetve \u0151ket a Thermalparkban szerzett felejthetetlen \u00e9lm\u00e9nyekre.","og_url":"https:\/\/www.eshop.thermalpark.sk\/hu\/termek\/plysak-csaba","og_site_name":"THERMALPARK E-SHOP","article_publisher":"https:\/\/www.facebook.com\/ThermalparkDS","article_modified_time":"2025-07-11T10:19:11+00:00","og_image":[{"width":1024,"height":1024,"url":"https:\/\/www.eshop.thermalpark.sk\/wp-content\/uploads\/2025\/07\/csaba-1024x1024.png","type":"image\/png"}],"twitter_card":"summary_large_image","schema":{"@context":"https:\/\/schema.org","@graph":[{"@type":"WebPage","@id":"https:\/\/www.eshop.thermalpark.sk\/hu\/termek\/plysak-csaba","url":"https:\/\/www.eshop.thermalpark.sk\/hu\/termek\/plysak-csaba","name":"Csaba pl\u00fcssfigura - THERMALPARK E-SHOP","isPartOf":{"@id":"https:\/\/www.eshop.thermalpark.sk\/#website"},"primaryImageOfPage":{"@id":"https:\/\/www.eshop.thermalpark.sk\/hu\/termek\/plysak-csaba#primaryimage"},"image":{"@id":"https:\/\/www.eshop.thermalpark.sk\/hu\/termek\/plysak-csaba#primaryimage"},"thumbnailUrl":"https:\/\/www.eshop.thermalpark.sk\/wp-content\/uploads\/2025\/07\/csaba.png","datePublished":"2025-07-09T08:22:19+00:00","dateModified":"2025-07-11T10:19:11+00:00","breadcrumb":{"@id":"https:\/\/www.eshop.thermalpark.sk\/hu\/termek\/plysak-csaba#breadcrumb"},"inLanguage":"hu","potentialAction":[{"@type":"ReadAction","target":["https:\/\/www.eshop.thermalpark.sk\/hu\/termek\/plysak-csaba"]}]},{"@type":"ImageObject","inLanguage":"hu","@id":"https:\/\/www.eshop.thermalpark.sk\/hu\/termek\/plysak-csaba#primaryimage","url":"https:\/\/www.eshop.thermalpark.sk\/wp-content\/uploads\/2025\/07\/csaba.png","contentUrl":"https:\/\/www.eshop.thermalpark.sk\/wp-content\/uploads\/2025\/07\/csaba.png","width":2560,"height":2560},{"@type":"BreadcrumbList","@id":"https:\/\/www.eshop.thermalpark.sk\/hu\/termek\/plysak-csaba#breadcrumb","itemListElement":[{"@type":"ListItem","position":1,"name":"Domovsk\u00e1 str\u00e1nka","item":"https:\/\/www.eshop.thermalpark.sk\/hu"},{"@type":"ListItem","position":2,"name":"Bolt","item":"https:\/\/www.eshop.thermalpark.sk\/hu\/shop"},{"@type":"ListItem","position":3,"name":"Csaba pl\u00fcssfigura"}]},{"@type":"WebSite","@id":"https:\/\/www.eshop.thermalpark.sk\/#website","url":"https:\/\/www.eshop.thermalpark.sk\/","name":"THERMALPARK E-SHOP","description":"","publisher":{"@id":"https:\/\/www.eshop.thermalpark.sk\/#organization"},"potentialAction":[{"@type":"SearchAction","target":{"@type":"EntryPoint","urlTemplate":"https:\/\/www.eshop.thermalpark.sk\/?s={search_term_string}"},"query-input":{"@type":"PropertyValueSpecification","valueRequired":true,"valueName":"search_term_string"}}],"inLanguage":"hu"},{"@type":"Organization","@id":"https:\/\/www.eshop.thermalpark.sk\/#organization","name":"THERMALPARK DS, a.s.","url":"https:\/\/www.eshop.thermalpark.sk\/","logo":{"@type":"ImageObject","inLanguage":"hu","@id":"https:\/\/www.eshop.thermalpark.sk\/#\/schema\/logo\/image\/","url":"https:\/\/www.eshop.thermalpark.sk\/wp-content\/uploads\/2025\/03\/cropped-thermalpark-logo3.png","contentUrl":"https:\/\/www.eshop.thermalpark.sk\/wp-content\/uploads\/2025\/03\/cropped-thermalpark-logo3.png","width":1567,"height":411,"caption":"THERMALPARK DS, a.s."},"image":{"@id":"https:\/\/www.eshop.thermalpark.sk\/#\/schema\/logo\/image\/"},"sameAs":["https:\/\/www.facebook.com\/ThermalparkDS"]}]}},"spectra_custom_meta":{"_sku":["53914\/CS"],"_regular_price":["9.50"],"total_sales":["8"],"_tax_status":["taxable"],"_tax_class":[""],"_manage_stock":["no"],"_backorders":["no"],"_sold_individually":["no"],"_virtual":["no"],"_downloadable":["no"],"_download_limit":["-1"],"_download_expiry":["-1"],"_stock_status":["instock"],"_price":["9.50"],"site-sidebar-layout":["default"],"ast-site-content-layout":["default"],"site-content-style":["default"],"site-sidebar-style":["default"],"theme-transparent-header-meta":["default"],"stick-header-meta":["default"],"_wpml_media_duplicate":["1"],"_wpml_media_featured":["1"],"_thumbnail_id":["599"],"_downloadable_files":[""],"_product_attributes":["a:0:{}"],"_default_attributes":["a:0:{}"],"_product_image_gallery":["602,605"],"_upsell_ids":["a:0:{}"],"_crosssell_ids":["a:0:{}"],"_children":["a:0:{}"],"_wcml_average_rating":[null],"_wcml_review_count":[null],"_wcml_rating_count":[null],"_wpml_word_count":["77"],"_last_translation_edit_mode":["translation-editor"],"_top_nav_excluded":[""],"_cms_nav_minihome":[""],"_uag_css_file_name":["uag-css-1247.css"],"_uag_page_assets":["a:9:{s:3:\"css\";s:0:\"\";s:2:\"js\";s:0:\"\";s:18:\"current_block_list\";a:8:{i:0;s:11:\"core\/search\";i:1;s:10:\"core\/group\";i:2;s:12:\"core\/heading\";i:3;s:17:\"core\/latest-posts\";i:4;s:20:\"core\/latest-comments\";i:5;s:13:\"core\/archives\";i:6;s:15:\"core\/categories\";i:7;s:14:\"core\/paragraph\";}s:8:\"uag_flag\";b:0;s:11:\"uag_version\";s:10:\"1777784717\";s:6:\"gfonts\";a:0:{}s:10:\"gfonts_url\";s:0:\"\";s:12:\"gfonts_files\";a:0:{}s:14:\"uag_faq_layout\";b:0;}"],"_wc_rating_count":[""],"_wc_review_count":[""],"_wc_average_rating":[0]},"uagb_featured_image_src":{"full":["https:\/\/www.eshop.thermalpark.sk\/wp-content\/uploads\/2025\/07\/csaba.png",2560,2560,false],"thumbnail":["https:\/\/www.eshop.thermalpark.sk\/wp-content\/uploads\/2025\/07\/csaba-150x150.png",150,150,true],"medium":["https:\/\/www.eshop.thermalpark.sk\/wp-content\/uploads\/2025\/07\/csaba-300x300.png",300,300,true],"medium_large":["https:\/\/www.eshop.thermalpark.sk\/wp-content\/uploads\/2025\/07\/csaba-768x768.png",768,768,true],"large":["https:\/\/www.eshop.thermalpark.sk\/wp-content\/uploads\/2025\/07\/csaba-1024x1024.png",1024,1024,true],"1536x1536":["https:\/\/www.eshop.thermalpark.sk\/wp-content\/uploads\/2025\/07\/csaba-1536x1536.png",1536,1536,true],"2048x2048":["https:\/\/www.eshop.thermalpark.sk\/wp-content\/uploads\/2025\/07\/csaba-2048x2048.png",2048,2048,true],"woocommerce_thumbnail":["https:\/\/www.eshop.thermalpark.sk\/wp-content\/uploads\/2025\/07\/csaba-1080x1080.png",1080,1080,true],"woocommerce_single":["https:\/\/www.eshop.thermalpark.sk\/wp-content\/uploads\/2025\/07\/csaba-1080x1080.png",1080,1080,true],"woocommerce_gallery_thumbnail":["https:\/\/www.eshop.thermalpark.sk\/wp-content\/uploads\/2025\/07\/csaba-100x100.png",100,100,true]},"uagb_author_info":{"display_name":"Attila Simon","author_link":"https:\/\/www.eshop.thermalpark.sk\/hu\/archives\/author"},"uagb_comment_info":0,"uagb_excerpt":"Csaba, a Thermalpark egyik kabalafigur\u00e1ja. Ez a pl\u00fcss\u00e1llat ide\u00e1lis aj\u00e1nd\u00e9k a gyerekeknek \u00e9s az eml\u00e9kt\u00e1rgyak gy\u0171jt\u0151inek, eml\u00e9keztetve \u0151ket a Thermalparkban szerzett felejthetetlen \u00e9lm\u00e9nyekre.","_links":{"self":[{"href":"https:\/\/www.eshop.thermalpark.sk\/hu\/wp-json\/wp\/v2\/product\/1247","targetHints":{"allow":["GET"]}}],"collection":[{"href":"https:\/\/www.eshop.thermalpark.sk\/hu\/wp-json\/wp\/v2\/product"}],"about":[{"href":"https:\/\/www.eshop.thermalpark.sk\/hu\/wp-json\/wp\/v2\/types\/product"}],"wp:featuredmedia":[{"embeddable":true,"href":"https:\/\/www.eshop.thermalpark.sk\/hu\/wp-json\/wp\/v2\/media\/599"}],"wp:attachment":[{"href":"https:\/\/www.eshop.thermalpark.sk\/hu\/wp-json\/wp\/v2\/media?parent=1247"}],"wp:term":[{"taxonomy":"product_brand","embeddable":true,"href":"https:\/\/www.eshop.thermalpark.sk\/hu\/wp-json\/wp\/v2\/product_brand?post=1247"},{"taxonomy":"product_cat","embeddable":true,"href":"https:\/\/www.eshop.thermalpark.sk\/hu\/wp-json\/wp\/v2\/product_cat?post=1247"},{"taxonomy":"product_tag","embeddable":true,"href":"https:\/\/www.eshop.thermalpark.sk\/hu\/wp-json\/wp\/v2\/product_tag?post=1247"}],"curies":[{"name":"wp","href":"https:\/\/api.w.org\/{rel}","templated":true}]}}