{"id":1152,"date":"2025-07-09T09:57:43","date_gmt":"2025-07-09T07:57:43","guid":{"rendered":"https:\/\/www.eshop.thermalpark.sk\/product\/darcekovy-poukaz-na-pobyt-v-hoteli-thermalpark"},"modified":"2026-02-24T13:46:18","modified_gmt":"2026-02-24T11:46:18","slug":"darcekovy-poukaz-na-pobyt-v-hoteli-thermalpark","status":"publish","type":"product","link":"https:\/\/www.eshop.thermalpark.sk\/hu\/termek\/darcekovy-poukaz-na-pobyt-v-hoteli-thermalpark","title":{"rendered":"Aj\u00e1nd\u00e9kutalv\u00e1ny a Hotel Thermalpark*** sz\u00e1llod\u00e1ban val\u00f3 tart\u00f3zkod\u00e1sra"},"content":{"rendered":"<p>Szabadid\u0151s d\u00edj: 2 EUR \/ f\u0151 \/ \u00e9jszaka (a helysz\u00ednen fizetend\u0151)<br \/>\nAz utalv\u00e1ny \u00e9rv\u00e9nyess\u00e9ge: 2026. december 31. (kiv\u00e9ve h\u00fasv\u00e9t, kar\u00e1csony \u00e9s szilveszter)<br \/>\nFelh\u00edvjuk figyelm\u00e9t: Az utalv\u00e1nyt elektronikus \u00faton k\u00fcldj\u00fck el az \u00d6n e-mail c\u00edm\u00e9re!<\/p>\n","protected":false},"excerpt":{"rendered":"<p>Az utalv\u00e1ny tartalmazza: K\u00e9t f\u0151 r\u00e9sz\u00e9re k\u00e9t\u00e1gyas szob\u00e1ban, f\u00e9lpanzi\u00f3s ell\u00e1t\u00e1ssal, korl\u00e1tlan uszodahaszn\u00e1lat a teljes tart\u00f3zkod\u00e1s ideje alatt, ingyenes Wifi, ingyenes parkol\u00e1s k\u00f6zvetlen\u00fcl a sz\u00e1lloda el\u0151tt.<\/p>\n<p>Figyelem! Az utalv\u00e1nyt e-mailben k\u00fcldj\u00fck az \u00d6n e-mail c\u00edm\u00e9re!<\/p>\n","protected":false},"featured_media":4798,"template":"","meta":{"_uag_custom_page_level_css":"","site-sidebar-layout":"default","site-content-layout":"","ast-site-content-layout":"default","site-content-style":"default","site-sidebar-style":"default","ast-global-header-display":"","ast-banner-title-visibility":"","ast-main-header-display":"","ast-hfb-above-header-display":"","ast-hfb-below-header-display":"","ast-hfb-mobile-header-display":"","site-post-title":"","ast-breadcrumbs-content":"","ast-featured-img":"","footer-sml-layout":"","ast-disable-related-posts":"","theme-transparent-header-meta":"default","adv-header-id-meta":"","stick-header-meta":"default","header-above-stick-meta":"","header-main-stick-meta":"","header-below-stick-meta":"","astra-migrate-meta-layouts":"set","ast-page-background-enabled":"default","ast-page-background-meta":{"desktop":{"background-color":"var(--ast-global-color-5)","background-image":"","background-repeat":"repeat","background-position":"center center","background-size":"auto","background-attachment":"scroll","background-type":"","background-media":"","overlay-type":"","overlay-color":"","overlay-opacity":"","overlay-gradient":""},"tablet":{"background-color":"","background-image":"","background-repeat":"repeat","background-position":"center center","background-size":"auto","background-attachment":"scroll","background-type":"","background-media":"","overlay-type":"","overlay-color":"","overlay-opacity":"","overlay-gradient":""},"mobile":{"background-color":"","background-image":"","background-repeat":"repeat","background-position":"center center","background-size":"auto","background-attachment":"scroll","background-type":"","background-media":"","overlay-type":"","overlay-color":"","overlay-opacity":"","overlay-gradient":""}},"ast-content-background-meta":{"desktop":{"background-color":"var(--ast-global-color-4)","background-image":"","background-repeat":"repeat","background-position":"center center","background-size":"auto","background-attachment":"scroll","background-type":"","background-media":"","overlay-type":"","overlay-color":"","overlay-opacity":"","overlay-gradient":""},"tablet":{"background-color":"var(--ast-global-color-4)","background-image":"","background-repeat":"repeat","background-position":"center center","background-size":"auto","background-attachment":"scroll","background-type":"","background-media":"","overlay-type":"","overlay-color":"","overlay-opacity":"","overlay-gradient":""},"mobile":{"background-color":"var(--ast-global-color-4)","background-image":"","background-repeat":"repeat","background-position":"center center","background-size":"auto","background-attachment":"scroll","background-type":"","background-media":"","overlay-type":"","overlay-color":"","overlay-opacity":"","overlay-gradient":""}}},"product_brand":[],"product_cat":[39],"product_tag":[],"class_list":{"0":"post-1152","1":"product","2":"type-product","3":"status-publish","4":"has-post-thumbnail","6":"product_cat-ajandekkartyak","7":"desktop-align-left","8":"tablet-align-left","9":"mobile-align-left","10":"ast-product-gallery-layout-horizontal-slider","11":"ast-product-gallery-with-no-image","12":"ast-product-single-variable","13":"ast-product-tabs-layout-horizontal","15":"first","16":"instock","17":"taxable","18":"shipping-taxable","19":"purchasable","20":"product-type-variable","21":"has-default-attributes"},"yoast_head":"<!-- This site is optimized with the Yoast SEO plugin v27.4 - https:\/\/yoast.com\/product\/yoast-seo-wordpress\/ -->\n<title>Aj\u00e1nd\u00e9kutalv\u00e1ny a Hotel Thermalpark*** sz\u00e1llod\u00e1ban val\u00f3 tart\u00f3zkod\u00e1sra - THERMALPARK E-SHOP<\/title>\n<meta name=\"robots\" content=\"index, follow, max-snippet:-1, max-image-preview:large, max-video-preview:-1\" \/>\n<link rel=\"canonical\" href=\"https:\/\/www.eshop.thermalpark.sk\/hu\/termek\/darcekovy-poukaz-na-pobyt-v-hoteli-thermalpark\" \/>\n<meta property=\"og:locale\" content=\"hu_HU\" \/>\n<meta property=\"og:type\" content=\"article\" \/>\n<meta property=\"og:title\" content=\"Aj\u00e1nd\u00e9kutalv\u00e1ny a Hotel Thermalpark*** sz\u00e1llod\u00e1ban val\u00f3 tart\u00f3zkod\u00e1sra - THERMALPARK E-SHOP\" \/>\n<meta property=\"og:description\" content=\"Az utalv\u00e1ny tartalmazza: K\u00e9t f\u0151 r\u00e9sz\u00e9re k\u00e9t\u00e1gyas szob\u00e1ban, f\u00e9lpanzi\u00f3s ell\u00e1t\u00e1ssal, korl\u00e1tlan uszodahaszn\u00e1lat a teljes tart\u00f3zkod\u00e1s ideje alatt, ingyenes Wifi, ingyenes parkol\u00e1s k\u00f6zvetlen\u00fcl a sz\u00e1lloda el\u0151tt.  Figyelem! Az utalv\u00e1nyt e-mailben k\u00fcldj\u00fck az \u00d6n e-mail c\u00edm\u00e9re!\" \/>\n<meta property=\"og:url\" content=\"https:\/\/www.eshop.thermalpark.sk\/hu\/termek\/darcekovy-poukaz-na-pobyt-v-hoteli-thermalpark\" \/>\n<meta property=\"og:site_name\" content=\"THERMALPARK E-SHOP\" \/>\n<meta property=\"article:publisher\" content=\"https:\/\/www.facebook.com\/ThermalparkDS\" \/>\n<meta property=\"article:modified_time\" content=\"2026-02-24T11:46:18+00:00\" \/>\n<meta property=\"og:image\" content=\"https:\/\/www.eshop.thermalpark.sk\/wp-content\/uploads\/2025\/11\/Darcekovy-poukaz-hotel.jpeg\" \/>\n\t<meta property=\"og:image:width\" content=\"1280\" \/>\n\t<meta property=\"og:image:height\" content=\"610\" \/>\n\t<meta property=\"og:image:type\" content=\"image\/jpeg\" \/>\n<meta name=\"twitter:card\" content=\"summary_large_image\" \/>\n<meta name=\"twitter:label1\" content=\"Becs\u00fclt olvas\u00e1si id\u0151\" \/>\n\t<meta name=\"twitter:data1\" content=\"1 perc\" \/>\n<script type=\"application\/ld+json\" class=\"yoast-schema-graph\">{\"@context\":\"https:\\\/\\\/schema.org\",\"@graph\":[{\"@type\":\"WebPage\",\"@id\":\"https:\\\/\\\/www.eshop.thermalpark.sk\\\/hu\\\/termek\\\/darcekovy-poukaz-na-pobyt-v-hoteli-thermalpark\",\"url\":\"https:\\\/\\\/www.eshop.thermalpark.sk\\\/hu\\\/termek\\\/darcekovy-poukaz-na-pobyt-v-hoteli-thermalpark\",\"name\":\"Aj\u00e1nd\u00e9kutalv\u00e1ny a Hotel Thermalpark*** sz\u00e1llod\u00e1ban val\u00f3 tart\u00f3zkod\u00e1sra - THERMALPARK E-SHOP\",\"isPartOf\":{\"@id\":\"https:\\\/\\\/www.eshop.thermalpark.sk\\\/#website\"},\"primaryImageOfPage\":{\"@id\":\"https:\\\/\\\/www.eshop.thermalpark.sk\\\/hu\\\/termek\\\/darcekovy-poukaz-na-pobyt-v-hoteli-thermalpark#primaryimage\"},\"image\":{\"@id\":\"https:\\\/\\\/www.eshop.thermalpark.sk\\\/hu\\\/termek\\\/darcekovy-poukaz-na-pobyt-v-hoteli-thermalpark#primaryimage\"},\"thumbnailUrl\":\"https:\\\/\\\/www.eshop.thermalpark.sk\\\/wp-content\\\/uploads\\\/2025\\\/11\\\/Darcekovy-poukaz-hotel.jpeg\",\"datePublished\":\"2025-07-09T07:57:43+00:00\",\"dateModified\":\"2026-02-24T11:46:18+00:00\",\"breadcrumb\":{\"@id\":\"https:\\\/\\\/www.eshop.thermalpark.sk\\\/hu\\\/termek\\\/darcekovy-poukaz-na-pobyt-v-hoteli-thermalpark#breadcrumb\"},\"inLanguage\":\"hu\",\"potentialAction\":[{\"@type\":\"ReadAction\",\"target\":[\"https:\\\/\\\/www.eshop.thermalpark.sk\\\/hu\\\/termek\\\/darcekovy-poukaz-na-pobyt-v-hoteli-thermalpark\"]}]},{\"@type\":\"ImageObject\",\"inLanguage\":\"hu\",\"@id\":\"https:\\\/\\\/www.eshop.thermalpark.sk\\\/hu\\\/termek\\\/darcekovy-poukaz-na-pobyt-v-hoteli-thermalpark#primaryimage\",\"url\":\"https:\\\/\\\/www.eshop.thermalpark.sk\\\/wp-content\\\/uploads\\\/2025\\\/11\\\/Darcekovy-poukaz-hotel.jpeg\",\"contentUrl\":\"https:\\\/\\\/www.eshop.thermalpark.sk\\\/wp-content\\\/uploads\\\/2025\\\/11\\\/Darcekovy-poukaz-hotel.jpeg\",\"width\":1280,\"height\":610},{\"@type\":\"BreadcrumbList\",\"@id\":\"https:\\\/\\\/www.eshop.thermalpark.sk\\\/hu\\\/termek\\\/darcekovy-poukaz-na-pobyt-v-hoteli-thermalpark#breadcrumb\",\"itemListElement\":[{\"@type\":\"ListItem\",\"position\":1,\"name\":\"Domovsk\u00e1 str\u00e1nka\",\"item\":\"https:\\\/\\\/www.eshop.thermalpark.sk\\\/hu\"},{\"@type\":\"ListItem\",\"position\":2,\"name\":\"Bolt\",\"item\":\"https:\\\/\\\/www.eshop.thermalpark.sk\\\/hu\\\/shop\"},{\"@type\":\"ListItem\",\"position\":3,\"name\":\"Aj\u00e1nd\u00e9kutalv\u00e1ny a Hotel Thermalpark*** sz\u00e1llod\u00e1ban val\u00f3 tart\u00f3zkod\u00e1sra\"}]},{\"@type\":\"WebSite\",\"@id\":\"https:\\\/\\\/www.eshop.thermalpark.sk\\\/#website\",\"url\":\"https:\\\/\\\/www.eshop.thermalpark.sk\\\/\",\"name\":\"THERMALPARK E-SHOP\",\"description\":\"\",\"publisher\":{\"@id\":\"https:\\\/\\\/www.eshop.thermalpark.sk\\\/#organization\"},\"potentialAction\":[{\"@type\":\"SearchAction\",\"target\":{\"@type\":\"EntryPoint\",\"urlTemplate\":\"https:\\\/\\\/www.eshop.thermalpark.sk\\\/?s={search_term_string}\"},\"query-input\":{\"@type\":\"PropertyValueSpecification\",\"valueRequired\":true,\"valueName\":\"search_term_string\"}}],\"inLanguage\":\"hu\"},{\"@type\":\"Organization\",\"@id\":\"https:\\\/\\\/www.eshop.thermalpark.sk\\\/#organization\",\"name\":\"THERMALPARK DS, a.s.\",\"url\":\"https:\\\/\\\/www.eshop.thermalpark.sk\\\/\",\"logo\":{\"@type\":\"ImageObject\",\"inLanguage\":\"hu\",\"@id\":\"https:\\\/\\\/www.eshop.thermalpark.sk\\\/#\\\/schema\\\/logo\\\/image\\\/\",\"url\":\"https:\\\/\\\/www.eshop.thermalpark.sk\\\/wp-content\\\/uploads\\\/2025\\\/03\\\/cropped-thermalpark-logo3.png\",\"contentUrl\":\"https:\\\/\\\/www.eshop.thermalpark.sk\\\/wp-content\\\/uploads\\\/2025\\\/03\\\/cropped-thermalpark-logo3.png\",\"width\":1567,\"height\":411,\"caption\":\"THERMALPARK DS, a.s.\"},\"image\":{\"@id\":\"https:\\\/\\\/www.eshop.thermalpark.sk\\\/#\\\/schema\\\/logo\\\/image\\\/\"},\"sameAs\":[\"https:\\\/\\\/www.facebook.com\\\/ThermalparkDS\"]}]}<\/script>\n<!-- \/ Yoast SEO plugin. -->","yoast_head_json":{"title":"Aj\u00e1nd\u00e9kutalv\u00e1ny a Hotel Thermalpark*** sz\u00e1llod\u00e1ban val\u00f3 tart\u00f3zkod\u00e1sra - THERMALPARK E-SHOP","robots":{"index":"index","follow":"follow","max-snippet":"max-snippet:-1","max-image-preview":"max-image-preview:large","max-video-preview":"max-video-preview:-1"},"canonical":"https:\/\/www.eshop.thermalpark.sk\/hu\/termek\/darcekovy-poukaz-na-pobyt-v-hoteli-thermalpark","og_locale":"hu_HU","og_type":"article","og_title":"Aj\u00e1nd\u00e9kutalv\u00e1ny a Hotel Thermalpark*** sz\u00e1llod\u00e1ban val\u00f3 tart\u00f3zkod\u00e1sra - THERMALPARK E-SHOP","og_description":"Az utalv\u00e1ny tartalmazza: K\u00e9t f\u0151 r\u00e9sz\u00e9re k\u00e9t\u00e1gyas szob\u00e1ban, f\u00e9lpanzi\u00f3s ell\u00e1t\u00e1ssal, korl\u00e1tlan uszodahaszn\u00e1lat a teljes tart\u00f3zkod\u00e1s ideje alatt, ingyenes Wifi, ingyenes parkol\u00e1s k\u00f6zvetlen\u00fcl a sz\u00e1lloda el\u0151tt.  Figyelem! Az utalv\u00e1nyt e-mailben k\u00fcldj\u00fck az \u00d6n e-mail c\u00edm\u00e9re!","og_url":"https:\/\/www.eshop.thermalpark.sk\/hu\/termek\/darcekovy-poukaz-na-pobyt-v-hoteli-thermalpark","og_site_name":"THERMALPARK E-SHOP","article_publisher":"https:\/\/www.facebook.com\/ThermalparkDS","article_modified_time":"2026-02-24T11:46:18+00:00","og_image":[{"width":1280,"height":610,"url":"https:\/\/www.eshop.thermalpark.sk\/wp-content\/uploads\/2025\/11\/Darcekovy-poukaz-hotel.jpeg","type":"image\/jpeg"}],"twitter_card":"summary_large_image","twitter_misc":{"Becs\u00fclt olvas\u00e1si id\u0151":"1 perc"},"schema":{"@context":"https:\/\/schema.org","@graph":[{"@type":"WebPage","@id":"https:\/\/www.eshop.thermalpark.sk\/hu\/termek\/darcekovy-poukaz-na-pobyt-v-hoteli-thermalpark","url":"https:\/\/www.eshop.thermalpark.sk\/hu\/termek\/darcekovy-poukaz-na-pobyt-v-hoteli-thermalpark","name":"Aj\u00e1nd\u00e9kutalv\u00e1ny a Hotel Thermalpark*** sz\u00e1llod\u00e1ban val\u00f3 tart\u00f3zkod\u00e1sra - THERMALPARK E-SHOP","isPartOf":{"@id":"https:\/\/www.eshop.thermalpark.sk\/#website"},"primaryImageOfPage":{"@id":"https:\/\/www.eshop.thermalpark.sk\/hu\/termek\/darcekovy-poukaz-na-pobyt-v-hoteli-thermalpark#primaryimage"},"image":{"@id":"https:\/\/www.eshop.thermalpark.sk\/hu\/termek\/darcekovy-poukaz-na-pobyt-v-hoteli-thermalpark#primaryimage"},"thumbnailUrl":"https:\/\/www.eshop.thermalpark.sk\/wp-content\/uploads\/2025\/11\/Darcekovy-poukaz-hotel.jpeg","datePublished":"2025-07-09T07:57:43+00:00","dateModified":"2026-02-24T11:46:18+00:00","breadcrumb":{"@id":"https:\/\/www.eshop.thermalpark.sk\/hu\/termek\/darcekovy-poukaz-na-pobyt-v-hoteli-thermalpark#breadcrumb"},"inLanguage":"hu","potentialAction":[{"@type":"ReadAction","target":["https:\/\/www.eshop.thermalpark.sk\/hu\/termek\/darcekovy-poukaz-na-pobyt-v-hoteli-thermalpark"]}]},{"@type":"ImageObject","inLanguage":"hu","@id":"https:\/\/www.eshop.thermalpark.sk\/hu\/termek\/darcekovy-poukaz-na-pobyt-v-hoteli-thermalpark#primaryimage","url":"https:\/\/www.eshop.thermalpark.sk\/wp-content\/uploads\/2025\/11\/Darcekovy-poukaz-hotel.jpeg","contentUrl":"https:\/\/www.eshop.thermalpark.sk\/wp-content\/uploads\/2025\/11\/Darcekovy-poukaz-hotel.jpeg","width":1280,"height":610},{"@type":"BreadcrumbList","@id":"https:\/\/www.eshop.thermalpark.sk\/hu\/termek\/darcekovy-poukaz-na-pobyt-v-hoteli-thermalpark#breadcrumb","itemListElement":[{"@type":"ListItem","position":1,"name":"Domovsk\u00e1 str\u00e1nka","item":"https:\/\/www.eshop.thermalpark.sk\/hu"},{"@type":"ListItem","position":2,"name":"Bolt","item":"https:\/\/www.eshop.thermalpark.sk\/hu\/shop"},{"@type":"ListItem","position":3,"name":"Aj\u00e1nd\u00e9kutalv\u00e1ny a Hotel Thermalpark*** sz\u00e1llod\u00e1ban val\u00f3 tart\u00f3zkod\u00e1sra"}]},{"@type":"WebSite","@id":"https:\/\/www.eshop.thermalpark.sk\/#website","url":"https:\/\/www.eshop.thermalpark.sk\/","name":"THERMALPARK E-SHOP","description":"","publisher":{"@id":"https:\/\/www.eshop.thermalpark.sk\/#organization"},"potentialAction":[{"@type":"SearchAction","target":{"@type":"EntryPoint","urlTemplate":"https:\/\/www.eshop.thermalpark.sk\/?s={search_term_string}"},"query-input":{"@type":"PropertyValueSpecification","valueRequired":true,"valueName":"search_term_string"}}],"inLanguage":"hu"},{"@type":"Organization","@id":"https:\/\/www.eshop.thermalpark.sk\/#organization","name":"THERMALPARK DS, a.s.","url":"https:\/\/www.eshop.thermalpark.sk\/","logo":{"@type":"ImageObject","inLanguage":"hu","@id":"https:\/\/www.eshop.thermalpark.sk\/#\/schema\/logo\/image\/","url":"https:\/\/www.eshop.thermalpark.sk\/wp-content\/uploads\/2025\/03\/cropped-thermalpark-logo3.png","contentUrl":"https:\/\/www.eshop.thermalpark.sk\/wp-content\/uploads\/2025\/03\/cropped-thermalpark-logo3.png","width":1567,"height":411,"caption":"THERMALPARK DS, a.s."},"image":{"@id":"https:\/\/www.eshop.thermalpark.sk\/#\/schema\/logo\/image\/"},"sameAs":["https:\/\/www.facebook.com\/ThermalparkDS"]}]}},"spectra_custom_meta":{"_tax_status":["taxable"],"_tax_class":["znizena-sadzba-dane-5"],"_manage_stock":["no"],"_backorders":["no"],"_sold_individually":["no"],"_virtual":["no"],"_downloadable":["no"],"_download_limit":["-1"],"_download_expiry":["-1"],"_stock_status":["instock"],"site-sidebar-layout":["default"],"ast-site-content-layout":["default"],"site-content-style":["default"],"site-sidebar-style":["default"],"theme-transparent-header-meta":["default"],"stick-header-meta":["default"],"_wpml_media_duplicate":["1"],"_wpml_media_featured":["1"],"_thumbnail_id":["4798"],"_downloadable_files":[""],"_product_image_gallery":[""],"_crosssell_ids":["a:0:{}"],"_wpml_word_count":["109"],"_last_translation_edit_mode":["native-editor"],"_top_nav_excluded":[""],"_cms_nav_minihome":[""],"_edit_lock":["1771933438:5"],"_stock":[null],"_wc_average_rating":[0],"_wc_review_count":["0"],"_product_version":["10.5.2"],"_edit_last":["5"],"_kas_generate_ticket":["no"],"_kas_ticket_items":[""],"_kas_ticket_validity_days":["0"],"total_sales":["22"],"_yoast_wpseo_primary_product_cat":[""],"cfvsw_product_attr_pa_vezia":["a:3:{s:4:\"type\";s:5:\"image\";i:165;a:1:{s:5:\"image\";s:4:\"2714\";}i:164;a:1:{s:5:\"image\";s:4:\"4251\";}}"],"_yoast_wpseo_primary_product_brand":[""],"_yoast_wpseo_content_score":["90"],"_yoast_wpseo_estimated-reading-time-minutes":["1"],"_sku":["S7900001"],"_price":["369","549","729","919","1099"],"_wcml_average_rating":[null],"_wcml_review_count":[null],"_wcml_rating_count":[null],"_wpml_media_has_media":["1"],"astra-migrate-meta-layouts":["set"],"_product_attributes":["a:2:{s:13:\"pa_pocet-noci\";a:6:{s:4:\"name\";s:13:\"pa_pocet-noci\";s:5:\"value\";s:0:\"\";s:8:\"position\";i:0;s:10:\"is_visible\";i:1;s:12:\"is_variation\";i:1;s:11:\"is_taxonomy\";i:1;}s:8:\"pa_vezia\";a:6:{s:4:\"name\";s:8:\"pa_vezia\";s:5:\"value\";s:0:\"\";s:8:\"position\";i:1;s:10:\"is_visible\";i:1;s:12:\"is_variation\";i:1;s:11:\"is_taxonomy\";i:1;}}"],"_default_attributes":["a:1:{s:8:\"pa_vezia\";s:9:\"altalanos\";}"],"_uag_page_assets":["a:9:{s:3:\"css\";s:0:\"\";s:2:\"js\";s:0:\"\";s:18:\"current_block_list\";a:8:{i:0;s:11:\"core\/search\";i:1;s:10:\"core\/group\";i:2;s:12:\"core\/heading\";i:3;s:17:\"core\/latest-posts\";i:4;s:20:\"core\/latest-comments\";i:5;s:13:\"core\/archives\";i:6;s:15:\"core\/categories\";i:7;s:14:\"core\/paragraph\";}s:8:\"uag_flag\";b:0;s:11:\"uag_version\";s:10:\"1778245678\";s:6:\"gfonts\";a:0:{}s:10:\"gfonts_url\";s:0:\"\";s:12:\"gfonts_files\";a:0:{}s:14:\"uag_faq_layout\";b:0;}"],"_wc_rating_count":[""]},"uagb_featured_image_src":{"full":["https:\/\/www.eshop.thermalpark.sk\/wp-content\/uploads\/2025\/11\/Darcekovy-poukaz-hotel.jpeg",1280,610,false],"thumbnail":["https:\/\/www.eshop.thermalpark.sk\/wp-content\/uploads\/2025\/11\/Darcekovy-poukaz-hotel-150x150.jpeg",150,150,true],"medium":["https:\/\/www.eshop.thermalpark.sk\/wp-content\/uploads\/2025\/11\/Darcekovy-poukaz-hotel-300x143.jpeg",300,143,true],"medium_large":["https:\/\/www.eshop.thermalpark.sk\/wp-content\/uploads\/2025\/11\/Darcekovy-poukaz-hotel-768x366.jpeg",768,366,true],"large":["https:\/\/www.eshop.thermalpark.sk\/wp-content\/uploads\/2025\/11\/Darcekovy-poukaz-hotel-1024x488.jpeg",1024,488,true],"1536x1536":["https:\/\/www.eshop.thermalpark.sk\/wp-content\/uploads\/2025\/11\/Darcekovy-poukaz-hotel.jpeg",1280,610,false],"2048x2048":["https:\/\/www.eshop.thermalpark.sk\/wp-content\/uploads\/2025\/11\/Darcekovy-poukaz-hotel.jpeg",1280,610,false],"woocommerce_thumbnail":["https:\/\/www.eshop.thermalpark.sk\/wp-content\/uploads\/2025\/11\/Darcekovy-poukaz-hotel-1080x515.jpeg",1080,515,true],"woocommerce_single":["https:\/\/www.eshop.thermalpark.sk\/wp-content\/uploads\/2025\/11\/Darcekovy-poukaz-hotel-1080x515.jpeg",1080,515,true],"woocommerce_gallery_thumbnail":["https:\/\/www.eshop.thermalpark.sk\/wp-content\/uploads\/2025\/11\/Darcekovy-poukaz-hotel-100x100.jpeg",100,100,true]},"uagb_author_info":{"display_name":"Attila Simon","author_link":"https:\/\/www.eshop.thermalpark.sk\/hu\/archives\/author"},"uagb_comment_info":0,"uagb_excerpt":"Az utalv\u00e1ny tartalmazza: K\u00e9t f\u0151 r\u00e9sz\u00e9re k\u00e9t\u00e1gyas szob\u00e1ban, f\u00e9lpanzi\u00f3s ell\u00e1t\u00e1ssal, korl\u00e1tlan uszodahaszn\u00e1lat a teljes tart\u00f3zkod\u00e1s ideje alatt, ingyenes Wifi, ingyenes parkol\u00e1s k\u00f6zvetlen\u00fcl a sz\u00e1lloda el\u0151tt. Figyelem! Az utalv\u00e1nyt e-mailben k\u00fcldj\u00fck az \u00d6n e-mail c\u00edm\u00e9re!","_links":{"self":[{"href":"https:\/\/www.eshop.thermalpark.sk\/hu\/wp-json\/wp\/v2\/product\/1152","targetHints":{"allow":["GET"]}}],"collection":[{"href":"https:\/\/www.eshop.thermalpark.sk\/hu\/wp-json\/wp\/v2\/product"}],"about":[{"href":"https:\/\/www.eshop.thermalpark.sk\/hu\/wp-json\/wp\/v2\/types\/product"}],"wp:featuredmedia":[{"embeddable":true,"href":"https:\/\/www.eshop.thermalpark.sk\/hu\/wp-json\/wp\/v2\/media\/4798"}],"wp:attachment":[{"href":"https:\/\/www.eshop.thermalpark.sk\/hu\/wp-json\/wp\/v2\/media?parent=1152"}],"wp:term":[{"taxonomy":"product_brand","embeddable":true,"href":"https:\/\/www.eshop.thermalpark.sk\/hu\/wp-json\/wp\/v2\/product_brand?post=1152"},{"taxonomy":"product_cat","embeddable":true,"href":"https:\/\/www.eshop.thermalpark.sk\/hu\/wp-json\/wp\/v2\/product_cat?post=1152"},{"taxonomy":"product_tag","embeddable":true,"href":"https:\/\/www.eshop.thermalpark.sk\/hu\/wp-json\/wp\/v2\/product_tag?post=1152"}],"curies":[{"name":"wp","href":"https:\/\/api.w.org\/{rel}","templated":true}]}}