{"id":1034,"date":"2025-07-08T15:49:06","date_gmt":"2025-07-08T13:49:06","guid":{"rendered":"https:\/\/www.eshop.thermalpark.sk\/product\/darcekova-karta-s-dizajnom-kupelov"},"modified":"2025-11-27T11:53:53","modified_gmt":"2025-11-27T09:53:53","slug":"darcekova-karta-s-dizajnom-kupelov","status":"publish","type":"product","link":"https:\/\/www.eshop.thermalpark.sk\/hu\/termek\/darcekova-karta-s-dizajnom-kupelov","title":{"rendered":"Aj\u00e1nd\u00e9kk\u00e1rtya Thermalpark diz\u00e1jnnal"},"content":{"rendered":"<ul>\n<li>Felhaszn\u00e1lhat\u00f3 a Thermalpark \u00e1ltal k\u00edn\u00e1lt \u00f6sszes szolg\u00e1ltat\u00e1shoz<\/li>\n<li>A k\u00e1rty\u00e1n fennmarad\u00f3 \u00f6sszeg a k\u00f6vetkez\u0151 l\u00e1togat\u00e1skor felhaszn\u00e1lhat\u00f3.<\/li>\n<li>A v\u00e1s\u00e1rl\u00e1s id\u0151pontj\u00e1t\u00f3l sz\u00e1m\u00edtott 12 h\u00f3napig \u00e9rv\u00e9nyes<\/li>\n<li>Az aj\u00e1nd\u00e9kk\u00e1rtya elektronikus \u00faton is megv\u00e1s\u00e1rolhat\u00f3, \u00e9s megkapja az email c\u00edm\u00e9re 24 \u00f3r\u00e1n bel\u00fcl. Ezt a k\u00e1rty\u00e1t a Thermalpark jegyp\u00e9nzt\u00e1r\u00e1ban fizikai v\u00e1ltozatra kell cser\u00e9lni. <\/li>\n<\/ul>\n","protected":false},"excerpt":{"rendered":"<p>A Thermalpark \u00e1ltal k\u00edn\u00e1lt \u00f6sszes szolg\u00e1ltat\u00e1sra felhaszn\u00e1lhat\u00f3 aj\u00e1nd\u00e9kk\u00e1rtya. A k\u00e1rtya a v\u00e1s\u00e1rl\u00e1st\u00f3l sz\u00e1m\u00edtott 12 h\u00f3napig \u00e9rv\u00e9nyes. A k\u00e1rty\u00e1n fennmarard\u00f3 \u00f6sszeg a k\u00f6vetkez\u0151 l\u00e1togat\u00e1skor felhaszn\u00e1lhat\u00f3. Az aj\u00e1nd\u00e9kk\u00e1rtya elektronikus \u00faton is megv\u00e1s\u00e1rolhat\u00f3, \u00e9s megkapja az email c\u00edm\u00e9re 24 \u00f3r\u00e1n bel\u00fcl. Ezt a k\u00e1rty\u00e1t a Thermalpark jegyp\u00e9nzt\u00e1r\u00e1ban fizikai v\u00e1ltozatra kell cser\u00e9lni.    <\/p>\n","protected":false},"featured_media":450,"template":"","meta":{"_uag_custom_page_level_css":"","site-sidebar-layout":"default","site-content-layout":"","ast-site-content-layout":"default","site-content-style":"default","site-sidebar-style":"default","ast-global-header-display":"","ast-banner-title-visibility":"","ast-main-header-display":"","ast-hfb-above-header-display":"","ast-hfb-below-header-display":"","ast-hfb-mobile-header-display":"","site-post-title":"","ast-breadcrumbs-content":"","ast-featured-img":"","footer-sml-layout":"","ast-disable-related-posts":"","theme-transparent-header-meta":"default","adv-header-id-meta":"","stick-header-meta":"default","header-above-stick-meta":"","header-main-stick-meta":"","header-below-stick-meta":"","astra-migrate-meta-layouts":"set","ast-page-background-enabled":"default","ast-page-background-meta":{"desktop":{"background-color":"var(--ast-global-color-5)","background-image":"","background-repeat":"repeat","background-position":"center center","background-size":"auto","background-attachment":"scroll","background-type":"","background-media":"","overlay-type":"","overlay-color":"","overlay-opacity":"","overlay-gradient":""},"tablet":{"background-color":"","background-image":"","background-repeat":"repeat","background-position":"center center","background-size":"auto","background-attachment":"scroll","background-type":"","background-media":"","overlay-type":"","overlay-color":"","overlay-opacity":"","overlay-gradient":""},"mobile":{"background-color":"","background-image":"","background-repeat":"repeat","background-position":"center center","background-size":"auto","background-attachment":"scroll","background-type":"","background-media":"","overlay-type":"","overlay-color":"","overlay-opacity":"","overlay-gradient":""}},"ast-content-background-meta":{"desktop":{"background-color":"var(--ast-global-color-4)","background-image":"","background-repeat":"repeat","background-position":"center center","background-size":"auto","background-attachment":"scroll","background-type":"","background-media":"","overlay-type":"","overlay-color":"","overlay-opacity":"","overlay-gradient":""},"tablet":{"background-color":"var(--ast-global-color-4)","background-image":"","background-repeat":"repeat","background-position":"center center","background-size":"auto","background-attachment":"scroll","background-type":"","background-media":"","overlay-type":"","overlay-color":"","overlay-opacity":"","overlay-gradient":""},"mobile":{"background-color":"var(--ast-global-color-4)","background-image":"","background-repeat":"repeat","background-position":"center center","background-size":"auto","background-attachment":"scroll","background-type":"","background-media":"","overlay-type":"","overlay-color":"","overlay-opacity":"","overlay-gradient":""}}},"product_brand":[],"product_cat":[39],"product_tag":[],"class_list":{"0":"post-1034","1":"product","2":"type-product","3":"status-publish","4":"has-post-thumbnail","6":"product_cat-ajandekkartyak","7":"desktop-align-left","8":"tablet-align-left","9":"mobile-align-left","10":"ast-product-gallery-layout-horizontal-slider","11":"ast-product-gallery-with-no-image","12":"ast-product-single-variable","13":"ast-product-tabs-layout-horizontal","15":"first","16":"outofstock","17":"shipping-taxable","18":"purchasable","19":"product-type-variable"},"yoast_head":"<!-- This site is optimized with the Yoast SEO plugin v27.3 - https:\/\/yoast.com\/product\/yoast-seo-wordpress\/ -->\n<title>Aj\u00e1nd\u00e9kk\u00e1rtya Thermalpark diz\u00e1jnnal - THERMALPARK E-SHOP<\/title>\n<meta name=\"robots\" content=\"index, follow, max-snippet:-1, max-image-preview:large, max-video-preview:-1\" \/>\n<link rel=\"canonical\" href=\"https:\/\/www.eshop.thermalpark.sk\/hu\/termek\/darcekova-karta-s-dizajnom-kupelov\" \/>\n<meta property=\"og:locale\" content=\"hu_HU\" \/>\n<meta property=\"og:type\" content=\"article\" \/>\n<meta property=\"og:title\" content=\"Aj\u00e1nd\u00e9kk\u00e1rtya Thermalpark diz\u00e1jnnal - THERMALPARK E-SHOP\" \/>\n<meta property=\"og:description\" content=\"A Thermalpark \u00e1ltal k\u00edn\u00e1lt \u00f6sszes szolg\u00e1ltat\u00e1sra felhaszn\u00e1lhat\u00f3 aj\u00e1nd\u00e9kk\u00e1rtya. A k\u00e1rtya a v\u00e1s\u00e1rl\u00e1st\u00f3l sz\u00e1m\u00edtott 12 h\u00f3napig \u00e9rv\u00e9nyes. A k\u00e1rty\u00e1n fennmarard\u00f3 \u00f6sszeg a k\u00f6vetkez\u0151 l\u00e1togat\u00e1skor felhaszn\u00e1lhat\u00f3. Az aj\u00e1nd\u00e9kk\u00e1rtya elektronikus \u00faton is megv\u00e1s\u00e1rolhat\u00f3, \u00e9s megkapja az email c\u00edm\u00e9re 24 \u00f3r\u00e1n bel\u00fcl. Ezt a k\u00e1rty\u00e1t a Thermalpark jegyp\u00e9nzt\u00e1r\u00e1ban fizikai v\u00e1ltozatra kell cser\u00e9lni.\" \/>\n<meta property=\"og:url\" content=\"https:\/\/www.eshop.thermalpark.sk\/hu\/termek\/darcekova-karta-s-dizajnom-kupelov\" \/>\n<meta property=\"og:site_name\" content=\"THERMALPARK E-SHOP\" \/>\n<meta property=\"article:publisher\" content=\"https:\/\/www.facebook.com\/ThermalparkDS\" \/>\n<meta property=\"article:modified_time\" content=\"2025-11-27T09:53:53+00:00\" \/>\n<meta property=\"og:image\" content=\"https:\/\/www.eshop.thermalpark.sk\/wp-content\/uploads\/2025\/07\/darcekova_karta.png\" \/>\n\t<meta property=\"og:image:width\" content=\"1322\" \/>\n\t<meta property=\"og:image:height\" content=\"859\" \/>\n\t<meta property=\"og:image:type\" content=\"image\/png\" \/>\n<meta name=\"twitter:card\" content=\"summary_large_image\" \/>\n<script type=\"application\/ld+json\" class=\"yoast-schema-graph\">{\"@context\":\"https:\\\/\\\/schema.org\",\"@graph\":[{\"@type\":\"WebPage\",\"@id\":\"https:\\\/\\\/www.eshop.thermalpark.sk\\\/hu\\\/termek\\\/darcekova-karta-s-dizajnom-kupelov\",\"url\":\"https:\\\/\\\/www.eshop.thermalpark.sk\\\/hu\\\/termek\\\/darcekova-karta-s-dizajnom-kupelov\",\"name\":\"Aj\u00e1nd\u00e9kk\u00e1rtya Thermalpark diz\u00e1jnnal - THERMALPARK E-SHOP\",\"isPartOf\":{\"@id\":\"https:\\\/\\\/www.eshop.thermalpark.sk\\\/#website\"},\"primaryImageOfPage\":{\"@id\":\"https:\\\/\\\/www.eshop.thermalpark.sk\\\/hu\\\/termek\\\/darcekova-karta-s-dizajnom-kupelov#primaryimage\"},\"image\":{\"@id\":\"https:\\\/\\\/www.eshop.thermalpark.sk\\\/hu\\\/termek\\\/darcekova-karta-s-dizajnom-kupelov#primaryimage\"},\"thumbnailUrl\":\"https:\\\/\\\/www.eshop.thermalpark.sk\\\/wp-content\\\/uploads\\\/2025\\\/07\\\/darcekova_karta.png\",\"datePublished\":\"2025-07-08T13:49:06+00:00\",\"dateModified\":\"2025-11-27T09:53:53+00:00\",\"breadcrumb\":{\"@id\":\"https:\\\/\\\/www.eshop.thermalpark.sk\\\/hu\\\/termek\\\/darcekova-karta-s-dizajnom-kupelov#breadcrumb\"},\"inLanguage\":\"hu\",\"potentialAction\":[{\"@type\":\"ReadAction\",\"target\":[\"https:\\\/\\\/www.eshop.thermalpark.sk\\\/hu\\\/termek\\\/darcekova-karta-s-dizajnom-kupelov\"]}]},{\"@type\":\"ImageObject\",\"inLanguage\":\"hu\",\"@id\":\"https:\\\/\\\/www.eshop.thermalpark.sk\\\/hu\\\/termek\\\/darcekova-karta-s-dizajnom-kupelov#primaryimage\",\"url\":\"https:\\\/\\\/www.eshop.thermalpark.sk\\\/wp-content\\\/uploads\\\/2025\\\/07\\\/darcekova_karta.png\",\"contentUrl\":\"https:\\\/\\\/www.eshop.thermalpark.sk\\\/wp-content\\\/uploads\\\/2025\\\/07\\\/darcekova_karta.png\",\"width\":1322,\"height\":859},{\"@type\":\"BreadcrumbList\",\"@id\":\"https:\\\/\\\/www.eshop.thermalpark.sk\\\/hu\\\/termek\\\/darcekova-karta-s-dizajnom-kupelov#breadcrumb\",\"itemListElement\":[{\"@type\":\"ListItem\",\"position\":1,\"name\":\"Domovsk\u00e1 str\u00e1nka\",\"item\":\"https:\\\/\\\/www.eshop.thermalpark.sk\\\/hu\"},{\"@type\":\"ListItem\",\"position\":2,\"name\":\"Bolt\",\"item\":\"https:\\\/\\\/www.eshop.thermalpark.sk\\\/hu\\\/shop\"},{\"@type\":\"ListItem\",\"position\":3,\"name\":\"Aj\u00e1nd\u00e9kk\u00e1rtya Thermalpark diz\u00e1jnnal\"}]},{\"@type\":\"WebSite\",\"@id\":\"https:\\\/\\\/www.eshop.thermalpark.sk\\\/#website\",\"url\":\"https:\\\/\\\/www.eshop.thermalpark.sk\\\/\",\"name\":\"THERMALPARK E-SHOP\",\"description\":\"\",\"publisher\":{\"@id\":\"https:\\\/\\\/www.eshop.thermalpark.sk\\\/#organization\"},\"potentialAction\":[{\"@type\":\"SearchAction\",\"target\":{\"@type\":\"EntryPoint\",\"urlTemplate\":\"https:\\\/\\\/www.eshop.thermalpark.sk\\\/?s={search_term_string}\"},\"query-input\":{\"@type\":\"PropertyValueSpecification\",\"valueRequired\":true,\"valueName\":\"search_term_string\"}}],\"inLanguage\":\"hu\"},{\"@type\":\"Organization\",\"@id\":\"https:\\\/\\\/www.eshop.thermalpark.sk\\\/#organization\",\"name\":\"THERMALPARK DS, a.s.\",\"url\":\"https:\\\/\\\/www.eshop.thermalpark.sk\\\/\",\"logo\":{\"@type\":\"ImageObject\",\"inLanguage\":\"hu\",\"@id\":\"https:\\\/\\\/www.eshop.thermalpark.sk\\\/#\\\/schema\\\/logo\\\/image\\\/\",\"url\":\"https:\\\/\\\/www.eshop.thermalpark.sk\\\/wp-content\\\/uploads\\\/2025\\\/03\\\/cropped-thermalpark-logo3.png\",\"contentUrl\":\"https:\\\/\\\/www.eshop.thermalpark.sk\\\/wp-content\\\/uploads\\\/2025\\\/03\\\/cropped-thermalpark-logo3.png\",\"width\":1567,\"height\":411,\"caption\":\"THERMALPARK DS, a.s.\"},\"image\":{\"@id\":\"https:\\\/\\\/www.eshop.thermalpark.sk\\\/#\\\/schema\\\/logo\\\/image\\\/\"},\"sameAs\":[\"https:\\\/\\\/www.facebook.com\\\/ThermalparkDS\"]}]}<\/script>\n<!-- \/ Yoast SEO plugin. -->","yoast_head_json":{"title":"Aj\u00e1nd\u00e9kk\u00e1rtya Thermalpark diz\u00e1jnnal - THERMALPARK E-SHOP","robots":{"index":"index","follow":"follow","max-snippet":"max-snippet:-1","max-image-preview":"max-image-preview:large","max-video-preview":"max-video-preview:-1"},"canonical":"https:\/\/www.eshop.thermalpark.sk\/hu\/termek\/darcekova-karta-s-dizajnom-kupelov","og_locale":"hu_HU","og_type":"article","og_title":"Aj\u00e1nd\u00e9kk\u00e1rtya Thermalpark diz\u00e1jnnal - THERMALPARK E-SHOP","og_description":"A Thermalpark \u00e1ltal k\u00edn\u00e1lt \u00f6sszes szolg\u00e1ltat\u00e1sra felhaszn\u00e1lhat\u00f3 aj\u00e1nd\u00e9kk\u00e1rtya. A k\u00e1rtya a v\u00e1s\u00e1rl\u00e1st\u00f3l sz\u00e1m\u00edtott 12 h\u00f3napig \u00e9rv\u00e9nyes. A k\u00e1rty\u00e1n fennmarard\u00f3 \u00f6sszeg a k\u00f6vetkez\u0151 l\u00e1togat\u00e1skor felhaszn\u00e1lhat\u00f3. Az aj\u00e1nd\u00e9kk\u00e1rtya elektronikus \u00faton is megv\u00e1s\u00e1rolhat\u00f3, \u00e9s megkapja az email c\u00edm\u00e9re 24 \u00f3r\u00e1n bel\u00fcl. Ezt a k\u00e1rty\u00e1t a Thermalpark jegyp\u00e9nzt\u00e1r\u00e1ban fizikai v\u00e1ltozatra kell cser\u00e9lni.","og_url":"https:\/\/www.eshop.thermalpark.sk\/hu\/termek\/darcekova-karta-s-dizajnom-kupelov","og_site_name":"THERMALPARK E-SHOP","article_publisher":"https:\/\/www.facebook.com\/ThermalparkDS","article_modified_time":"2025-11-27T09:53:53+00:00","og_image":[{"width":1322,"height":859,"url":"https:\/\/www.eshop.thermalpark.sk\/wp-content\/uploads\/2025\/07\/darcekova_karta.png","type":"image\/png"}],"twitter_card":"summary_large_image","schema":{"@context":"https:\/\/schema.org","@graph":[{"@type":"WebPage","@id":"https:\/\/www.eshop.thermalpark.sk\/hu\/termek\/darcekova-karta-s-dizajnom-kupelov","url":"https:\/\/www.eshop.thermalpark.sk\/hu\/termek\/darcekova-karta-s-dizajnom-kupelov","name":"Aj\u00e1nd\u00e9kk\u00e1rtya Thermalpark diz\u00e1jnnal - THERMALPARK E-SHOP","isPartOf":{"@id":"https:\/\/www.eshop.thermalpark.sk\/#website"},"primaryImageOfPage":{"@id":"https:\/\/www.eshop.thermalpark.sk\/hu\/termek\/darcekova-karta-s-dizajnom-kupelov#primaryimage"},"image":{"@id":"https:\/\/www.eshop.thermalpark.sk\/hu\/termek\/darcekova-karta-s-dizajnom-kupelov#primaryimage"},"thumbnailUrl":"https:\/\/www.eshop.thermalpark.sk\/wp-content\/uploads\/2025\/07\/darcekova_karta.png","datePublished":"2025-07-08T13:49:06+00:00","dateModified":"2025-11-27T09:53:53+00:00","breadcrumb":{"@id":"https:\/\/www.eshop.thermalpark.sk\/hu\/termek\/darcekova-karta-s-dizajnom-kupelov#breadcrumb"},"inLanguage":"hu","potentialAction":[{"@type":"ReadAction","target":["https:\/\/www.eshop.thermalpark.sk\/hu\/termek\/darcekova-karta-s-dizajnom-kupelov"]}]},{"@type":"ImageObject","inLanguage":"hu","@id":"https:\/\/www.eshop.thermalpark.sk\/hu\/termek\/darcekova-karta-s-dizajnom-kupelov#primaryimage","url":"https:\/\/www.eshop.thermalpark.sk\/wp-content\/uploads\/2025\/07\/darcekova_karta.png","contentUrl":"https:\/\/www.eshop.thermalpark.sk\/wp-content\/uploads\/2025\/07\/darcekova_karta.png","width":1322,"height":859},{"@type":"BreadcrumbList","@id":"https:\/\/www.eshop.thermalpark.sk\/hu\/termek\/darcekova-karta-s-dizajnom-kupelov#breadcrumb","itemListElement":[{"@type":"ListItem","position":1,"name":"Domovsk\u00e1 str\u00e1nka","item":"https:\/\/www.eshop.thermalpark.sk\/hu"},{"@type":"ListItem","position":2,"name":"Bolt","item":"https:\/\/www.eshop.thermalpark.sk\/hu\/shop"},{"@type":"ListItem","position":3,"name":"Aj\u00e1nd\u00e9kk\u00e1rtya Thermalpark diz\u00e1jnnal"}]},{"@type":"WebSite","@id":"https:\/\/www.eshop.thermalpark.sk\/#website","url":"https:\/\/www.eshop.thermalpark.sk\/","name":"THERMALPARK E-SHOP","description":"","publisher":{"@id":"https:\/\/www.eshop.thermalpark.sk\/#organization"},"potentialAction":[{"@type":"SearchAction","target":{"@type":"EntryPoint","urlTemplate":"https:\/\/www.eshop.thermalpark.sk\/?s={search_term_string}"},"query-input":{"@type":"PropertyValueSpecification","valueRequired":true,"valueName":"search_term_string"}}],"inLanguage":"hu"},{"@type":"Organization","@id":"https:\/\/www.eshop.thermalpark.sk\/#organization","name":"THERMALPARK DS, a.s.","url":"https:\/\/www.eshop.thermalpark.sk\/","logo":{"@type":"ImageObject","inLanguage":"hu","@id":"https:\/\/www.eshop.thermalpark.sk\/#\/schema\/logo\/image\/","url":"https:\/\/www.eshop.thermalpark.sk\/wp-content\/uploads\/2025\/03\/cropped-thermalpark-logo3.png","contentUrl":"https:\/\/www.eshop.thermalpark.sk\/wp-content\/uploads\/2025\/03\/cropped-thermalpark-logo3.png","width":1567,"height":411,"caption":"THERMALPARK DS, a.s."},"image":{"@id":"https:\/\/www.eshop.thermalpark.sk\/#\/schema\/logo\/image\/"},"sameAs":["https:\/\/www.facebook.com\/ThermalparkDS"]}]}},"spectra_custom_meta":{"_tax_status":["shipping"],"_tax_class":[""],"_manage_stock":["no"],"_backorders":["no"],"_sold_individually":["no"],"_virtual":["no"],"_downloadable":["no"],"_download_limit":["-1"],"_download_expiry":["-1"],"_stock_status":["outofstock"],"site-sidebar-layout":["default"],"ast-site-content-layout":["default"],"site-content-style":["default"],"site-sidebar-style":["default"],"theme-transparent-header-meta":["default"],"stick-header-meta":["default"],"_wpml_media_duplicate":["1"],"_wpml_media_featured":["1"],"_thumbnail_id":["450"],"_downloadable_files":[""],"_product_image_gallery":[""],"_crosssell_ids":["a:0:{}"],"_wpml_word_count":["155"],"_last_translation_edit_mode":["translation-editor"],"_top_nav_excluded":[""],"_cms_nav_minihome":[""],"_edit_lock":["1760446032:3"],"_stock":[null],"_wc_average_rating":[0],"_wc_review_count":["0"],"_product_version":["10.0.4"],"_edit_last":["2"],"_kas_generate_ticket":["no"],"_kas_ticket_items":[""],"_kas_ticket_validity_days":["0"],"_wcml_average_rating":[null],"_wcml_review_count":[null],"_wcml_rating_count":[null],"_wpml_media_has_media":["1"],"astra-migrate-meta-layouts":["set"],"_product_attributes":["a:2:{s:10:\"pa_hodnota\";a:6:{s:4:\"name\";s:10:\"pa_hodnota\";s:5:\"value\";s:0:\"\";s:8:\"position\";i:0;s:10:\"is_visible\";i:0;s:12:\"is_variation\";i:1;s:11:\"is_taxonomy\";i:1;}s:6:\"pa_typ\";a:6:{s:4:\"name\";s:6:\"pa_typ\";s:5:\"value\";s:0:\"\";s:8:\"position\";i:1;s:10:\"is_visible\";i:0;s:12:\"is_variation\";i:1;s:11:\"is_taxonomy\";i:1;}}"],"_price":["50","100","150","200","300","500"],"total_sales":["6"],"_yoast_wpseo_primary_product_cat":[""],"_upsell_ids":["a:2:{i:0;i:1243;i:1;i:4189;}"],"_sku":["S0000001\/2"],"_uag_page_assets":["a:9:{s:3:\"css\";s:0:\"\";s:2:\"js\";s:0:\"\";s:18:\"current_block_list\";a:8:{i:0;s:11:\"core\/search\";i:1;s:10:\"core\/group\";i:2;s:12:\"core\/heading\";i:3;s:17:\"core\/latest-posts\";i:4;s:20:\"core\/latest-comments\";i:5;s:13:\"core\/archives\";i:6;s:15:\"core\/categories\";i:7;s:14:\"core\/paragraph\";}s:8:\"uag_flag\";b:0;s:11:\"uag_version\";s:10:\"1775934728\";s:6:\"gfonts\";a:0:{}s:10:\"gfonts_url\";s:0:\"\";s:12:\"gfonts_files\";a:0:{}s:14:\"uag_faq_layout\";b:0;}"],"_wc_rating_count":[""]},"uagb_featured_image_src":{"full":["https:\/\/www.eshop.thermalpark.sk\/wp-content\/uploads\/2025\/07\/darcekova_karta.png",1322,859,false],"thumbnail":["https:\/\/www.eshop.thermalpark.sk\/wp-content\/uploads\/2025\/07\/darcekova_karta-150x150.png",150,150,true],"medium":["https:\/\/www.eshop.thermalpark.sk\/wp-content\/uploads\/2025\/07\/darcekova_karta-300x195.png",300,195,true],"medium_large":["https:\/\/www.eshop.thermalpark.sk\/wp-content\/uploads\/2025\/07\/darcekova_karta-768x499.png",768,499,true],"large":["https:\/\/www.eshop.thermalpark.sk\/wp-content\/uploads\/2025\/07\/darcekova_karta-1024x665.png",1024,665,true],"1536x1536":["https:\/\/www.eshop.thermalpark.sk\/wp-content\/uploads\/2025\/07\/darcekova_karta.png",1322,859,false],"2048x2048":["https:\/\/www.eshop.thermalpark.sk\/wp-content\/uploads\/2025\/07\/darcekova_karta.png",1322,859,false],"woocommerce_thumbnail":["https:\/\/www.eshop.thermalpark.sk\/wp-content\/uploads\/2025\/07\/darcekova_karta-1080x702.png",1080,702,true],"woocommerce_single":["https:\/\/www.eshop.thermalpark.sk\/wp-content\/uploads\/2025\/07\/darcekova_karta-1080x702.png",1080,702,true],"woocommerce_gallery_thumbnail":["https:\/\/www.eshop.thermalpark.sk\/wp-content\/uploads\/2025\/07\/darcekova_karta-100x100.png",100,100,true]},"uagb_author_info":{"display_name":"Attila Simon","author_link":"https:\/\/www.eshop.thermalpark.sk\/hu\/archives\/author"},"uagb_comment_info":0,"uagb_excerpt":"A Thermalpark \u00e1ltal k\u00edn\u00e1lt \u00f6sszes szolg\u00e1ltat\u00e1sra felhaszn\u00e1lhat\u00f3 aj\u00e1nd\u00e9kk\u00e1rtya. A k\u00e1rtya a v\u00e1s\u00e1rl\u00e1st\u00f3l sz\u00e1m\u00edtott 12 h\u00f3napig \u00e9rv\u00e9nyes. A k\u00e1rty\u00e1n fennmarard\u00f3 \u00f6sszeg a k\u00f6vetkez\u0151 l\u00e1togat\u00e1skor felhaszn\u00e1lhat\u00f3. Az aj\u00e1nd\u00e9kk\u00e1rtya elektronikus \u00faton is megv\u00e1s\u00e1rolhat\u00f3, \u00e9s megkapja az email c\u00edm\u00e9re 24 \u00f3r\u00e1n bel\u00fcl. Ezt a k\u00e1rty\u00e1t a Thermalpark jegyp\u00e9nzt\u00e1r\u00e1ban fizikai v\u00e1ltozatra kell cser\u00e9lni.","_links":{"self":[{"href":"https:\/\/www.eshop.thermalpark.sk\/hu\/wp-json\/wp\/v2\/product\/1034","targetHints":{"allow":["GET"]}}],"collection":[{"href":"https:\/\/www.eshop.thermalpark.sk\/hu\/wp-json\/wp\/v2\/product"}],"about":[{"href":"https:\/\/www.eshop.thermalpark.sk\/hu\/wp-json\/wp\/v2\/types\/product"}],"wp:featuredmedia":[{"embeddable":true,"href":"https:\/\/www.eshop.thermalpark.sk\/hu\/wp-json\/wp\/v2\/media\/450"}],"wp:attachment":[{"href":"https:\/\/www.eshop.thermalpark.sk\/hu\/wp-json\/wp\/v2\/media?parent=1034"}],"wp:term":[{"taxonomy":"product_brand","embeddable":true,"href":"https:\/\/www.eshop.thermalpark.sk\/hu\/wp-json\/wp\/v2\/product_brand?post=1034"},{"taxonomy":"product_cat","embeddable":true,"href":"https:\/\/www.eshop.thermalpark.sk\/hu\/wp-json\/wp\/v2\/product_cat?post=1034"},{"taxonomy":"product_tag","embeddable":true,"href":"https:\/\/www.eshop.thermalpark.sk\/hu\/wp-json\/wp\/v2\/product_tag?post=1034"}],"curies":[{"name":"wp","href":"https:\/\/api.w.org\/{rel}","templated":true}]}}