{"id":1244,"date":"2025-07-09T10:03:49","date_gmt":"2025-07-09T08:03:49","guid":{"rendered":"https:\/\/www.eshop.thermalpark.sk\/product\/darcekove-balenie-vsetko-najlepsie"},"modified":"2025-07-11T12:13:12","modified_gmt":"2025-07-11T10:13:12","slug":"darcekove-balenie-vsetko-najlepsie","status":"publish","type":"product","link":"https:\/\/www.eshop.thermalpark.sk\/en\/product\/darcekove-balenie-vsetko-najlepsie","title":{"rendered":"Gift wrapping (V\u0161etko najlep\u0161ie)"},"content":{"rendered":"<p>The &#8220;V\u0161etko najlep\u0161ie&#8221; gift pack is the perfect way to wish happiness and success with Thermalpark Dunajsk\u00e1 Streda vouchers or gift cards. With an elegant design and personalised message, this package is perfect for any celebration, while bringing the recipient a pleasant relaxation in the thermal spa. <\/p>\n","protected":false},"excerpt":{"rendered":"<p>The &#8220;V\u0161etko najlep\u0161ie&#8221; gift pack is the perfect way to wish happiness and success with Thermalpark Dunajsk\u00e1 Streda vouchers or gift cards. With an elegant design and personalised message, this package is perfect for any celebration, while bringing the recipient a pleasant relaxation in the thermal spa. <\/p>\n","protected":false},"featured_media":567,"template":"","meta":{"_uag_custom_page_level_css":"","site-sidebar-layout":"default","site-content-layout":"","ast-site-content-layout":"default","site-content-style":"default","site-sidebar-style":"default","ast-global-header-display":"","ast-banner-title-visibility":"","ast-main-header-display":"","ast-hfb-above-header-display":"","ast-hfb-below-header-display":"","ast-hfb-mobile-header-display":"","site-post-title":"","ast-breadcrumbs-content":"","ast-featured-img":"","footer-sml-layout":"","ast-disable-related-posts":"","theme-transparent-header-meta":"default","adv-header-id-meta":"","stick-header-meta":"default","header-above-stick-meta":"","header-main-stick-meta":"","header-below-stick-meta":"","astra-migrate-meta-layouts":"set","ast-page-background-enabled":"default","ast-page-background-meta":{"desktop":{"background-color":"var(--ast-global-color-5)","background-image":"","background-repeat":"repeat","background-position":"center center","background-size":"auto","background-attachment":"scroll","background-type":"","background-media":"","overlay-type":"","overlay-color":"","overlay-opacity":"","overlay-gradient":""},"tablet":{"background-color":"","background-image":"","background-repeat":"repeat","background-position":"center center","background-size":"auto","background-attachment":"scroll","background-type":"","background-media":"","overlay-type":"","overlay-color":"","overlay-opacity":"","overlay-gradient":""},"mobile":{"background-color":"","background-image":"","background-repeat":"repeat","background-position":"center center","background-size":"auto","background-attachment":"scroll","background-type":"","background-media":"","overlay-type":"","overlay-color":"","overlay-opacity":"","overlay-gradient":""}},"ast-content-background-meta":{"desktop":{"background-color":"var(--ast-global-color-4)","background-image":"","background-repeat":"repeat","background-position":"center center","background-size":"auto","background-attachment":"scroll","background-type":"","background-media":"","overlay-type":"","overlay-color":"","overlay-opacity":"","overlay-gradient":""},"tablet":{"background-color":"var(--ast-global-color-4)","background-image":"","background-repeat":"repeat","background-position":"center center","background-size":"auto","background-attachment":"scroll","background-type":"","background-media":"","overlay-type":"","overlay-color":"","overlay-opacity":"","overlay-gradient":""},"mobile":{"background-color":"var(--ast-global-color-4)","background-image":"","background-repeat":"repeat","background-position":"center center","background-size":"auto","background-attachment":"scroll","background-type":"","background-media":"","overlay-type":"","overlay-color":"","overlay-opacity":"","overlay-gradient":""}}},"product_brand":[],"product_cat":[34],"product_tag":[],"class_list":{"0":"post-1244","1":"product","2":"type-product","3":"status-publish","4":"has-post-thumbnail","6":"product_cat-gift-packaging","7":"desktop-align-left","8":"tablet-align-left","9":"mobile-align-left","10":"ast-product-gallery-layout-horizontal-slider","11":"ast-product-gallery-with-no-image","12":"ast-product-tabs-layout-horizontal","14":"first","15":"instock","16":"taxable","17":"shipping-taxable","18":"purchasable","19":"product-type-simple"},"yoast_head":"<!-- This site is optimized with the Yoast SEO plugin v27.4 - https:\/\/yoast.com\/product\/yoast-seo-wordpress\/ -->\n<title>Gift wrapping (V\u0161etko najlep\u0161ie) - THERMALPARK E-SHOP<\/title>\n<meta name=\"robots\" content=\"index, follow, max-snippet:-1, max-image-preview:large, max-video-preview:-1\" \/>\n<link rel=\"canonical\" href=\"https:\/\/www.eshop.thermalpark.sk\/en\/product\/darcekove-balenie-vsetko-najlepsie\" \/>\n<meta property=\"og:locale\" content=\"en_US\" \/>\n<meta property=\"og:type\" content=\"article\" \/>\n<meta property=\"og:title\" content=\"Gift wrapping (V\u0161etko najlep\u0161ie) - THERMALPARK E-SHOP\" \/>\n<meta property=\"og:description\" content=\"The &quot;V\u0161etko najlep\u0161ie&quot; gift pack is the perfect way to wish happiness and success with Thermalpark Dunajsk\u00e1 Streda vouchers or gift cards. With an elegant design and personalised message, this package is perfect for any celebration, while bringing the recipient a pleasant relaxation in the thermal spa.\" \/>\n<meta property=\"og:url\" content=\"https:\/\/www.eshop.thermalpark.sk\/en\/product\/darcekove-balenie-vsetko-najlepsie\" \/>\n<meta property=\"og:site_name\" content=\"THERMALPARK E-SHOP\" \/>\n<meta property=\"article:publisher\" content=\"https:\/\/www.facebook.com\/ThermalparkDS\" \/>\n<meta property=\"article:modified_time\" content=\"2025-07-11T10:13:12+00:00\" \/>\n<meta property=\"og:image\" content=\"https:\/\/www.eshop.thermalpark.sk\/wp-content\/uploads\/2025\/07\/db-vsetko-najlepsie.jpg\" \/>\n\t<meta property=\"og:image:width\" content=\"1024\" \/>\n\t<meta property=\"og:image:height\" content=\"768\" \/>\n\t<meta property=\"og:image:type\" content=\"image\/jpeg\" \/>\n<meta name=\"twitter:card\" content=\"summary_large_image\" \/>\n<script type=\"application\/ld+json\" class=\"yoast-schema-graph\">{\"@context\":\"https:\\\/\\\/schema.org\",\"@graph\":[{\"@type\":\"WebPage\",\"@id\":\"https:\\\/\\\/www.eshop.thermalpark.sk\\\/en\\\/product\\\/darcekove-balenie-vsetko-najlepsie\",\"url\":\"https:\\\/\\\/www.eshop.thermalpark.sk\\\/en\\\/product\\\/darcekove-balenie-vsetko-najlepsie\",\"name\":\"Gift wrapping (V\u0161etko najlep\u0161ie) - THERMALPARK E-SHOP\",\"isPartOf\":{\"@id\":\"https:\\\/\\\/www.eshop.thermalpark.sk\\\/#website\"},\"primaryImageOfPage\":{\"@id\":\"https:\\\/\\\/www.eshop.thermalpark.sk\\\/en\\\/product\\\/darcekove-balenie-vsetko-najlepsie#primaryimage\"},\"image\":{\"@id\":\"https:\\\/\\\/www.eshop.thermalpark.sk\\\/en\\\/product\\\/darcekove-balenie-vsetko-najlepsie#primaryimage\"},\"thumbnailUrl\":\"https:\\\/\\\/www.eshop.thermalpark.sk\\\/wp-content\\\/uploads\\\/2025\\\/07\\\/db-vsetko-najlepsie.jpg\",\"datePublished\":\"2025-07-09T08:03:49+00:00\",\"dateModified\":\"2025-07-11T10:13:12+00:00\",\"breadcrumb\":{\"@id\":\"https:\\\/\\\/www.eshop.thermalpark.sk\\\/en\\\/product\\\/darcekove-balenie-vsetko-najlepsie#breadcrumb\"},\"inLanguage\":\"en-US\",\"potentialAction\":[{\"@type\":\"ReadAction\",\"target\":[\"https:\\\/\\\/www.eshop.thermalpark.sk\\\/en\\\/product\\\/darcekove-balenie-vsetko-najlepsie\"]}]},{\"@type\":\"ImageObject\",\"inLanguage\":\"en-US\",\"@id\":\"https:\\\/\\\/www.eshop.thermalpark.sk\\\/en\\\/product\\\/darcekove-balenie-vsetko-najlepsie#primaryimage\",\"url\":\"https:\\\/\\\/www.eshop.thermalpark.sk\\\/wp-content\\\/uploads\\\/2025\\\/07\\\/db-vsetko-najlepsie.jpg\",\"contentUrl\":\"https:\\\/\\\/www.eshop.thermalpark.sk\\\/wp-content\\\/uploads\\\/2025\\\/07\\\/db-vsetko-najlepsie.jpg\",\"width\":1024,\"height\":768},{\"@type\":\"BreadcrumbList\",\"@id\":\"https:\\\/\\\/www.eshop.thermalpark.sk\\\/en\\\/product\\\/darcekove-balenie-vsetko-najlepsie#breadcrumb\",\"itemListElement\":[{\"@type\":\"ListItem\",\"position\":1,\"name\":\"Domovsk\u00e1 str\u00e1nka\",\"item\":\"https:\\\/\\\/www.eshop.thermalpark.sk\\\/en\"},{\"@type\":\"ListItem\",\"position\":2,\"name\":\"Shop\",\"item\":\"https:\\\/\\\/www.eshop.thermalpark.sk\\\/en\\\/shop\"},{\"@type\":\"ListItem\",\"position\":3,\"name\":\"Gift wrapping (V\u0161etko najlep\u0161ie)\"}]},{\"@type\":\"WebSite\",\"@id\":\"https:\\\/\\\/www.eshop.thermalpark.sk\\\/#website\",\"url\":\"https:\\\/\\\/www.eshop.thermalpark.sk\\\/\",\"name\":\"THERMALPARK E-SHOP\",\"description\":\"\",\"publisher\":{\"@id\":\"https:\\\/\\\/www.eshop.thermalpark.sk\\\/#organization\"},\"potentialAction\":[{\"@type\":\"SearchAction\",\"target\":{\"@type\":\"EntryPoint\",\"urlTemplate\":\"https:\\\/\\\/www.eshop.thermalpark.sk\\\/?s={search_term_string}\"},\"query-input\":{\"@type\":\"PropertyValueSpecification\",\"valueRequired\":true,\"valueName\":\"search_term_string\"}}],\"inLanguage\":\"en-US\"},{\"@type\":\"Organization\",\"@id\":\"https:\\\/\\\/www.eshop.thermalpark.sk\\\/#organization\",\"name\":\"THERMALPARK DS, a.s.\",\"url\":\"https:\\\/\\\/www.eshop.thermalpark.sk\\\/\",\"logo\":{\"@type\":\"ImageObject\",\"inLanguage\":\"en-US\",\"@id\":\"https:\\\/\\\/www.eshop.thermalpark.sk\\\/#\\\/schema\\\/logo\\\/image\\\/\",\"url\":\"https:\\\/\\\/www.eshop.thermalpark.sk\\\/wp-content\\\/uploads\\\/2025\\\/03\\\/cropped-thermalpark-logo3.png\",\"contentUrl\":\"https:\\\/\\\/www.eshop.thermalpark.sk\\\/wp-content\\\/uploads\\\/2025\\\/03\\\/cropped-thermalpark-logo3.png\",\"width\":1567,\"height\":411,\"caption\":\"THERMALPARK DS, a.s.\"},\"image\":{\"@id\":\"https:\\\/\\\/www.eshop.thermalpark.sk\\\/#\\\/schema\\\/logo\\\/image\\\/\"},\"sameAs\":[\"https:\\\/\\\/www.facebook.com\\\/ThermalparkDS\"]}]}<\/script>\n<!-- \/ Yoast SEO plugin. -->","yoast_head_json":{"title":"Gift wrapping (V\u0161etko najlep\u0161ie) - THERMALPARK E-SHOP","robots":{"index":"index","follow":"follow","max-snippet":"max-snippet:-1","max-image-preview":"max-image-preview:large","max-video-preview":"max-video-preview:-1"},"canonical":"https:\/\/www.eshop.thermalpark.sk\/en\/product\/darcekove-balenie-vsetko-najlepsie","og_locale":"en_US","og_type":"article","og_title":"Gift wrapping (V\u0161etko najlep\u0161ie) - THERMALPARK E-SHOP","og_description":"The \"V\u0161etko najlep\u0161ie\" gift pack is the perfect way to wish happiness and success with Thermalpark Dunajsk\u00e1 Streda vouchers or gift cards. With an elegant design and personalised message, this package is perfect for any celebration, while bringing the recipient a pleasant relaxation in the thermal spa.","og_url":"https:\/\/www.eshop.thermalpark.sk\/en\/product\/darcekove-balenie-vsetko-najlepsie","og_site_name":"THERMALPARK E-SHOP","article_publisher":"https:\/\/www.facebook.com\/ThermalparkDS","article_modified_time":"2025-07-11T10:13:12+00:00","og_image":[{"width":1024,"height":768,"url":"https:\/\/www.eshop.thermalpark.sk\/wp-content\/uploads\/2025\/07\/db-vsetko-najlepsie.jpg","type":"image\/jpeg"}],"twitter_card":"summary_large_image","schema":{"@context":"https:\/\/schema.org","@graph":[{"@type":"WebPage","@id":"https:\/\/www.eshop.thermalpark.sk\/en\/product\/darcekove-balenie-vsetko-najlepsie","url":"https:\/\/www.eshop.thermalpark.sk\/en\/product\/darcekove-balenie-vsetko-najlepsie","name":"Gift wrapping (V\u0161etko najlep\u0161ie) - THERMALPARK E-SHOP","isPartOf":{"@id":"https:\/\/www.eshop.thermalpark.sk\/#website"},"primaryImageOfPage":{"@id":"https:\/\/www.eshop.thermalpark.sk\/en\/product\/darcekove-balenie-vsetko-najlepsie#primaryimage"},"image":{"@id":"https:\/\/www.eshop.thermalpark.sk\/en\/product\/darcekove-balenie-vsetko-najlepsie#primaryimage"},"thumbnailUrl":"https:\/\/www.eshop.thermalpark.sk\/wp-content\/uploads\/2025\/07\/db-vsetko-najlepsie.jpg","datePublished":"2025-07-09T08:03:49+00:00","dateModified":"2025-07-11T10:13:12+00:00","breadcrumb":{"@id":"https:\/\/www.eshop.thermalpark.sk\/en\/product\/darcekove-balenie-vsetko-najlepsie#breadcrumb"},"inLanguage":"en-US","potentialAction":[{"@type":"ReadAction","target":["https:\/\/www.eshop.thermalpark.sk\/en\/product\/darcekove-balenie-vsetko-najlepsie"]}]},{"@type":"ImageObject","inLanguage":"en-US","@id":"https:\/\/www.eshop.thermalpark.sk\/en\/product\/darcekove-balenie-vsetko-najlepsie#primaryimage","url":"https:\/\/www.eshop.thermalpark.sk\/wp-content\/uploads\/2025\/07\/db-vsetko-najlepsie.jpg","contentUrl":"https:\/\/www.eshop.thermalpark.sk\/wp-content\/uploads\/2025\/07\/db-vsetko-najlepsie.jpg","width":1024,"height":768},{"@type":"BreadcrumbList","@id":"https:\/\/www.eshop.thermalpark.sk\/en\/product\/darcekove-balenie-vsetko-najlepsie#breadcrumb","itemListElement":[{"@type":"ListItem","position":1,"name":"Domovsk\u00e1 str\u00e1nka","item":"https:\/\/www.eshop.thermalpark.sk\/en"},{"@type":"ListItem","position":2,"name":"Shop","item":"https:\/\/www.eshop.thermalpark.sk\/en\/shop"},{"@type":"ListItem","position":3,"name":"Gift wrapping (V\u0161etko najlep\u0161ie)"}]},{"@type":"WebSite","@id":"https:\/\/www.eshop.thermalpark.sk\/#website","url":"https:\/\/www.eshop.thermalpark.sk\/","name":"THERMALPARK E-SHOP","description":"","publisher":{"@id":"https:\/\/www.eshop.thermalpark.sk\/#organization"},"potentialAction":[{"@type":"SearchAction","target":{"@type":"EntryPoint","urlTemplate":"https:\/\/www.eshop.thermalpark.sk\/?s={search_term_string}"},"query-input":{"@type":"PropertyValueSpecification","valueRequired":true,"valueName":"search_term_string"}}],"inLanguage":"en-US"},{"@type":"Organization","@id":"https:\/\/www.eshop.thermalpark.sk\/#organization","name":"THERMALPARK DS, a.s.","url":"https:\/\/www.eshop.thermalpark.sk\/","logo":{"@type":"ImageObject","inLanguage":"en-US","@id":"https:\/\/www.eshop.thermalpark.sk\/#\/schema\/logo\/image\/","url":"https:\/\/www.eshop.thermalpark.sk\/wp-content\/uploads\/2025\/03\/cropped-thermalpark-logo3.png","contentUrl":"https:\/\/www.eshop.thermalpark.sk\/wp-content\/uploads\/2025\/03\/cropped-thermalpark-logo3.png","width":1567,"height":411,"caption":"THERMALPARK DS, a.s."},"image":{"@id":"https:\/\/www.eshop.thermalpark.sk\/#\/schema\/logo\/image\/"},"sameAs":["https:\/\/www.facebook.com\/ThermalparkDS"]}]}},"spectra_custom_meta":{"_wpml_word_count":["110"],"_kas_generate_ticket":["no"],"_kas_ticket_items":[""],"_kas_ticket_validity_days":["0"],"_wc_average_rating":[0],"_wc_review_count":["0"],"_product_version":["9.9.5"],"_wpml_media_has_media":["1"],"_wcml_average_rating":[null],"_wcml_review_count":[null],"_wcml_rating_count":[null],"_thumbnail_id":["567"],"_product_image_gallery":[""],"astra-migrate-meta-layouts":["set"],"_last_translation_edit_mode":["translation-editor"],"_sku":["S0000004"],"_regular_price":["2"],"total_sales":["4"],"_tax_status":["taxable"],"_tax_class":[""],"_manage_stock":["no"],"_backorders":["no"],"_sold_individually":["no"],"_virtual":["no"],"_downloadable":["no"],"_download_limit":["-1"],"_download_expiry":["-1"],"_stock_status":["instock"],"_price":["2"],"site-sidebar-layout":["default"],"ast-site-content-layout":["default"],"site-content-style":["default"],"site-sidebar-style":["default"],"theme-transparent-header-meta":["default"],"stick-header-meta":["default"],"_wpml_media_duplicate":["1"],"_wpml_media_featured":["1"],"_downloadable_files":[""],"_crosssell_ids":["a:0:{}"],"_top_nav_excluded":[""],"_cms_nav_minihome":[""],"_uag_css_file_name":["uag-css-1244.css"],"_uag_page_assets":["a:9:{s:3:\"css\";s:0:\"\";s:2:\"js\";s:0:\"\";s:18:\"current_block_list\";a:8:{i:0;s:11:\"core\/search\";i:1;s:10:\"core\/group\";i:2;s:12:\"core\/heading\";i:3;s:17:\"core\/latest-posts\";i:4;s:20:\"core\/latest-comments\";i:5;s:13:\"core\/archives\";i:6;s:15:\"core\/categories\";i:7;s:14:\"core\/paragraph\";}s:8:\"uag_flag\";b:0;s:11:\"uag_version\";s:10:\"1778247959\";s:6:\"gfonts\";a:0:{}s:10:\"gfonts_url\";s:0:\"\";s:12:\"gfonts_files\";a:0:{}s:14:\"uag_faq_layout\";b:0;}"],"_wc_rating_count":[""]},"uagb_featured_image_src":{"full":["https:\/\/www.eshop.thermalpark.sk\/wp-content\/uploads\/2025\/07\/db-vsetko-najlepsie.jpg",1024,768,false],"thumbnail":["https:\/\/www.eshop.thermalpark.sk\/wp-content\/uploads\/2025\/07\/db-vsetko-najlepsie-150x150.jpg",150,150,true],"medium":["https:\/\/www.eshop.thermalpark.sk\/wp-content\/uploads\/2025\/07\/db-vsetko-najlepsie-300x225.jpg",300,225,true],"medium_large":["https:\/\/www.eshop.thermalpark.sk\/wp-content\/uploads\/2025\/07\/db-vsetko-najlepsie-768x576.jpg",768,576,true],"large":["https:\/\/www.eshop.thermalpark.sk\/wp-content\/uploads\/2025\/07\/db-vsetko-najlepsie.jpg",1024,768,false],"1536x1536":["https:\/\/www.eshop.thermalpark.sk\/wp-content\/uploads\/2025\/07\/db-vsetko-najlepsie.jpg",1024,768,false],"2048x2048":["https:\/\/www.eshop.thermalpark.sk\/wp-content\/uploads\/2025\/07\/db-vsetko-najlepsie.jpg",1024,768,false],"woocommerce_thumbnail":["https:\/\/www.eshop.thermalpark.sk\/wp-content\/uploads\/2025\/07\/db-vsetko-najlepsie.jpg",1024,768,false],"woocommerce_single":["https:\/\/www.eshop.thermalpark.sk\/wp-content\/uploads\/2025\/07\/db-vsetko-najlepsie.jpg",1024,768,false],"woocommerce_gallery_thumbnail":["https:\/\/www.eshop.thermalpark.sk\/wp-content\/uploads\/2025\/07\/db-vsetko-najlepsie-100x100.jpg",100,100,true]},"uagb_author_info":{"display_name":"Attila Simon","author_link":"https:\/\/www.eshop.thermalpark.sk\/en\/archives\/author"},"uagb_comment_info":0,"uagb_excerpt":"The \"V\u0161etko najlep\u0161ie\" gift pack is the perfect way to wish happiness and success with Thermalpark Dunajsk\u00e1 Streda vouchers or gift cards. With an elegant design and personalised message, this package is perfect for any celebration, while bringing the recipient a pleasant relaxation in the thermal spa.","_links":{"self":[{"href":"https:\/\/www.eshop.thermalpark.sk\/en\/wp-json\/wp\/v2\/product\/1244","targetHints":{"allow":["GET"]}}],"collection":[{"href":"https:\/\/www.eshop.thermalpark.sk\/en\/wp-json\/wp\/v2\/product"}],"about":[{"href":"https:\/\/www.eshop.thermalpark.sk\/en\/wp-json\/wp\/v2\/types\/product"}],"wp:featuredmedia":[{"embeddable":true,"href":"https:\/\/www.eshop.thermalpark.sk\/en\/wp-json\/wp\/v2\/media\/567"}],"wp:attachment":[{"href":"https:\/\/www.eshop.thermalpark.sk\/en\/wp-json\/wp\/v2\/media?parent=1244"}],"wp:term":[{"taxonomy":"product_brand","embeddable":true,"href":"https:\/\/www.eshop.thermalpark.sk\/en\/wp-json\/wp\/v2\/product_brand?post=1244"},{"taxonomy":"product_cat","embeddable":true,"href":"https:\/\/www.eshop.thermalpark.sk\/en\/wp-json\/wp\/v2\/product_cat?post=1244"},{"taxonomy":"product_tag","embeddable":true,"href":"https:\/\/www.eshop.thermalpark.sk\/en\/wp-json\/wp\/v2\/product_tag?post=1244"}],"curies":[{"name":"wp","href":"https:\/\/api.w.org\/{rel}","templated":true}]}}